{"id":1651,"date":"2018-05-25T13:54:10","date_gmt":"2018-05-25T11:54:10","guid":{"rendered":"http:\/\/projectes.fundesplai.org\/canals\/?page_id=1651"},"modified":"2018-05-25T13:54:10","modified_gmt":"2018-05-25T11:54:10","slug":"politica-de-privadesa","status":"publish","type":"page","link":"https:\/\/projectes.fundesplai.org\/canals\/politica-de-privadesa\/","title":{"rendered":"Pol\u00edtica de privadesa"},"content":{"rendered":"<h3><strong>PROTECCI\u00d3 DE DADES DE CAR\u00c0CTER PERSONAL:<\/strong><\/h3>\n<p>La confidencialitat de les teves dades personals \u00e9s un aspecte fonamental per a la Fundaci\u00f3 Catalana de L&#8217;Esplai i entitats vinculades.<\/p>\n<p>Al fer \u00fas d&#8217;aquesta web i dels serveis que en ella s&#8217;ofereixen, l&#8217;usuari accepta quedar vinculat a les condicions de la present Pol\u00edtica.<\/p>\n<p>En cas de dubte en relaci\u00f3 amb la present Pol\u00edtica de Privacitat, no dubtis a contactar amb nosaltres adre\u00e7ant-te a la Fundaci\u00f3 Catalana de L&#8217;Esplai, Carrer Riu Anoia 42-54, 08820 El Prat de Llobregat (Barcelona), o per correu electr\u00f2nic a l\u2019adre\u00e7a\u00a0<a href=\"mailto:dadespersonals@fundesplai.org.\">dadespersonals@fundesplai.org.<\/a><\/p>\n<p>Aquesta pol\u00edtica est\u00e0 dirigida a explicar com i per a quins prop\u00f2sits utilitzem la informaci\u00f3 proporcionada. A aquests efectes, preguem que llegeixis atentament aquesta Pol\u00edtica de Privacitat.<\/p>\n<h4><strong>Qui es el responsable?<\/strong><\/h4>\n<p>La Fundaci\u00f3 Catalana de l\u2019Esplai, amb C.I.F.: G-61096368.<\/p>\n<p>L\u2019entitat Fundaci\u00f3 Catalana de l\u2019Esplai \u00e9s la titular d\u2019aquest lloc web.<\/p>\n<h4><strong>Com hem obtingut les teves dades personals?<\/strong><\/h4>\n<p>Hem obtingut les teves dades de car\u00e0cter personal a trav\u00e9s de les relacions pr\u00e8vies o actuals que has mantingut o mantens amb FUNDESPLAI: com a receptor dels nostres serveis, com a participant de les nostres campanyes, com a donant o b\u00e9 que ens hagis sol\u00b7licitat informaci\u00f3 sobre els serveis, les activitats i campanyes de FUNDESPLAI.<\/p>\n<p>FUNDESPLAI est\u00e0 legitimada per recollir les teves dades com a conseq\u00fc\u00e8ncia de les obligacions contractuals de l\u2019esmentada relaci\u00f3. Aquestes dades s\u00f3n les adequades per a les finalitats que es descriuen en el seg\u00fcent punt.<\/p>\n<p>Tindr\u00e0s dret a retirar el teu consentiment en qualsevol moment mitjan\u00e7ant correu electr\u00f2nic a l\u2019adre\u00e7a\u00a0<a href=\"mailto:dadespersonals@fundesplai.org.\">dadespersonals@fundesplai.org.<\/a>\u00a0La retirada del consentiment no afectar\u00e0 a la licitud del tractament basada en el consentiment previ a la seva retirada, i tindr\u00e0 com a conseq\u00fc\u00e8ncia la impossibilitat de mantenir la relaci\u00f3 o la prestaci\u00f3 del servei, en el seu cas.<\/p>\n<h4><strong>Amb quina finalitat tractem les teves dades i fins quan?<\/strong><\/h4>\n<p>La informaci\u00f3 que ens has facilitat o puguis facilitar-nos en el futur s\u2019utilitza estrictament per als seg\u00fcents prop\u00f2sits, segons correspongui:<\/p>\n<ul>\n<li>Processar les teves consultes i\/o sol\u00b7licituds;<\/li>\n<li>Verificar la teva identitat;<\/li>\n<li>Enviar-te els nostres Butlletins o altres informacions relacionades amb les activitats i serveis de FUNDESPLAI, i d&#8217;altres relacionades amb els sectors de la formaci\u00f3, lleure i ONG.<\/li>\n<\/ul>\n<p>Conservarem les dades proporcionades mentre duri la nostra relaci\u00f3, fins el moment que revoquis el consentiment atorgat, durant els anys necessaris per a complir amb les obligacions legals.<\/p>\n<p>Posteriorment les dades recollides seran destru\u00efdes amb garanties de privacitat.<\/p>\n<h4><strong>A qui podem facilitar les teves dades i per quin motiu?<\/strong><\/h4>\n<p>Les teves dades podran ser cedides als seg\u00fcents destinataris amb els motius que es consignen:<\/p>\n<ul>\n<li>Prove\u00efdors que precisin accedir a les dades per la prestaci\u00f3 de serveis que FUNDESPLAI els hagi contractat: empreses prestadores de serveis de IT i assessorament, prove\u00efdors de serveis de pagament i ag\u00e8ncies de refer\u00e8ncia de cr\u00e8dit, tercers que ens ajuden a proporcionar serveis digitals i de comer\u00e7 electr\u00f2nic,\u00a0 de m\u00e0rqueting \u00a0i campanyes que ens ajudin a promocionar els nostres serveis i tercers que realitzen treballs d\u2019estad\u00edstica. FUNDESPLAI t\u00e9 subscrits amb tots ells els contractes de confidencialitat i de tractament de dades personals exigits per la normativa de protecci\u00f3 de la privacitat.<\/li>\n<\/ul>\n<ul>\n<li>Administracions P\u00fabliques: pel compliment de les obligacions legals a que FUNDESPLAI est\u00e0 subjecta per la seva activitat.<\/li>\n<\/ul>\n<ul>\n<li>Terceres persones que, de forma raonable, necessitin tenir acc\u00e9s a les teves dades de car\u00e0cter personal per una o v\u00e0ries de les finalitats descrites.<\/li>\n<\/ul>\n<h4><strong>Quins son els teus<\/strong>\u00a0<strong>drets?<\/strong><\/h4>\n<p>Com a interessat directe, tens dret a obtenir confirmaci\u00f3 sobre si els responsables estem tractant dades personals que ens concerneixen, o no. Pots exercir el dret d\u2019acc\u00e9s, rectificaci\u00f3, supressi\u00f3 i portabilitat, limitaci\u00f3 i\/o oposici\u00f3 al tractament.<\/p>\n<p>Per exercitar els esmentats drets, pots dirigir-te mitjan\u00e7ant comunicaci\u00f3 escrita a la Fundaci\u00f3 Catalana de L&#8217;Esplai, Ref. Protecci\u00f3 de dades, Carrer Riu Anoia 42-54, 08820 El Prat de Llobregat (Barcelona), o b\u00e9 per correu electr\u00f2nic a\u00a0<a href=\"mailto:dadespersonals@fundesplai.org.\">dadespersonals@fundesplai.org.<\/a><\/p>\n<p>Per \u00faltim, et recordem el teu dret a interposar una reclamaci\u00f3 front l\u2019Ag\u00e8ncia Espanyola de Protecci\u00f3 de Dades en aquells sup\u00f2sits en que es produeixi una vulneraci\u00f3 de la normativa de protecci\u00f3 de dades aplicable.<\/p>\n<h3>I les cookies?<\/h3>\n<p>La Fundaci\u00f3 Catalana de L&#8217;Esplai poden utilitzar cookies quan un usuari navegui per la seva p\u00e0gina Web. Les cookies s\u00f3n fitxers enviats al navegador per mitj\u00e0 d&#8217;un servidor Web amb la finalitat d&#8217;enregistrar les activitats de l&#8217;usuari durant el temps de navegaci\u00f3. Les cookies utilitzades per la nostra Web s&#8217;associen exclusivament amb un usuari an\u00f2nim i al seu ordinador, i no proporcionen per si mateixes dades personals de l&#8217;usuari.<\/p>\n<p>Mitjan\u00e7ant la utilitzaci\u00f3 de cookies resulta possible que el servidor on es troba ubicada la nostra p\u00e0gina Web reconegui el navegador Web utilitzat per l&#8217;usuari amb la finalitat de millorar la navegaci\u00f3. En qualsevol cas l&#8217;usuari t\u00e9 la possibilitat de configurar el seu navegador per a ser avisat de la recepci\u00f3 de cookies i per impedir la seva instal\u00b7laci\u00f3 al seu equip.<\/p>\n<p>Per utilitzar aquesta p\u00e0gina Web no \u00e9s necessari que l&#8217;usuari permeti la instal\u00b7laci\u00f3 de les cookies enviades pel Web.<\/p>\n<p>Les cookies utilitzades en aquesta Web tenen, en qualsevol cas, car\u00e0cter temporal amb l&#8217;\u00fanica finalitat de fer m\u00e9s efectiva la transmissi\u00f3 ulterior. En cap cas seran utilitzades per a recollir informaci\u00f3 de caire personal.<\/p>\n<h4><strong>Enlla\u00e7os a altres p\u00e0gines web:<\/strong><\/h4>\n<p>No ens fem responsables de les pol\u00edtiques de privacitat d&#8217;altres p\u00e0gines Web encara que l&#8217;enlla\u00e7 hagi estat facilitat per la nostra pr\u00f2pia p\u00e0gina. Recomanem que llegeixis amb atenci\u00f3 la pol\u00edtica de cada p\u00e0gina per la que naveguis i et posis en contacte amb el propietari per a qualsevol dubte al respecte.<\/p>\n<p>Aix\u00ed mateix, si obtens l&#8217;enlla\u00e7 a la nostra p\u00e0gina Web a trav\u00e9s d&#8217;alguna Web aliena, no ens fem responsables de la pol\u00edtica de privacitat o pr\u00e0ctiques d&#8217;aquesta p\u00e0gina externa.<\/p>\n","protected":false},"excerpt":{"rendered":"<p>PROTECCI\u00d3 DE DADES DE CAR\u00c0CTER PERSONAL: La confidencialitat de les teves dades personals \u00e9s un aspecte fonamental per a la Fundaci\u00f3 Catalana de L&#8217;Esplai i entitats vinculades. Al fer \u00fas d&#8217;aquesta web i dels serveis que en ella s&#8217;ofereixen, l&#8217;usuari accepta quedar vinculat a les condicions de la present Pol\u00edtica. En cas de dubte en [&hellip;]<\/p>\n","protected":false},"author":5,"featured_media":0,"parent":0,"menu_order":0,"comment_status":"closed","ping_status":"closed","template":"","meta":{"_et_pb_use_builder":"","_et_pb_old_content":"","_et_gb_content_width":"","footnotes":""},"class_list":["post-1651","page","type-page","status-publish","hentry"],"yoast_head":"<!-- This site is optimized with the Yoast SEO plugin v27.6 - https:\/\/yoast.com\/product\/yoast-seo-wordpress\/ -->\n<title>Pol\u00edtica de privadesa - Canals Electr\u00f2nics<\/title>\n<meta name=\"robots\" content=\"noindex, follow, max-snippet:-1, max-image-preview:large, max-video-preview:-1\" \/>\n<meta property=\"og:locale\" content=\"ca_ES\" \/>\n<meta property=\"og:type\" content=\"article\" \/>\n<meta property=\"og:title\" content=\"Pol\u00edtica de privadesa - Canals Electr\u00f2nics\" \/>\n<meta property=\"og:description\" content=\"PROTECCI\u00d3 DE DADES DE CAR\u00c0CTER PERSONAL: La confidencialitat de les teves dades personals \u00e9s un aspecte fonamental per a la Fundaci\u00f3 Catalana de L&#8217;Esplai i entitats vinculades. Al fer \u00fas d&#8217;aquesta web i dels serveis que en ella s&#8217;ofereixen, l&#8217;usuari accepta quedar vinculat a les condicions de la present Pol\u00edtica. En cas de dubte en [&hellip;]\" \/>\n<meta property=\"og:url\" content=\"https:\/\/projectes.fundesplai.org\/canals\/politica-de-privadesa\/\" \/>\n<meta property=\"og:site_name\" content=\"Canals Electr\u00f2nics\" \/>\n<meta property=\"article:publisher\" content=\"https:\/\/www.facebook.com\/Fundesplai\/\" \/>\n<meta name=\"twitter:card\" content=\"summary_large_image\" \/>\n<meta name=\"twitter:site\" content=\"@fundesplai\" \/>\n<meta name=\"twitter:label1\" content=\"Temps estimat de lectura\" \/>\n\t<meta name=\"twitter:data1\" content=\"5 minuts\" \/>\n<script type=\"application\/ld+json\" class=\"yoast-schema-graph\">{\"@context\":\"https:\\\/\\\/schema.org\",\"@graph\":[{\"@type\":\"WebPage\",\"@id\":\"https:\\\/\\\/projectes.fundesplai.org\\\/canals\\\/politica-de-privadesa\\\/\",\"url\":\"https:\\\/\\\/projectes.fundesplai.org\\\/canals\\\/politica-de-privadesa\\\/\",\"name\":\"Pol\u00edtica de privadesa - Canals Electr\u00f2nics\",\"isPartOf\":{\"@id\":\"https:\\\/\\\/projectes.fundesplai.org\\\/canals\\\/#website\"},\"datePublished\":\"2018-05-25T11:54:10+00:00\",\"breadcrumb\":{\"@id\":\"https:\\\/\\\/projectes.fundesplai.org\\\/canals\\\/politica-de-privadesa\\\/#breadcrumb\"},\"inLanguage\":\"ca\",\"potentialAction\":[{\"@type\":\"ReadAction\",\"target\":[\"https:\\\/\\\/projectes.fundesplai.org\\\/canals\\\/politica-de-privadesa\\\/\"]}]},{\"@type\":\"BreadcrumbList\",\"@id\":\"https:\\\/\\\/projectes.fundesplai.org\\\/canals\\\/politica-de-privadesa\\\/#breadcrumb\",\"itemListElement\":[{\"@type\":\"ListItem\",\"position\":1,\"name\":\"Inici\",\"item\":\"https:\\\/\\\/projectes.fundesplai.org\\\/canals\\\/\"},{\"@type\":\"ListItem\",\"position\":2,\"name\":\"Pol\u00edtica de privadesa\"}]},{\"@type\":\"WebSite\",\"@id\":\"https:\\\/\\\/projectes.fundesplai.org\\\/canals\\\/#website\",\"url\":\"https:\\\/\\\/projectes.fundesplai.org\\\/canals\\\/\",\"name\":\"Blogs de Fundesplai\",\"description\":\"Un projecte de la Fundaci\u00f3 Catalana de l\\\\&#039;Esplai\",\"publisher\":{\"@id\":\"https:\\\/\\\/projectes.fundesplai.org\\\/canals\\\/#organization\"},\"potentialAction\":[{\"@type\":\"SearchAction\",\"target\":{\"@type\":\"EntryPoint\",\"urlTemplate\":\"https:\\\/\\\/projectes.fundesplai.org\\\/canals\\\/?s={search_term_string}\"},\"query-input\":{\"@type\":\"PropertyValueSpecification\",\"valueRequired\":true,\"valueName\":\"search_term_string\"}}],\"inLanguage\":\"ca\"},{\"@type\":\"Organization\",\"@id\":\"https:\\\/\\\/projectes.fundesplai.org\\\/canals\\\/#organization\",\"name\":\"Fundesplai\",\"url\":\"https:\\\/\\\/projectes.fundesplai.org\\\/canals\\\/\",\"logo\":{\"@type\":\"ImageObject\",\"inLanguage\":\"ca\",\"@id\":\"https:\\\/\\\/projectes.fundesplai.org\\\/canals\\\/#\\\/schema\\\/logo\\\/image\\\/\",\"url\":\"https:\\\/\\\/projectes.fundesplai.org\\\/canals\\\/wp-content\\\/uploads\\\/sites\\\/44\\\/2018\\\/10\\\/Avatar_Fundesplai.jpg\",\"contentUrl\":\"https:\\\/\\\/projectes.fundesplai.org\\\/canals\\\/wp-content\\\/uploads\\\/sites\\\/44\\\/2018\\\/10\\\/Avatar_Fundesplai.jpg\",\"width\":510,\"height\":510,\"caption\":\"Fundesplai\"},\"image\":{\"@id\":\"https:\\\/\\\/projectes.fundesplai.org\\\/canals\\\/#\\\/schema\\\/logo\\\/image\\\/\"},\"sameAs\":[\"https:\\\/\\\/www.facebook.com\\\/Fundesplai\\\/\",\"https:\\\/\\\/x.com\\\/fundesplai\",\"https:\\\/\\\/www.instagram.com\\\/fundesplai\\\/\",\"https:\\\/\\\/www.linkedin.com\\\/company\\\/fundesplai\\\/\",\"https:\\\/\\\/www.pinterest.es\\\/fundesplai\",\"https:\\\/\\\/www.youtube.com\\\/user\\\/Fundacioesplai\"]}]}<\/script>\n<!-- \/ Yoast SEO plugin. -->","yoast_head_json":{"title":"Pol\u00edtica de privadesa - Canals Electr\u00f2nics","robots":{"index":"noindex","follow":"follow","max-snippet":"max-snippet:-1","max-image-preview":"max-image-preview:large","max-video-preview":"max-video-preview:-1"},"og_locale":"ca_ES","og_type":"article","og_title":"Pol\u00edtica de privadesa - Canals Electr\u00f2nics","og_description":"PROTECCI\u00d3 DE DADES DE CAR\u00c0CTER PERSONAL: La confidencialitat de les teves dades personals \u00e9s un aspecte fonamental per a la Fundaci\u00f3 Catalana de L&#8217;Esplai i entitats vinculades. Al fer \u00fas d&#8217;aquesta web i dels serveis que en ella s&#8217;ofereixen, l&#8217;usuari accepta quedar vinculat a les condicions de la present Pol\u00edtica. En cas de dubte en [&hellip;]","og_url":"https:\/\/projectes.fundesplai.org\/canals\/politica-de-privadesa\/","og_site_name":"Canals Electr\u00f2nics","article_publisher":"https:\/\/www.facebook.com\/Fundesplai\/","twitter_card":"summary_large_image","twitter_site":"@fundesplai","twitter_misc":{"Temps estimat de lectura":"5 minuts"},"schema":{"@context":"https:\/\/schema.org","@graph":[{"@type":"WebPage","@id":"https:\/\/projectes.fundesplai.org\/canals\/politica-de-privadesa\/","url":"https:\/\/projectes.fundesplai.org\/canals\/politica-de-privadesa\/","name":"Pol\u00edtica de privadesa - Canals Electr\u00f2nics","isPartOf":{"@id":"https:\/\/projectes.fundesplai.org\/canals\/#website"},"datePublished":"2018-05-25T11:54:10+00:00","breadcrumb":{"@id":"https:\/\/projectes.fundesplai.org\/canals\/politica-de-privadesa\/#breadcrumb"},"inLanguage":"ca","potentialAction":[{"@type":"ReadAction","target":["https:\/\/projectes.fundesplai.org\/canals\/politica-de-privadesa\/"]}]},{"@type":"BreadcrumbList","@id":"https:\/\/projectes.fundesplai.org\/canals\/politica-de-privadesa\/#breadcrumb","itemListElement":[{"@type":"ListItem","position":1,"name":"Inici","item":"https:\/\/projectes.fundesplai.org\/canals\/"},{"@type":"ListItem","position":2,"name":"Pol\u00edtica de privadesa"}]},{"@type":"WebSite","@id":"https:\/\/projectes.fundesplai.org\/canals\/#website","url":"https:\/\/projectes.fundesplai.org\/canals\/","name":"Blogs de Fundesplai","description":"Un projecte de la Fundaci\u00f3 Catalana de l\\&#039;Esplai","publisher":{"@id":"https:\/\/projectes.fundesplai.org\/canals\/#organization"},"potentialAction":[{"@type":"SearchAction","target":{"@type":"EntryPoint","urlTemplate":"https:\/\/projectes.fundesplai.org\/canals\/?s={search_term_string}"},"query-input":{"@type":"PropertyValueSpecification","valueRequired":true,"valueName":"search_term_string"}}],"inLanguage":"ca"},{"@type":"Organization","@id":"https:\/\/projectes.fundesplai.org\/canals\/#organization","name":"Fundesplai","url":"https:\/\/projectes.fundesplai.org\/canals\/","logo":{"@type":"ImageObject","inLanguage":"ca","@id":"https:\/\/projectes.fundesplai.org\/canals\/#\/schema\/logo\/image\/","url":"https:\/\/projectes.fundesplai.org\/canals\/wp-content\/uploads\/sites\/44\/2018\/10\/Avatar_Fundesplai.jpg","contentUrl":"https:\/\/projectes.fundesplai.org\/canals\/wp-content\/uploads\/sites\/44\/2018\/10\/Avatar_Fundesplai.jpg","width":510,"height":510,"caption":"Fundesplai"},"image":{"@id":"https:\/\/projectes.fundesplai.org\/canals\/#\/schema\/logo\/image\/"},"sameAs":["https:\/\/www.facebook.com\/Fundesplai\/","https:\/\/x.com\/fundesplai","https:\/\/www.instagram.com\/fundesplai\/","https:\/\/www.linkedin.com\/company\/fundesplai\/","https:\/\/www.pinterest.es\/fundesplai","https:\/\/www.youtube.com\/user\/Fundacioesplai"]}]}},"_links":{"self":[{"href":"https:\/\/projectes.fundesplai.org\/canals\/wp-json\/wp\/v2\/pages\/1651","targetHints":{"allow":["GET"]}}],"collection":[{"href":"https:\/\/projectes.fundesplai.org\/canals\/wp-json\/wp\/v2\/pages"}],"about":[{"href":"https:\/\/projectes.fundesplai.org\/canals\/wp-json\/wp\/v2\/types\/page"}],"author":[{"embeddable":true,"href":"https:\/\/projectes.fundesplai.org\/canals\/wp-json\/wp\/v2\/users\/5"}],"replies":[{"embeddable":true,"href":"https:\/\/projectes.fundesplai.org\/canals\/wp-json\/wp\/v2\/comments?post=1651"}],"version-history":[{"count":1,"href":"https:\/\/projectes.fundesplai.org\/canals\/wp-json\/wp\/v2\/pages\/1651\/revisions"}],"predecessor-version":[{"id":1652,"href":"https:\/\/projectes.fundesplai.org\/canals\/wp-json\/wp\/v2\/pages\/1651\/revisions\/1652"}],"wp:attachment":[{"href":"https:\/\/projectes.fundesplai.org\/canals\/wp-json\/wp\/v2\/media?parent=1651"}],"curies":[{"name":"wp","href":"https:\/\/api.w.org\/{rel}","templated":true}]}}