{"id":1885,"date":"2018-10-08T11:51:24","date_gmt":"2018-10-08T09:51:24","guid":{"rendered":"http:\/\/projectes.fundesplai.org\/canals\/?page_id=1885"},"modified":"2018-10-19T12:39:47","modified_gmt":"2018-10-19T10:39:47","slug":"jornada-de-suport-associatiu-2018","status":"publish","type":"page","link":"https:\/\/projectes.fundesplai.org\/canals\/jornada-de-suport-associatiu-2018\/","title":{"rendered":"Jornada de Suport Associatiu 2018"},"content":{"rendered":"<p>[et_pb_section bb_built=&#8221;1&#8243;][et_pb_row _builder_version=&#8221;3.15&#8243;][et_pb_column type=&#8221;4_4&#8243;][et_pb_image _builder_version=&#8221;3.15&#8243; src=&#8221;https:\/\/projectes.fundesplai.org\/canals\/wp-content\/uploads\/sites\/44\/2015\/05\/SuportAssociatiu_gran.jpg&#8221; background_color=&#8221;#0c71c3&#8243; force_fullwidth=&#8221;on&#8221; \/][\/et_pb_column][\/et_pb_row][et_pb_row _builder_version=&#8221;3.17.1&#8243; background_color=&#8221;#e02b20&#8243;][et_pb_column type=&#8221;4_4&#8243;][et_pb_text _builder_version=&#8221;3.17.1&#8243; text_font_size=&#8221;27px&#8221; text_font=&#8221;Trebuchet|500|||||||&#8221; text_letter_spacing=&#8221;1px&#8221; text_line_height=&#8221;1.5em&#8221; text_text_color=&#8221;#ffffff&#8221;]<\/p>\n<p style=\"text-align: center\"><strong>24\/10 &#8211; Jornada sobre protecci\u00f3 de dades per a associacions i fundacions\u00a0<\/strong><\/p>\n<p style=\"text-align: center\">CANVI DE LLOC! Es far\u00e0 al Centre d&#8217;Estudis Jur\u00eddics.\u00a0Carrer d&#8217;Ausi\u00e0s Marc, 40, Barcelona<\/p>\n<p>[\/et_pb_text][\/et_pb_column][\/et_pb_row][et_pb_row _builder_version=&#8221;3.15&#8243;][et_pb_column type=&#8221;4_4&#8243;][et_pb_image _builder_version=&#8221;3.15&#8243; src=&#8221;https:\/\/projectes.fundesplai.org\/canals\/wp-content\/uploads\/sites\/44\/2018\/10\/Jornada_APDCAT_Auditori-2.jpg&#8221; \/][\/et_pb_column][\/et_pb_row][et_pb_row _builder_version=&#8221;3.15&#8243;][et_pb_column type=&#8221;3_5&#8243;][et_pb_text _builder_version=&#8221;3.17.1&#8243; text_font=&#8221;Trebuchet||||||||&#8221;]<\/p>\n<p>A causa de <strong>l&#8217;\u00e8xit de la convocat\u00f2ria<\/strong>, hem canviat el lloc de la jornada per encabir totes les persones que s&#8217;han inscrit fins ara a una sala m\u00e9s gran. L&#8217;acte es far\u00e0 al <strong>Centre d&#8217;Estudis Jur\u00eddics (Carrer Ausi\u00e0s Marc, 40, Barcelona)<\/strong>. El dia i l&#8217;hora es mantenen. Ens veiem el 24\/10 a les 09.45h. Recordeu que les <strong>inscripcions continuen obertes<\/strong>!<\/p>\n<p><strong>Com arribar-hi<\/strong><\/p>\n<div class=\"col-xs-12\">\n<div class=\"cos_bloc basic_text_peq pd-15\">\n<ul>\n<li><strong>Metro<\/strong>: l\u00ednies L1-Urquinaona i L2-Tetuan.<\/li>\n<li><strong>Rodalies i Renfe<\/strong>: estacions Arc de Triomf i Pl. Catalunya.<\/li>\n<li><strong>Bus<\/strong>: l\u00ednies B24, B25, 19, 39, 40, 41, 42, 51, 55, 141.<\/li>\n<li><strong>Bicing<\/strong>: Ausi\u00e0s Marc amb Bruc, M\u00e9ndez N\u00fa\u00f1ez amb Trafalgar, Casp amb Pg. de Sant Joan.<\/li>\n<\/ul>\n<\/div>\n<\/div>\n<p>&nbsp;<\/p>\n<p>La jornada que organitza <strong>Suport Associatiu<\/strong> amb la col\u00b7laboraci\u00f3 de <strong>l&#8217;Autoritat Catalana de Protecci\u00f3 de Dades (APDCAT)<\/strong> repassar\u00e0 els <strong>aspectes pr\u00e0ctics<\/strong> que les <strong>associacions i fundacions<\/strong> han de tenir en compte per complir amb la <strong>Llei de protecci\u00f3 de dades<\/strong>.<\/p>\n<p>Expertes de l&#8217;APDCAT analitzaran les principals <strong>dificultats<\/strong> amb qu\u00e8 s&#8217;han trobat les entitats (<strong>AMPA, esportives, culturals, socials, ve\u00efnals<\/strong>&#8230;) des de l&#8217;entrada en vigor de la normativa. Oferiran diverses <strong>eines<\/strong> per solucionar els problemes m\u00e9s freq\u00fcents. L&#8217;assist\u00e8ncia \u00e9s <strong>gratu\u00efta<\/strong>. Les places s\u00f3n limitades i cal <strong>inscripci\u00f3<\/strong> pr\u00e8via.<\/p>\n<p><strong>Data<\/strong>: Dimecres 24 d&#8217;octubre, a les 09.45h.<br \/>\n<strong>Lloc<\/strong>: Sala d&#8217;actes del Centre d&#8217;Estudis Jur\u00eddics (carrer Ausi\u00e0s Marc, 40, Barcelona).<\/p>\n<p>&nbsp;<\/p>\n<p><strong>Programa:<\/strong><\/p>\n<ul style=\"list-style-type: square\">\n<li>09:45h &#8211; Acreditaci\u00f3 i lliurament de documentaci\u00f3.<\/li>\n<li>10:00h &#8211; Benvinguda.<\/li>\n<li>10:10-10:25 &#8211; <strong>Reptes de les entitats en temes de gesti\u00f3 a partir de les dades del Panor\u00e0mic<\/strong>, a c\u00e0rrec de Joaquim Sabater, president de l&#8217;Observatori del Tercer Sector (OTS).<\/li>\n<li>10:25h-11:45h &#8211; Pon\u00e8ncia: <strong>&#8220;Aspectes pr\u00e0ctics per a entitats sense \u00e0nim de lucre per complir amb la llei de protecci\u00f3 de dades&#8221;<\/strong>, a c\u00e0rrec de Joana Mar\u00ed, responsable d&#8217;avaluaci\u00f3 i estudis tecnol\u00f2gics de l&#8217;APDCAT, i de Gl\u00f2ria Freixa, responsable de registre de delegats de protecci\u00f3 de dades i de programes de formaci\u00f3 i cooperaci\u00f3 de l&#8217;APDCAT.<\/li>\n<li>11:45h-12:15h &#8211; Preguntes i cloenda.<\/li>\n<\/ul>\n<p>[\/et_pb_text][\/et_pb_column][et_pb_column type=&#8221;2_5&#8243;][et_pb_text _builder_version=&#8221;3.15&#8243; text_font=&#8221;Trebuchet||||||||&#8221; text_font_size=&#8221;22px&#8221;]<\/p>\n<p><strong>Inscriu-te a la jornada!<\/strong><\/p>\n<p>[\/et_pb_text][et_pb_code _builder_version=&#8221;3.15&#8243;][\/et_pb_code][\/et_pb_column][\/et_pb_row][et_pb_row _builder_version=&#8221;3.15&#8243;][et_pb_column type=&#8221;4_4&#8243;][et_pb_image _builder_version=&#8221;3.17.1&#8243; src=&#8221;https:\/\/projectes.fundesplai.org\/canals\/wp-content\/uploads\/sites\/44\/2018\/10\/mapa-centre-juridic.jpg&#8221; url=&#8221;https:\/\/goo.gl\/maps\/a5qgdeXfBJp&#8221; max_width=&#8221;65%&#8221; \/][\/et_pb_column][\/et_pb_row][et_pb_row _builder_version=&#8221;3.15&#8243;][et_pb_column type=&#8221;4_4&#8243;][et_pb_text _builder_version=&#8221;3.17.1&#8243; text_font=&#8221;Trebuchet||||||||&#8221;]<\/p>\n<p>Amb la col\u00b7laboraci\u00f3 de:<\/p>\n<p><a href=\"https:\/\/projectes.fundesplai.org\/canals\/wp-content\/uploads\/sites\/44\/2018\/10\/collaboracio.jpg\"><img loading=\"lazy\" decoding=\"async\" class=\"alignleft size-medium wp-image-1951\" src=\"https:\/\/projectes.fundesplai.org\/canals\/wp-content\/uploads\/sites\/44\/2018\/10\/collaboracio-300x88.jpg\" alt=\"\" width=\"300\" height=\"88\" srcset=\"https:\/\/projectes.fundesplai.org\/canals\/wp-content\/uploads\/sites\/44\/2018\/10\/collaboracio-300x88.jpg 300w, https:\/\/projectes.fundesplai.org\/canals\/wp-content\/uploads\/sites\/44\/2018\/10\/collaboracio-768x225.jpg 768w, https:\/\/projectes.fundesplai.org\/canals\/wp-content\/uploads\/sites\/44\/2018\/10\/collaboracio.jpg 961w\" sizes=\"auto, (max-width: 300px) 100vw, 300px\" \/><\/a><\/p>\n<p>[\/et_pb_text][\/et_pb_column][\/et_pb_row][et_pb_row][et_pb_column type=&#8221;4_4&#8243;][et_pb_text _builder_version=&#8221;3.15&#8243;]<\/p>\n<p>A l&#8217;efecte de l&#8217;establert en el Reglament (UE) 2016\/679 i la Llei 34\/2002, (LSSICE), l\u2019informem que les dades personals incloses en aquest correu electr\u00f2nic, formen part d&#8217;uns Fitxers titularitat de Fundaci\u00f3 Catalana de l\u2019Esplai i les Entitats vinculades, la finalitat de les quals \u00e9s gestionar les comunicacions i l\u2019enviament d\u2019informaci\u00f3 dels nostres serveis i activitats, sigui per la seva relaci\u00f3 pr\u00e8via o actual amb nosaltres. El tractament i conservaci\u00f3 d&#8217;aquestes dades es realitza amb confidencialitat, aplicant les corresponents mesures de seguretat i pel temps que duri la relaci\u00f3, fins el moment que revoqui el consentiment o, en defecte d&#8217;aix\u00f2, pel legalment establert. Les dades podran ser cedides a tercers prove\u00efdors de serveis del responsable i en els casos en qu\u00e8 existeixi una obligaci\u00f3 legal. No estan previstes transfer\u00e8ncies internacionals de les dades. La legitimaci\u00f3 per al tractament de les seves dades de car\u00e0cter personal deriva de les obligacions contractuals de l\u2019esmentada relaci\u00f3. Vost\u00e8, com a interessat directe, podr\u00e0, en tot moment, exercitar els drets d&#8217;acc\u00e9s, rectificaci\u00f3, supressi\u00f3, limitaci\u00f3 del tractament, portabilitat o oposici\u00f3 mitjan\u00e7ant un escrit, adjuntant el document acreditatiu de la seva identitat, dirigit a la Fundaci\u00f3 Catalana de l\u2019Esplai, amb C.I.F G 61096368 i domiciliada en C\/ Riu Anoia 42-54 \u2013 El Prat del Llobregat o a trav\u00e9s del correu electr\u00f2nic: <a href=\"https:\/\/projectes.fundesplai.org\/canals?mailpoet_router&amp;endpoint=track&amp;action=click&amp;data=WyIzIiwiN2ZiNWI2IiwiMjA3IiwiZWRlNDFjYWI2NzA3IixmYWxzZV0\">dadespersonals@fundesplai.org<\/a>. Aquest missatge de correu electr\u00f2nic est\u00e0 dirigit exclusivament al destinatari o destinataris indicats en el mateix. La informaci\u00f3\u00a0 que cont\u00e9 pot ser confidencial i\/o privada, pel que est\u00e0 totalment prohibida la seva difusi\u00f3 o reproducci\u00f3. Si vost\u00e8 no \u00e9s el destinatari d&#8217;aquest missatge, si us plau retorni\u2019l immediatament a l&#8217;adre\u00e7a d&#8217;enviament i destrueixi\u2019l.<\/p>\n<p>[\/et_pb_text][\/et_pb_column][\/et_pb_row][\/et_pb_section]<\/p>\n","protected":false},"excerpt":{"rendered":"<p>24\/10 &#8211; Jornada sobre protecci\u00f3 de dades per a associacions i fundacions\u00a0 CANVI DE LLOC! Es far\u00e0 al Centre d&#8217;Estudis Jur\u00eddics.\u00a0Carrer d&#8217;Ausi\u00e0s Marc, 40, Barcelona A causa de l&#8217;\u00e8xit de la convocat\u00f2ria, hem canviat el lloc de la jornada per encabir totes les persones que s&#8217;han inscrit fins ara a una sala m\u00e9s gran. L&#8217;acte [&hellip;]<\/p>\n","protected":false},"author":5,"featured_media":0,"parent":0,"menu_order":0,"comment_status":"closed","ping_status":"closed","template":"page-template-blank.php","meta":{"_et_pb_use_builder":"on","_et_pb_old_content":"<!-- wp:divi\/placeholder \/-->","_et_gb_content_width":"","footnotes":""},"class_list":["post-1885","page","type-page","status-publish","hentry"],"yoast_head":"<!-- This site is optimized with the Yoast SEO plugin v27.6 - https:\/\/yoast.com\/product\/yoast-seo-wordpress\/ -->\n<title>Jornada de Suport Associatiu 2018 - Canals Electr\u00f2nics Jornada protecci\u00f3 de dades<\/title>\n<meta name=\"description\" content=\"24\/10: Jornada sobre protecci\u00f3 de dades per a associacions i fundacions de Suport Associatiu amb la col\u00b7laboraci\u00f3 de l\u2019Autoritat Catalana de Protecci\u00f3 de Dades #RGPD #Protecci\u00f3DeDades Jornada de Suport Associatiu 2018\" \/>\n<meta name=\"robots\" content=\"noindex, follow, max-snippet:-1, max-image-preview:large, max-video-preview:-1\" \/>\n<meta property=\"og:locale\" content=\"ca_ES\" \/>\n<meta property=\"og:type\" content=\"article\" \/>\n<meta property=\"og:title\" content=\"Jornada sobre protecci\u00f3 de dades per a associacions i fundacions\" \/>\n<meta property=\"og:description\" content=\"24\/10: Jornada sobre protecci\u00f3 de dades per a associacions i fundacions de Suport Associatiu amb la col\u00b7laboraci\u00f3 de l\u2019Autoritat Catalana de Protecci\u00f3 de Dades #RGPD #Protecci\u00f3DeDades\" \/>\n<meta property=\"og:url\" content=\"https:\/\/projectes.fundesplai.org\/canals\/jornada-de-suport-associatiu-2018\/\" \/>\n<meta property=\"og:site_name\" content=\"Canals Electr\u00f2nics\" \/>\n<meta property=\"article:publisher\" content=\"https:\/\/www.facebook.com\/Fundesplai\/\" \/>\n<meta property=\"article:modified_time\" content=\"2018-10-19T10:39:47+00:00\" \/>\n<meta property=\"og:image\" content=\"https:\/\/projectes.fundesplai.org\/canals\/wp-content\/uploads\/sites\/44\/2018\/10\/Jornada_APDCAT_Auditori-2.jpg\" \/>\n\t<meta property=\"og:image:width\" content=\"1022\" \/>\n\t<meta property=\"og:image:height\" content=\"320\" \/>\n\t<meta property=\"og:image:type\" content=\"image\/jpeg\" \/>\n<meta name=\"twitter:card\" content=\"summary_large_image\" \/>\n<meta name=\"twitter:title\" content=\"Jornada protecci\u00f3 de dades per a associacions i fundacions\" \/>\n<meta name=\"twitter:description\" content=\"24\/10: Jornada sobre protecci\u00f3 de dades per a associacions i fundacions de @suport_org amb la col\u00b7laboraci\u00f3 de l\u2019Autoritat Catalana de Protecci\u00f3 de Dades @apdcat #RGPD #Protecci\u00f3DeDades\" \/>\n<meta name=\"twitter:image\" content=\"https:\/\/projectes.fundesplai.org\/canals\/wp-content\/uploads\/sites\/44\/2018\/10\/Jornada_APDCAT_Auditori-2.jpg\" \/>\n<meta name=\"twitter:site\" content=\"@fundesplai\" \/>\n<meta name=\"twitter:label1\" content=\"Temps estimat de lectura\" \/>\n\t<meta name=\"twitter:data1\" content=\"5 minuts\" \/>\n<script type=\"application\/ld+json\" class=\"yoast-schema-graph\">{\"@context\":\"https:\\\/\\\/schema.org\",\"@graph\":[{\"@type\":\"WebPage\",\"@id\":\"https:\\\/\\\/projectes.fundesplai.org\\\/canals\\\/jornada-de-suport-associatiu-2018\\\/\",\"url\":\"https:\\\/\\\/projectes.fundesplai.org\\\/canals\\\/jornada-de-suport-associatiu-2018\\\/\",\"name\":\"Jornada de Suport Associatiu 2018 - Canals Electr\u00f2nics Jornada protecci\u00f3 de dades\",\"isPartOf\":{\"@id\":\"https:\\\/\\\/projectes.fundesplai.org\\\/canals\\\/#website\"},\"primaryImageOfPage\":{\"@id\":\"https:\\\/\\\/projectes.fundesplai.org\\\/canals\\\/jornada-de-suport-associatiu-2018\\\/#primaryimage\"},\"image\":{\"@id\":\"https:\\\/\\\/projectes.fundesplai.org\\\/canals\\\/jornada-de-suport-associatiu-2018\\\/#primaryimage\"},\"thumbnailUrl\":\"https:\\\/\\\/projectes.fundesplai.org\\\/canals\\\/wp-content\\\/uploads\\\/sites\\\/44\\\/2018\\\/10\\\/collaboracio-300x88.jpg\",\"datePublished\":\"2018-10-08T09:51:24+00:00\",\"dateModified\":\"2018-10-19T10:39:47+00:00\",\"description\":\"24\\\/10: Jornada sobre protecci\u00f3 de dades per a associacions i fundacions de Suport Associatiu amb la col\u00b7laboraci\u00f3 de l\u2019Autoritat Catalana de Protecci\u00f3 de Dades #RGPD #Protecci\u00f3DeDades Jornada de Suport Associatiu 2018\",\"breadcrumb\":{\"@id\":\"https:\\\/\\\/projectes.fundesplai.org\\\/canals\\\/jornada-de-suport-associatiu-2018\\\/#breadcrumb\"},\"inLanguage\":\"ca\",\"potentialAction\":[{\"@type\":\"ReadAction\",\"target\":[\"https:\\\/\\\/projectes.fundesplai.org\\\/canals\\\/jornada-de-suport-associatiu-2018\\\/\"]}]},{\"@type\":\"ImageObject\",\"inLanguage\":\"ca\",\"@id\":\"https:\\\/\\\/projectes.fundesplai.org\\\/canals\\\/jornada-de-suport-associatiu-2018\\\/#primaryimage\",\"url\":\"https:\\\/\\\/projectes.fundesplai.org\\\/canals\\\/wp-content\\\/uploads\\\/sites\\\/44\\\/2018\\\/10\\\/collaboracio.jpg\",\"contentUrl\":\"https:\\\/\\\/projectes.fundesplai.org\\\/canals\\\/wp-content\\\/uploads\\\/sites\\\/44\\\/2018\\\/10\\\/collaboracio.jpg\",\"width\":961,\"height\":281},{\"@type\":\"BreadcrumbList\",\"@id\":\"https:\\\/\\\/projectes.fundesplai.org\\\/canals\\\/jornada-de-suport-associatiu-2018\\\/#breadcrumb\",\"itemListElement\":[{\"@type\":\"ListItem\",\"position\":1,\"name\":\"Inici\",\"item\":\"https:\\\/\\\/projectes.fundesplai.org\\\/canals\\\/\"},{\"@type\":\"ListItem\",\"position\":2,\"name\":\"Jornada de Suport Associatiu 2018\"}]},{\"@type\":\"WebSite\",\"@id\":\"https:\\\/\\\/projectes.fundesplai.org\\\/canals\\\/#website\",\"url\":\"https:\\\/\\\/projectes.fundesplai.org\\\/canals\\\/\",\"name\":\"Blogs de Fundesplai\",\"description\":\"Un projecte de la Fundaci\u00f3 Catalana de l\\\\&#039;Esplai\",\"publisher\":{\"@id\":\"https:\\\/\\\/projectes.fundesplai.org\\\/canals\\\/#organization\"},\"potentialAction\":[{\"@type\":\"SearchAction\",\"target\":{\"@type\":\"EntryPoint\",\"urlTemplate\":\"https:\\\/\\\/projectes.fundesplai.org\\\/canals\\\/?s={search_term_string}\"},\"query-input\":{\"@type\":\"PropertyValueSpecification\",\"valueRequired\":true,\"valueName\":\"search_term_string\"}}],\"inLanguage\":\"ca\"},{\"@type\":\"Organization\",\"@id\":\"https:\\\/\\\/projectes.fundesplai.org\\\/canals\\\/#organization\",\"name\":\"Fundesplai\",\"url\":\"https:\\\/\\\/projectes.fundesplai.org\\\/canals\\\/\",\"logo\":{\"@type\":\"ImageObject\",\"inLanguage\":\"ca\",\"@id\":\"https:\\\/\\\/projectes.fundesplai.org\\\/canals\\\/#\\\/schema\\\/logo\\\/image\\\/\",\"url\":\"https:\\\/\\\/projectes.fundesplai.org\\\/canals\\\/wp-content\\\/uploads\\\/sites\\\/44\\\/2018\\\/10\\\/Avatar_Fundesplai.jpg\",\"contentUrl\":\"https:\\\/\\\/projectes.fundesplai.org\\\/canals\\\/wp-content\\\/uploads\\\/sites\\\/44\\\/2018\\\/10\\\/Avatar_Fundesplai.jpg\",\"width\":510,\"height\":510,\"caption\":\"Fundesplai\"},\"image\":{\"@id\":\"https:\\\/\\\/projectes.fundesplai.org\\\/canals\\\/#\\\/schema\\\/logo\\\/image\\\/\"},\"sameAs\":[\"https:\\\/\\\/www.facebook.com\\\/Fundesplai\\\/\",\"https:\\\/\\\/x.com\\\/fundesplai\",\"https:\\\/\\\/www.instagram.com\\\/fundesplai\\\/\",\"https:\\\/\\\/www.linkedin.com\\\/company\\\/fundesplai\\\/\",\"https:\\\/\\\/www.pinterest.es\\\/fundesplai\",\"https:\\\/\\\/www.youtube.com\\\/user\\\/Fundacioesplai\"]}]}<\/script>\n<!-- \/ Yoast SEO plugin. -->","yoast_head_json":{"title":"Jornada de Suport Associatiu 2018 - Canals Electr\u00f2nics Jornada protecci\u00f3 de dades","description":"24\/10: Jornada sobre protecci\u00f3 de dades per a associacions i fundacions de Suport Associatiu amb la col\u00b7laboraci\u00f3 de l\u2019Autoritat Catalana de Protecci\u00f3 de Dades #RGPD #Protecci\u00f3DeDades Jornada de Suport Associatiu 2018","robots":{"index":"noindex","follow":"follow","max-snippet":"max-snippet:-1","max-image-preview":"max-image-preview:large","max-video-preview":"max-video-preview:-1"},"og_locale":"ca_ES","og_type":"article","og_title":"Jornada sobre protecci\u00f3 de dades per a associacions i fundacions","og_description":"24\/10: Jornada sobre protecci\u00f3 de dades per a associacions i fundacions de Suport Associatiu amb la col\u00b7laboraci\u00f3 de l\u2019Autoritat Catalana de Protecci\u00f3 de Dades #RGPD #Protecci\u00f3DeDades","og_url":"https:\/\/projectes.fundesplai.org\/canals\/jornada-de-suport-associatiu-2018\/","og_site_name":"Canals Electr\u00f2nics","article_publisher":"https:\/\/www.facebook.com\/Fundesplai\/","article_modified_time":"2018-10-19T10:39:47+00:00","og_image":[{"width":1022,"height":320,"url":"https:\/\/projectes.fundesplai.org\/canals\/wp-content\/uploads\/sites\/44\/2018\/10\/Jornada_APDCAT_Auditori-2.jpg","type":"image\/jpeg"}],"twitter_card":"summary_large_image","twitter_title":"Jornada protecci\u00f3 de dades per a associacions i fundacions","twitter_description":"24\/10: Jornada sobre protecci\u00f3 de dades per a associacions i fundacions de @suport_org amb la col\u00b7laboraci\u00f3 de l\u2019Autoritat Catalana de Protecci\u00f3 de Dades @apdcat #RGPD #Protecci\u00f3DeDades","twitter_image":"https:\/\/projectes.fundesplai.org\/canals\/wp-content\/uploads\/sites\/44\/2018\/10\/Jornada_APDCAT_Auditori-2.jpg","twitter_site":"@fundesplai","twitter_misc":{"Temps estimat de lectura":"5 minuts"},"schema":{"@context":"https:\/\/schema.org","@graph":[{"@type":"WebPage","@id":"https:\/\/projectes.fundesplai.org\/canals\/jornada-de-suport-associatiu-2018\/","url":"https:\/\/projectes.fundesplai.org\/canals\/jornada-de-suport-associatiu-2018\/","name":"Jornada de Suport Associatiu 2018 - Canals Electr\u00f2nics Jornada protecci\u00f3 de dades","isPartOf":{"@id":"https:\/\/projectes.fundesplai.org\/canals\/#website"},"primaryImageOfPage":{"@id":"https:\/\/projectes.fundesplai.org\/canals\/jornada-de-suport-associatiu-2018\/#primaryimage"},"image":{"@id":"https:\/\/projectes.fundesplai.org\/canals\/jornada-de-suport-associatiu-2018\/#primaryimage"},"thumbnailUrl":"https:\/\/projectes.fundesplai.org\/canals\/wp-content\/uploads\/sites\/44\/2018\/10\/collaboracio-300x88.jpg","datePublished":"2018-10-08T09:51:24+00:00","dateModified":"2018-10-19T10:39:47+00:00","description":"24\/10: Jornada sobre protecci\u00f3 de dades per a associacions i fundacions de Suport Associatiu amb la col\u00b7laboraci\u00f3 de l\u2019Autoritat Catalana de Protecci\u00f3 de Dades #RGPD #Protecci\u00f3DeDades Jornada de Suport Associatiu 2018","breadcrumb":{"@id":"https:\/\/projectes.fundesplai.org\/canals\/jornada-de-suport-associatiu-2018\/#breadcrumb"},"inLanguage":"ca","potentialAction":[{"@type":"ReadAction","target":["https:\/\/projectes.fundesplai.org\/canals\/jornada-de-suport-associatiu-2018\/"]}]},{"@type":"ImageObject","inLanguage":"ca","@id":"https:\/\/projectes.fundesplai.org\/canals\/jornada-de-suport-associatiu-2018\/#primaryimage","url":"https:\/\/projectes.fundesplai.org\/canals\/wp-content\/uploads\/sites\/44\/2018\/10\/collaboracio.jpg","contentUrl":"https:\/\/projectes.fundesplai.org\/canals\/wp-content\/uploads\/sites\/44\/2018\/10\/collaboracio.jpg","width":961,"height":281},{"@type":"BreadcrumbList","@id":"https:\/\/projectes.fundesplai.org\/canals\/jornada-de-suport-associatiu-2018\/#breadcrumb","itemListElement":[{"@type":"ListItem","position":1,"name":"Inici","item":"https:\/\/projectes.fundesplai.org\/canals\/"},{"@type":"ListItem","position":2,"name":"Jornada de Suport Associatiu 2018"}]},{"@type":"WebSite","@id":"https:\/\/projectes.fundesplai.org\/canals\/#website","url":"https:\/\/projectes.fundesplai.org\/canals\/","name":"Blogs de Fundesplai","description":"Un projecte de la Fundaci\u00f3 Catalana de l\\&#039;Esplai","publisher":{"@id":"https:\/\/projectes.fundesplai.org\/canals\/#organization"},"potentialAction":[{"@type":"SearchAction","target":{"@type":"EntryPoint","urlTemplate":"https:\/\/projectes.fundesplai.org\/canals\/?s={search_term_string}"},"query-input":{"@type":"PropertyValueSpecification","valueRequired":true,"valueName":"search_term_string"}}],"inLanguage":"ca"},{"@type":"Organization","@id":"https:\/\/projectes.fundesplai.org\/canals\/#organization","name":"Fundesplai","url":"https:\/\/projectes.fundesplai.org\/canals\/","logo":{"@type":"ImageObject","inLanguage":"ca","@id":"https:\/\/projectes.fundesplai.org\/canals\/#\/schema\/logo\/image\/","url":"https:\/\/projectes.fundesplai.org\/canals\/wp-content\/uploads\/sites\/44\/2018\/10\/Avatar_Fundesplai.jpg","contentUrl":"https:\/\/projectes.fundesplai.org\/canals\/wp-content\/uploads\/sites\/44\/2018\/10\/Avatar_Fundesplai.jpg","width":510,"height":510,"caption":"Fundesplai"},"image":{"@id":"https:\/\/projectes.fundesplai.org\/canals\/#\/schema\/logo\/image\/"},"sameAs":["https:\/\/www.facebook.com\/Fundesplai\/","https:\/\/x.com\/fundesplai","https:\/\/www.instagram.com\/fundesplai\/","https:\/\/www.linkedin.com\/company\/fundesplai\/","https:\/\/www.pinterest.es\/fundesplai","https:\/\/www.youtube.com\/user\/Fundacioesplai"]}]}},"_links":{"self":[{"href":"https:\/\/projectes.fundesplai.org\/canals\/wp-json\/wp\/v2\/pages\/1885","targetHints":{"allow":["GET"]}}],"collection":[{"href":"https:\/\/projectes.fundesplai.org\/canals\/wp-json\/wp\/v2\/pages"}],"about":[{"href":"https:\/\/projectes.fundesplai.org\/canals\/wp-json\/wp\/v2\/types\/page"}],"author":[{"embeddable":true,"href":"https:\/\/projectes.fundesplai.org\/canals\/wp-json\/wp\/v2\/users\/5"}],"replies":[{"embeddable":true,"href":"https:\/\/projectes.fundesplai.org\/canals\/wp-json\/wp\/v2\/comments?post=1885"}],"version-history":[{"count":46,"href":"https:\/\/projectes.fundesplai.org\/canals\/wp-json\/wp\/v2\/pages\/1885\/revisions"}],"predecessor-version":[{"id":2165,"href":"https:\/\/projectes.fundesplai.org\/canals\/wp-json\/wp\/v2\/pages\/1885\/revisions\/2165"}],"wp:attachment":[{"href":"https:\/\/projectes.fundesplai.org\/canals\/wp-json\/wp\/v2\/media?parent=1885"}],"curies":[{"name":"wp","href":"https:\/\/api.w.org\/{rel}","templated":true}]}}