{"id":3712,"date":"2020-02-17T13:54:32","date_gmt":"2020-02-17T12:54:32","guid":{"rendered":"https:\/\/projectes.fundesplai.org\/canals\/?page_id=3712"},"modified":"2020-02-17T13:54:36","modified_gmt":"2020-02-17T12:54:36","slug":"federacio-confirmacio-assistencia-1a-pedra-complet","status":"publish","type":"page","link":"https:\/\/projectes.fundesplai.org\/canals\/federacio-confirmacio-assistencia-1a-pedra-complet\/","title":{"rendered":"Federaci\u00f3 Confirmaci\u00f3 assist\u00e8ncia 1a Pedra Complet"},"content":{"rendered":"<p>[et_pb_section fb_built=&#8221;1&#8243; _builder_version=&#8221;3.22&#8243;][et_pb_row _builder_version=&#8221;3.25&#8243; background_size=&#8221;initial&#8221; background_position=&#8221;top_left&#8221; background_repeat=&#8221;repeat&#8221;][et_pb_column type=&#8221;4_4&#8243; _builder_version=&#8221;3.25&#8243; custom_padding=&#8221;|||&#8221; custom_padding__hover=&#8221;|||&#8221;][et_pb_image src=&#8221;https:\/\/projectes.fundesplai.org\/canals\/wp-content\/uploads\/sites\/44\/2018\/11\/Fundesplai.jpg&#8221; _builder_version=&#8221;4.0.11&#8243;][\/et_pb_image][et_pb_text _builder_version=&#8221;4.0.11&#8243; background_size=&#8221;initial&#8221; background_position=&#8221;top_left&#8221; background_repeat=&#8221;repeat&#8221; hover_enabled=&#8221;0&#8243;]<\/p>\n\n<p>[\/et_pb_text][\/et_pb_column][\/et_pb_row][\/et_pb_section]<\/p>\n","protected":false},"excerpt":{"rendered":"\n","protected":false},"author":5,"featured_media":0,"parent":0,"menu_order":0,"comment_status":"closed","ping_status":"closed","template":"page-template-blank.php","meta":{"_et_pb_use_builder":"on","_et_pb_old_content":"","_et_gb_content_width":"","footnotes":""},"class_list":["post-3712","page","type-page","status-publish","hentry"],"yoast_head":"<!-- This site is optimized with the Yoast SEO plugin v27.5 - https:\/\/yoast.com\/product\/yoast-seo-wordpress\/ -->\n<title>Federaci\u00f3 Confirmaci\u00f3 assist\u00e8ncia 1a Pedra Complet - Canals Electr\u00f2nics<\/title>\n<meta name=\"robots\" content=\"noindex, follow, max-snippet:-1, max-image-preview:large, max-video-preview:-1\" \/>\n<meta property=\"og:locale\" content=\"ca_ES\" \/>\n<meta property=\"og:type\" content=\"article\" \/>\n<meta property=\"og:title\" content=\"Federaci\u00f3 Confirmaci\u00f3 assist\u00e8ncia 1a Pedra Complet - Canals Electr\u00f2nics\" \/>\n<meta property=\"og:url\" content=\"https:\/\/projectes.fundesplai.org\/canals\/federacio-confirmacio-assistencia-1a-pedra-complet\/\" \/>\n<meta property=\"og:site_name\" content=\"Canals Electr\u00f2nics\" \/>\n<meta property=\"article:publisher\" content=\"https:\/\/www.facebook.com\/Fundesplai\/\" \/>\n<meta property=\"article:modified_time\" content=\"2020-02-17T12:54:36+00:00\" \/>\n<meta name=\"twitter:card\" content=\"summary_large_image\" \/>\n<meta name=\"twitter:description\" content=\"[gravityform id=&quot;47&quot; title=&quot;true&quot; description=&quot;true&quot;]\" \/>\n<meta name=\"twitter:site\" content=\"@fundesplai\" \/>\n<script type=\"application\/ld+json\" class=\"yoast-schema-graph\">{\"@context\":\"https:\\\/\\\/schema.org\",\"@graph\":[{\"@type\":\"WebPage\",\"@id\":\"https:\\\/\\\/projectes.fundesplai.org\\\/canals\\\/federacio-confirmacio-assistencia-1a-pedra-complet\\\/\",\"url\":\"https:\\\/\\\/projectes.fundesplai.org\\\/canals\\\/federacio-confirmacio-assistencia-1a-pedra-complet\\\/\",\"name\":\"Federaci\u00f3 Confirmaci\u00f3 assist\u00e8ncia 1a Pedra Complet - Canals Electr\u00f2nics\",\"isPartOf\":{\"@id\":\"https:\\\/\\\/projectes.fundesplai.org\\\/canals\\\/#website\"},\"datePublished\":\"2020-02-17T12:54:32+00:00\",\"dateModified\":\"2020-02-17T12:54:36+00:00\",\"breadcrumb\":{\"@id\":\"https:\\\/\\\/projectes.fundesplai.org\\\/canals\\\/federacio-confirmacio-assistencia-1a-pedra-complet\\\/#breadcrumb\"},\"inLanguage\":\"ca\",\"potentialAction\":[{\"@type\":\"ReadAction\",\"target\":[\"https:\\\/\\\/projectes.fundesplai.org\\\/canals\\\/federacio-confirmacio-assistencia-1a-pedra-complet\\\/\"]}]},{\"@type\":\"BreadcrumbList\",\"@id\":\"https:\\\/\\\/projectes.fundesplai.org\\\/canals\\\/federacio-confirmacio-assistencia-1a-pedra-complet\\\/#breadcrumb\",\"itemListElement\":[{\"@type\":\"ListItem\",\"position\":1,\"name\":\"Inici\",\"item\":\"https:\\\/\\\/projectes.fundesplai.org\\\/canals\\\/\"},{\"@type\":\"ListItem\",\"position\":2,\"name\":\"Federaci\u00f3 Confirmaci\u00f3 assist\u00e8ncia 1a Pedra Complet\"}]},{\"@type\":\"WebSite\",\"@id\":\"https:\\\/\\\/projectes.fundesplai.org\\\/canals\\\/#website\",\"url\":\"https:\\\/\\\/projectes.fundesplai.org\\\/canals\\\/\",\"name\":\"Blogs de Fundesplai\",\"description\":\"Un projecte de la Fundaci\u00f3 Catalana de l\\\\&#039;Esplai\",\"publisher\":{\"@id\":\"https:\\\/\\\/projectes.fundesplai.org\\\/canals\\\/#organization\"},\"potentialAction\":[{\"@type\":\"SearchAction\",\"target\":{\"@type\":\"EntryPoint\",\"urlTemplate\":\"https:\\\/\\\/projectes.fundesplai.org\\\/canals\\\/?s={search_term_string}\"},\"query-input\":{\"@type\":\"PropertyValueSpecification\",\"valueRequired\":true,\"valueName\":\"search_term_string\"}}],\"inLanguage\":\"ca\"},{\"@type\":\"Organization\",\"@id\":\"https:\\\/\\\/projectes.fundesplai.org\\\/canals\\\/#organization\",\"name\":\"Fundesplai\",\"url\":\"https:\\\/\\\/projectes.fundesplai.org\\\/canals\\\/\",\"logo\":{\"@type\":\"ImageObject\",\"inLanguage\":\"ca\",\"@id\":\"https:\\\/\\\/projectes.fundesplai.org\\\/canals\\\/#\\\/schema\\\/logo\\\/image\\\/\",\"url\":\"https:\\\/\\\/projectes.fundesplai.org\\\/canals\\\/wp-content\\\/uploads\\\/sites\\\/44\\\/2018\\\/10\\\/Avatar_Fundesplai.jpg\",\"contentUrl\":\"https:\\\/\\\/projectes.fundesplai.org\\\/canals\\\/wp-content\\\/uploads\\\/sites\\\/44\\\/2018\\\/10\\\/Avatar_Fundesplai.jpg\",\"width\":510,\"height\":510,\"caption\":\"Fundesplai\"},\"image\":{\"@id\":\"https:\\\/\\\/projectes.fundesplai.org\\\/canals\\\/#\\\/schema\\\/logo\\\/image\\\/\"},\"sameAs\":[\"https:\\\/\\\/www.facebook.com\\\/Fundesplai\\\/\",\"https:\\\/\\\/x.com\\\/fundesplai\",\"https:\\\/\\\/www.instagram.com\\\/fundesplai\\\/\",\"https:\\\/\\\/www.linkedin.com\\\/company\\\/fundesplai\\\/\",\"https:\\\/\\\/www.pinterest.es\\\/fundesplai\",\"https:\\\/\\\/www.youtube.com\\\/user\\\/Fundacioesplai\"]}]}<\/script>\n<!-- \/ Yoast SEO plugin. -->","yoast_head_json":{"title":"Federaci\u00f3 Confirmaci\u00f3 assist\u00e8ncia 1a Pedra Complet - Canals Electr\u00f2nics","robots":{"index":"noindex","follow":"follow","max-snippet":"max-snippet:-1","max-image-preview":"max-image-preview:large","max-video-preview":"max-video-preview:-1"},"og_locale":"ca_ES","og_type":"article","og_title":"Federaci\u00f3 Confirmaci\u00f3 assist\u00e8ncia 1a Pedra Complet - Canals Electr\u00f2nics","og_url":"https:\/\/projectes.fundesplai.org\/canals\/federacio-confirmacio-assistencia-1a-pedra-complet\/","og_site_name":"Canals Electr\u00f2nics","article_publisher":"https:\/\/www.facebook.com\/Fundesplai\/","article_modified_time":"2020-02-17T12:54:36+00:00","twitter_card":"summary_large_image","twitter_description":"[gravityform id=\"47\" title=\"true\" description=\"true\"]","twitter_site":"@fundesplai","schema":{"@context":"https:\/\/schema.org","@graph":[{"@type":"WebPage","@id":"https:\/\/projectes.fundesplai.org\/canals\/federacio-confirmacio-assistencia-1a-pedra-complet\/","url":"https:\/\/projectes.fundesplai.org\/canals\/federacio-confirmacio-assistencia-1a-pedra-complet\/","name":"Federaci\u00f3 Confirmaci\u00f3 assist\u00e8ncia 1a Pedra Complet - Canals Electr\u00f2nics","isPartOf":{"@id":"https:\/\/projectes.fundesplai.org\/canals\/#website"},"datePublished":"2020-02-17T12:54:32+00:00","dateModified":"2020-02-17T12:54:36+00:00","breadcrumb":{"@id":"https:\/\/projectes.fundesplai.org\/canals\/federacio-confirmacio-assistencia-1a-pedra-complet\/#breadcrumb"},"inLanguage":"ca","potentialAction":[{"@type":"ReadAction","target":["https:\/\/projectes.fundesplai.org\/canals\/federacio-confirmacio-assistencia-1a-pedra-complet\/"]}]},{"@type":"BreadcrumbList","@id":"https:\/\/projectes.fundesplai.org\/canals\/federacio-confirmacio-assistencia-1a-pedra-complet\/#breadcrumb","itemListElement":[{"@type":"ListItem","position":1,"name":"Inici","item":"https:\/\/projectes.fundesplai.org\/canals\/"},{"@type":"ListItem","position":2,"name":"Federaci\u00f3 Confirmaci\u00f3 assist\u00e8ncia 1a Pedra Complet"}]},{"@type":"WebSite","@id":"https:\/\/projectes.fundesplai.org\/canals\/#website","url":"https:\/\/projectes.fundesplai.org\/canals\/","name":"Blogs de Fundesplai","description":"Un projecte de la Fundaci\u00f3 Catalana de l\\&#039;Esplai","publisher":{"@id":"https:\/\/projectes.fundesplai.org\/canals\/#organization"},"potentialAction":[{"@type":"SearchAction","target":{"@type":"EntryPoint","urlTemplate":"https:\/\/projectes.fundesplai.org\/canals\/?s={search_term_string}"},"query-input":{"@type":"PropertyValueSpecification","valueRequired":true,"valueName":"search_term_string"}}],"inLanguage":"ca"},{"@type":"Organization","@id":"https:\/\/projectes.fundesplai.org\/canals\/#organization","name":"Fundesplai","url":"https:\/\/projectes.fundesplai.org\/canals\/","logo":{"@type":"ImageObject","inLanguage":"ca","@id":"https:\/\/projectes.fundesplai.org\/canals\/#\/schema\/logo\/image\/","url":"https:\/\/projectes.fundesplai.org\/canals\/wp-content\/uploads\/sites\/44\/2018\/10\/Avatar_Fundesplai.jpg","contentUrl":"https:\/\/projectes.fundesplai.org\/canals\/wp-content\/uploads\/sites\/44\/2018\/10\/Avatar_Fundesplai.jpg","width":510,"height":510,"caption":"Fundesplai"},"image":{"@id":"https:\/\/projectes.fundesplai.org\/canals\/#\/schema\/logo\/image\/"},"sameAs":["https:\/\/www.facebook.com\/Fundesplai\/","https:\/\/x.com\/fundesplai","https:\/\/www.instagram.com\/fundesplai\/","https:\/\/www.linkedin.com\/company\/fundesplai\/","https:\/\/www.pinterest.es\/fundesplai","https:\/\/www.youtube.com\/user\/Fundacioesplai"]}]}},"_links":{"self":[{"href":"https:\/\/projectes.fundesplai.org\/canals\/wp-json\/wp\/v2\/pages\/3712","targetHints":{"allow":["GET"]}}],"collection":[{"href":"https:\/\/projectes.fundesplai.org\/canals\/wp-json\/wp\/v2\/pages"}],"about":[{"href":"https:\/\/projectes.fundesplai.org\/canals\/wp-json\/wp\/v2\/types\/page"}],"author":[{"embeddable":true,"href":"https:\/\/projectes.fundesplai.org\/canals\/wp-json\/wp\/v2\/users\/5"}],"replies":[{"embeddable":true,"href":"https:\/\/projectes.fundesplai.org\/canals\/wp-json\/wp\/v2\/comments?post=3712"}],"version-history":[{"count":4,"href":"https:\/\/projectes.fundesplai.org\/canals\/wp-json\/wp\/v2\/pages\/3712\/revisions"}],"predecessor-version":[{"id":3717,"href":"https:\/\/projectes.fundesplai.org\/canals\/wp-json\/wp\/v2\/pages\/3712\/revisions\/3717"}],"wp:attachment":[{"href":"https:\/\/projectes.fundesplai.org\/canals\/wp-json\/wp\/v2\/media?parent=3712"}],"curies":[{"name":"wp","href":"https:\/\/api.w.org\/{rel}","templated":true}]}}