{"id":4487,"date":"2021-01-24T21:11:40","date_gmt":"2021-01-24T20:11:40","guid":{"rendered":"https:\/\/projectes.fundesplai.org\/canals\/?page_id=4487"},"modified":"2021-01-24T22:07:49","modified_gmt":"2021-01-24T21:07:49","slug":"condol-per-la-mort-de-lucas-meira-fill-dadair-meira","status":"publish","type":"page","link":"https:\/\/projectes.fundesplai.org\/canals\/condol-per-la-mort-de-lucas-meira-fill-dadair-meira\/","title":{"rendered":"Condol per la mort de Lucas Meira, fill d\u2019Adair Meira"},"content":{"rendered":"<p>[et_pb_section fb_built=&#8221;1&#8243; _builder_version=&#8221;4.0.11&#8243;][et_pb_row column_structure=&#8221;1_5,3_5,1_5&#8243; _builder_version=&#8221;4.0.11&#8243;][et_pb_column type=&#8221;1_5&#8243; _builder_version=&#8221;4.0.11&#8243;][\/et_pb_column][et_pb_column type=&#8221;3_5&#8243; _builder_version=&#8221;4.0.11&#8243;][et_pb_image src=&#8221;https:\/\/projectes.fundesplai.org\/canals\/wp-content\/uploads\/sites\/44\/2015\/05\/header1.gif&#8221; admin_label=&#8221;Header Fundesplai&#8221; _builder_version=&#8221;4.7.7&#8243;][\/et_pb_image][et_pb_image src=&#8221;https:\/\/projectes.fundesplai.org\/canals\/wp-content\/uploads\/sites\/44\/2017\/11\/Header2_ComInterna.gif&#8221; title_text=&#8221;Header2_ComInterna&#8221; admin_label=&#8221;Header Canal Esplai Intern&#8221; _builder_version=&#8221;4.7.7&#8243;][\/et_pb_image][et_pb_text _builder_version=&#8221;4.7.7&#8243; hover_enabled=&#8221;0&#8243; sticky_enabled=&#8221;0&#8243;]<\/p>\n<h1 style=\"text-align: center;\"><strong>Condol per la mort de Lucas Meira, fill d\u2019Adair Meira<\/strong><\/h1>\n<p>[\/et_pb_text][et_pb_image src=&#8221;https:\/\/projectes.fundesplai.org\/canals\/wp-content\/uploads\/sites\/44\/2021\/01\/lucas-meira.jpg&#8221; title_text=&#8221;lucas-meira&#8221; _builder_version=&#8221;4.7.7&#8243; _module_preset=&#8221;default&#8221;][\/et_pb_image][et_pb_text _builder_version=&#8221;4.7.7&#8243; hover_enabled=&#8221;0&#8243; sticky_enabled=&#8221;0&#8243;]<\/p>\n<p>Des de Fundesplai estem commocionats per la trista not\u00edcia de la mort de Lucas Meira, fill del director de la Funda\u00e7ao Pr\u00f3-Cerrado del Brasil, Adair Meira.<\/p>\n<p>La mort s\u2019ha produ\u00eft avui mateix diumenge a causa d\u2019un accident aeri a Palmas, Brasil, en el qual tamb\u00e9 han perdut la vida el pilot i quatre integrants de l\u2019equip de futbol que Lucas presidia.<\/p>\n<p>Lucas Meira era una persona molt compromesa amb la joventut i els seus drets. Des de la Funda\u00e7ao Pr\u00f3-Cerrado, s\u00f2cia de la Lliga Iberoamericana al Brasil, havia donat un fort suport al VII Foro Iberoamericano Haciendo Pol\u00edtica Juntos a Bras\u00edlia, l&#8217;any 2016. A Catalunya vam poder compartir espais de treball i moments de conviv\u00e8ncia amb ell en el VIII Foro de Barcelona, l&#8217;any 2017.<\/p>\n<p>Igualment, en els darrers anys ha estat una persona que ha seguit molt de prop els projectes socials de futur de Fundesplai.<\/p>\n<p>Els qui vam poder con\u00e8ixer-lo sempre el tindrem en el record i en els nostres cors. Des de Fundesplai enviem el nostre m\u00e9s sincer condol a l\u2019Adair i a tota la seva fam\u00edlia, amistats i companys. Per a tots i totes, una emocionada abra\u00e7ada. I per al Lucas, un fort agra\u00efment per la seva contribuci\u00f3 a la igualtat social.<\/p>\n<p>Descansi en Pau.<\/p>\n<p>[\/et_pb_text][et_pb_divider color=&#8221;#437a40&#8243; divider_weight=&#8221;2px&#8221; _builder_version=&#8221;4.7.7&#8243; _module_preset=&#8221;default&#8221;][\/et_pb_divider][et_pb_text admin_label=&#8221;Disclaimer&#8221; _builder_version=&#8221;4.7.7&#8243; header_6_font=&#8221;|300|||||||&#8221; header_6_font_size=&#8221;10px&#8221; header_6_letter_spacing=&#8221;2px&#8221; header_6_line_height=&#8221;1.1em&#8221;]<\/p>\n<h6 style=\"text-align: center;\"><span style=\"color: #888888; font-family: Arial, Helvetica, sans-serif, Verdana; font-size: 10.6667px; text-align: left; background-color: #ffffff;\">CENTRE ESPLAI\u00a0<\/span><br \/><span style=\"color: #888888; font-family: Arial, Helvetica, sans-serif, Verdana; font-size: 10.6667px; text-align: left; background-color: #ffffff;\">Carrer Riu Anoia 42-54, 08820 El Prat de Llobregat\u00a0<\/span><br \/><span style=\"color: #888888; font-family: Arial, Helvetica, sans-serif, Verdana; font-size: 10.6667px; text-align: left; background-color: #ffffff;\">Tel.+34 93 474 74 74 Fax +34 93 474 74 75 fundacio@fundesplai.org<\/span><\/h6>\n<p>[\/et_pb_text][et_pb_divider color=&#8221;#437a40&#8243; divider_weight=&#8221;2px&#8221; _builder_version=&#8221;4.7.7&#8243; _module_preset=&#8221;default&#8221;][\/et_pb_divider][et_pb_text admin_label=&#8221;Disclaimer&#8221; _builder_version=&#8221;4.7.7&#8243; header_6_font=&#8221;|300|||||||&#8221; header_6_font_size=&#8221;10px&#8221; header_6_letter_spacing=&#8221;2px&#8221; header_6_line_height=&#8221;1.1em&#8221;]<\/p>\n<h6 style=\"text-align: justify;\"><span style=\"background-color: transparent;\">Aquest missatge de correu electr\u00f2nic est\u00e0 dirigit exclusivament al destinatari o destinataris indicats en el mateix. La informaci\u00f3 que cont\u00e9 pot ser confidencial i\/o privada, pel que est\u00e0 totalment prohibida la seva difusi\u00f3 o reproducci\u00f3. Si vost\u00e8 no \u00e9s el destinatari d&#8217;aquest missatge, si us plau retorni\u2019l immediatament a l&#8217;adre\u00e7a d&#8217;enviament i destrueixi\u2019l. L\u2019informem que la recollida i el tractament de les dades personals per part de la Fundaci\u00f3 Catalana de l\u2019Esplai est\u00e0 sotmesa a la nostra pol\u00edtica de privacitat. Vost\u00e8 podr\u00e0 exercitar els drets d&#8217;acc\u00e9s, rectificaci\u00f3, supressi\u00f3, limitaci\u00f3 del tractament, portabilitat o oposici\u00f3 mitjan\u00e7ant un escrit, adjuntant el document acreditatiu de la seva identitat, dirigit a la Fundaci\u00f3 Catalana de l\u2019Esplai, amb domicili al C\/ Riu Anoia 42-54 \u2013 El Prat del Llobregat o a trav\u00e9s del correu electr\u00f2nic: dadespersonals@fundesplai.org<\/span><span style=\"background-color: transparent;\">.<\/span><\/h6>\n<p>[\/et_pb_text][\/et_pb_column][et_pb_column type=&#8221;1_5&#8243; _builder_version=&#8221;4.0.11&#8243;][\/et_pb_column][\/et_pb_row][\/et_pb_section]<\/p>\n","protected":false},"excerpt":{"rendered":"<p>Condol per la mort de Lucas Meira, fill d\u2019Adair MeiraDes de Fundesplai estem commocionats per la trista not\u00edcia de la mort de Lucas Meira, fill del director de la Funda\u00e7ao Pr\u00f3-Cerrado del Brasil, Adair Meira. La mort s\u2019ha produ\u00eft avui mateix diumenge a causa d\u2019un accident aeri a Palmas, Brasil, en el qual tamb\u00e9 han [&hellip;]<\/p>\n","protected":false},"author":5,"featured_media":4486,"parent":0,"menu_order":0,"comment_status":"closed","ping_status":"closed","template":"page-template-blank.php","meta":{"_et_pb_use_builder":"on","_et_pb_old_content":"","_et_gb_content_width":"","footnotes":""},"class_list":["post-4487","page","type-page","status-publish","has-post-thumbnail","hentry"],"yoast_head":"<!-- This site is optimized with the Yoast SEO plugin v27.4 - https:\/\/yoast.com\/product\/yoast-seo-wordpress\/ -->\n<title>Condol per la mort de Lucas Meira, fill d\u2019Adair Meira - Canals Electr\u00f2nics<\/title>\n<meta name=\"description\" content=\"Des de Fundesplai estem commocionats per la trista not\u00edcia de la mort de Lucas Meira, fill del director de la Funda\u00e7ao Pr\u00f3-Cerrado del Brasil, Adair Meira.\" \/>\n<meta name=\"robots\" content=\"noindex, follow, max-snippet:-1, max-image-preview:large, max-video-preview:-1\" \/>\n<meta property=\"og:locale\" content=\"ca_ES\" \/>\n<meta property=\"og:type\" content=\"article\" \/>\n<meta property=\"og:title\" content=\"Condol per la mort de Lucas Meira, fill d\u2019Adair Meira\" \/>\n<meta property=\"og:description\" content=\"Des de Fundesplai estem commocionats per la trista not\u00edcia de la mort de Lucas Meira, fill del director de la Funda\u00e7ao Pr\u00f3-Cerrado del Brasil, Adair Meira.\" \/>\n<meta property=\"og:url\" content=\"https:\/\/projectes.fundesplai.org\/canals\/condol-per-la-mort-de-lucas-meira-fill-dadair-meira\/\" \/>\n<meta property=\"og:site_name\" content=\"Canals Electr\u00f2nics\" \/>\n<meta property=\"article:publisher\" content=\"https:\/\/www.facebook.com\/Fundesplai\/\" \/>\n<meta property=\"article:modified_time\" content=\"2021-01-24T21:07:49+00:00\" \/>\n<meta property=\"og:image\" content=\"https:\/\/projectes.fundesplai.org\/canals\/wp-content\/uploads\/sites\/44\/2021\/01\/lucas-meira-e1611519510453.jpg\" \/>\n\t<meta property=\"og:image:width\" content=\"800\" \/>\n\t<meta property=\"og:image:height\" content=\"600\" \/>\n\t<meta property=\"og:image:type\" content=\"image\/jpeg\" \/>\n<meta name=\"twitter:card\" content=\"summary_large_image\" \/>\n<meta name=\"twitter:title\" content=\"Condol per la mort de Lucas Meira, fill d\u2019Adair Meira\" \/>\n<meta name=\"twitter:image\" content=\"https:\/\/projectes.fundesplai.org\/canals\/wp-content\/uploads\/sites\/44\/2021\/01\/lucas-meira-e1611519510453.jpg\" \/>\n<meta name=\"twitter:site\" content=\"@fundesplai\" \/>\n<meta name=\"twitter:label1\" content=\"Temps estimat de lectura\" \/>\n\t<meta name=\"twitter:data1\" content=\"3 minuts\" \/>\n<script type=\"application\/ld+json\" class=\"yoast-schema-graph\">{\"@context\":\"https:\\\/\\\/schema.org\",\"@graph\":[{\"@type\":\"WebPage\",\"@id\":\"https:\\\/\\\/projectes.fundesplai.org\\\/canals\\\/condol-per-la-mort-de-lucas-meira-fill-dadair-meira\\\/\",\"url\":\"https:\\\/\\\/projectes.fundesplai.org\\\/canals\\\/condol-per-la-mort-de-lucas-meira-fill-dadair-meira\\\/\",\"name\":\"Condol per la mort de Lucas Meira, fill d\u2019Adair Meira - Canals Electr\u00f2nics\",\"isPartOf\":{\"@id\":\"https:\\\/\\\/projectes.fundesplai.org\\\/canals\\\/#website\"},\"primaryImageOfPage\":{\"@id\":\"https:\\\/\\\/projectes.fundesplai.org\\\/canals\\\/condol-per-la-mort-de-lucas-meira-fill-dadair-meira\\\/#primaryimage\"},\"image\":{\"@id\":\"https:\\\/\\\/projectes.fundesplai.org\\\/canals\\\/condol-per-la-mort-de-lucas-meira-fill-dadair-meira\\\/#primaryimage\"},\"thumbnailUrl\":\"https:\\\/\\\/projectes.fundesplai.org\\\/canals\\\/wp-content\\\/uploads\\\/sites\\\/44\\\/2021\\\/01\\\/lucas-meira-e1611519510453.jpg\",\"datePublished\":\"2021-01-24T20:11:40+00:00\",\"dateModified\":\"2021-01-24T21:07:49+00:00\",\"description\":\"Des de Fundesplai estem commocionats per la trista not\u00edcia de la mort de Lucas Meira, fill del director de la Funda\u00e7ao Pr\u00f3-Cerrado del Brasil, Adair Meira.\",\"breadcrumb\":{\"@id\":\"https:\\\/\\\/projectes.fundesplai.org\\\/canals\\\/condol-per-la-mort-de-lucas-meira-fill-dadair-meira\\\/#breadcrumb\"},\"inLanguage\":\"ca\",\"potentialAction\":[{\"@type\":\"ReadAction\",\"target\":[\"https:\\\/\\\/projectes.fundesplai.org\\\/canals\\\/condol-per-la-mort-de-lucas-meira-fill-dadair-meira\\\/\"]}]},{\"@type\":\"ImageObject\",\"inLanguage\":\"ca\",\"@id\":\"https:\\\/\\\/projectes.fundesplai.org\\\/canals\\\/condol-per-la-mort-de-lucas-meira-fill-dadair-meira\\\/#primaryimage\",\"url\":\"https:\\\/\\\/projectes.fundesplai.org\\\/canals\\\/wp-content\\\/uploads\\\/sites\\\/44\\\/2021\\\/01\\\/lucas-meira-e1611519510453.jpg\",\"contentUrl\":\"https:\\\/\\\/projectes.fundesplai.org\\\/canals\\\/wp-content\\\/uploads\\\/sites\\\/44\\\/2021\\\/01\\\/lucas-meira-e1611519510453.jpg\",\"width\":800,\"height\":600},{\"@type\":\"BreadcrumbList\",\"@id\":\"https:\\\/\\\/projectes.fundesplai.org\\\/canals\\\/condol-per-la-mort-de-lucas-meira-fill-dadair-meira\\\/#breadcrumb\",\"itemListElement\":[{\"@type\":\"ListItem\",\"position\":1,\"name\":\"Inici\",\"item\":\"https:\\\/\\\/projectes.fundesplai.org\\\/canals\\\/\"},{\"@type\":\"ListItem\",\"position\":2,\"name\":\"Condol per la mort de Lucas Meira, fill d\u2019Adair Meira\"}]},{\"@type\":\"WebSite\",\"@id\":\"https:\\\/\\\/projectes.fundesplai.org\\\/canals\\\/#website\",\"url\":\"https:\\\/\\\/projectes.fundesplai.org\\\/canals\\\/\",\"name\":\"Blogs de Fundesplai\",\"description\":\"Un projecte de la Fundaci\u00f3 Catalana de l\\\\&#039;Esplai\",\"publisher\":{\"@id\":\"https:\\\/\\\/projectes.fundesplai.org\\\/canals\\\/#organization\"},\"potentialAction\":[{\"@type\":\"SearchAction\",\"target\":{\"@type\":\"EntryPoint\",\"urlTemplate\":\"https:\\\/\\\/projectes.fundesplai.org\\\/canals\\\/?s={search_term_string}\"},\"query-input\":{\"@type\":\"PropertyValueSpecification\",\"valueRequired\":true,\"valueName\":\"search_term_string\"}}],\"inLanguage\":\"ca\"},{\"@type\":\"Organization\",\"@id\":\"https:\\\/\\\/projectes.fundesplai.org\\\/canals\\\/#organization\",\"name\":\"Fundesplai\",\"url\":\"https:\\\/\\\/projectes.fundesplai.org\\\/canals\\\/\",\"logo\":{\"@type\":\"ImageObject\",\"inLanguage\":\"ca\",\"@id\":\"https:\\\/\\\/projectes.fundesplai.org\\\/canals\\\/#\\\/schema\\\/logo\\\/image\\\/\",\"url\":\"https:\\\/\\\/projectes.fundesplai.org\\\/canals\\\/wp-content\\\/uploads\\\/sites\\\/44\\\/2018\\\/10\\\/Avatar_Fundesplai.jpg\",\"contentUrl\":\"https:\\\/\\\/projectes.fundesplai.org\\\/canals\\\/wp-content\\\/uploads\\\/sites\\\/44\\\/2018\\\/10\\\/Avatar_Fundesplai.jpg\",\"width\":510,\"height\":510,\"caption\":\"Fundesplai\"},\"image\":{\"@id\":\"https:\\\/\\\/projectes.fundesplai.org\\\/canals\\\/#\\\/schema\\\/logo\\\/image\\\/\"},\"sameAs\":[\"https:\\\/\\\/www.facebook.com\\\/Fundesplai\\\/\",\"https:\\\/\\\/x.com\\\/fundesplai\",\"https:\\\/\\\/www.instagram.com\\\/fundesplai\\\/\",\"https:\\\/\\\/www.linkedin.com\\\/company\\\/fundesplai\\\/\",\"https:\\\/\\\/www.pinterest.es\\\/fundesplai\",\"https:\\\/\\\/www.youtube.com\\\/user\\\/Fundacioesplai\"]}]}<\/script>\n<!-- \/ Yoast SEO plugin. -->","yoast_head_json":{"title":"Condol per la mort de Lucas Meira, fill d\u2019Adair Meira - Canals Electr\u00f2nics","description":"Des de Fundesplai estem commocionats per la trista not\u00edcia de la mort de Lucas Meira, fill del director de la Funda\u00e7ao Pr\u00f3-Cerrado del Brasil, Adair Meira.","robots":{"index":"noindex","follow":"follow","max-snippet":"max-snippet:-1","max-image-preview":"max-image-preview:large","max-video-preview":"max-video-preview:-1"},"og_locale":"ca_ES","og_type":"article","og_title":"Condol per la mort de Lucas Meira, fill d\u2019Adair Meira","og_description":"Des de Fundesplai estem commocionats per la trista not\u00edcia de la mort de Lucas Meira, fill del director de la Funda\u00e7ao Pr\u00f3-Cerrado del Brasil, Adair Meira.","og_url":"https:\/\/projectes.fundesplai.org\/canals\/condol-per-la-mort-de-lucas-meira-fill-dadair-meira\/","og_site_name":"Canals Electr\u00f2nics","article_publisher":"https:\/\/www.facebook.com\/Fundesplai\/","article_modified_time":"2021-01-24T21:07:49+00:00","og_image":[{"width":800,"height":600,"url":"https:\/\/projectes.fundesplai.org\/canals\/wp-content\/uploads\/sites\/44\/2021\/01\/lucas-meira-e1611519510453.jpg","type":"image\/jpeg"}],"twitter_card":"summary_large_image","twitter_title":"Condol per la mort de Lucas Meira, fill d\u2019Adair Meira","twitter_image":"https:\/\/projectes.fundesplai.org\/canals\/wp-content\/uploads\/sites\/44\/2021\/01\/lucas-meira-e1611519510453.jpg","twitter_site":"@fundesplai","twitter_misc":{"Temps estimat de lectura":"3 minuts"},"schema":{"@context":"https:\/\/schema.org","@graph":[{"@type":"WebPage","@id":"https:\/\/projectes.fundesplai.org\/canals\/condol-per-la-mort-de-lucas-meira-fill-dadair-meira\/","url":"https:\/\/projectes.fundesplai.org\/canals\/condol-per-la-mort-de-lucas-meira-fill-dadair-meira\/","name":"Condol per la mort de Lucas Meira, fill d\u2019Adair Meira - Canals Electr\u00f2nics","isPartOf":{"@id":"https:\/\/projectes.fundesplai.org\/canals\/#website"},"primaryImageOfPage":{"@id":"https:\/\/projectes.fundesplai.org\/canals\/condol-per-la-mort-de-lucas-meira-fill-dadair-meira\/#primaryimage"},"image":{"@id":"https:\/\/projectes.fundesplai.org\/canals\/condol-per-la-mort-de-lucas-meira-fill-dadair-meira\/#primaryimage"},"thumbnailUrl":"https:\/\/projectes.fundesplai.org\/canals\/wp-content\/uploads\/sites\/44\/2021\/01\/lucas-meira-e1611519510453.jpg","datePublished":"2021-01-24T20:11:40+00:00","dateModified":"2021-01-24T21:07:49+00:00","description":"Des de Fundesplai estem commocionats per la trista not\u00edcia de la mort de Lucas Meira, fill del director de la Funda\u00e7ao Pr\u00f3-Cerrado del Brasil, Adair Meira.","breadcrumb":{"@id":"https:\/\/projectes.fundesplai.org\/canals\/condol-per-la-mort-de-lucas-meira-fill-dadair-meira\/#breadcrumb"},"inLanguage":"ca","potentialAction":[{"@type":"ReadAction","target":["https:\/\/projectes.fundesplai.org\/canals\/condol-per-la-mort-de-lucas-meira-fill-dadair-meira\/"]}]},{"@type":"ImageObject","inLanguage":"ca","@id":"https:\/\/projectes.fundesplai.org\/canals\/condol-per-la-mort-de-lucas-meira-fill-dadair-meira\/#primaryimage","url":"https:\/\/projectes.fundesplai.org\/canals\/wp-content\/uploads\/sites\/44\/2021\/01\/lucas-meira-e1611519510453.jpg","contentUrl":"https:\/\/projectes.fundesplai.org\/canals\/wp-content\/uploads\/sites\/44\/2021\/01\/lucas-meira-e1611519510453.jpg","width":800,"height":600},{"@type":"BreadcrumbList","@id":"https:\/\/projectes.fundesplai.org\/canals\/condol-per-la-mort-de-lucas-meira-fill-dadair-meira\/#breadcrumb","itemListElement":[{"@type":"ListItem","position":1,"name":"Inici","item":"https:\/\/projectes.fundesplai.org\/canals\/"},{"@type":"ListItem","position":2,"name":"Condol per la mort de Lucas Meira, fill d\u2019Adair Meira"}]},{"@type":"WebSite","@id":"https:\/\/projectes.fundesplai.org\/canals\/#website","url":"https:\/\/projectes.fundesplai.org\/canals\/","name":"Blogs de Fundesplai","description":"Un projecte de la Fundaci\u00f3 Catalana de l\\&#039;Esplai","publisher":{"@id":"https:\/\/projectes.fundesplai.org\/canals\/#organization"},"potentialAction":[{"@type":"SearchAction","target":{"@type":"EntryPoint","urlTemplate":"https:\/\/projectes.fundesplai.org\/canals\/?s={search_term_string}"},"query-input":{"@type":"PropertyValueSpecification","valueRequired":true,"valueName":"search_term_string"}}],"inLanguage":"ca"},{"@type":"Organization","@id":"https:\/\/projectes.fundesplai.org\/canals\/#organization","name":"Fundesplai","url":"https:\/\/projectes.fundesplai.org\/canals\/","logo":{"@type":"ImageObject","inLanguage":"ca","@id":"https:\/\/projectes.fundesplai.org\/canals\/#\/schema\/logo\/image\/","url":"https:\/\/projectes.fundesplai.org\/canals\/wp-content\/uploads\/sites\/44\/2018\/10\/Avatar_Fundesplai.jpg","contentUrl":"https:\/\/projectes.fundesplai.org\/canals\/wp-content\/uploads\/sites\/44\/2018\/10\/Avatar_Fundesplai.jpg","width":510,"height":510,"caption":"Fundesplai"},"image":{"@id":"https:\/\/projectes.fundesplai.org\/canals\/#\/schema\/logo\/image\/"},"sameAs":["https:\/\/www.facebook.com\/Fundesplai\/","https:\/\/x.com\/fundesplai","https:\/\/www.instagram.com\/fundesplai\/","https:\/\/www.linkedin.com\/company\/fundesplai\/","https:\/\/www.pinterest.es\/fundesplai","https:\/\/www.youtube.com\/user\/Fundacioesplai"]}]}},"_links":{"self":[{"href":"https:\/\/projectes.fundesplai.org\/canals\/wp-json\/wp\/v2\/pages\/4487","targetHints":{"allow":["GET"]}}],"collection":[{"href":"https:\/\/projectes.fundesplai.org\/canals\/wp-json\/wp\/v2\/pages"}],"about":[{"href":"https:\/\/projectes.fundesplai.org\/canals\/wp-json\/wp\/v2\/types\/page"}],"author":[{"embeddable":true,"href":"https:\/\/projectes.fundesplai.org\/canals\/wp-json\/wp\/v2\/users\/5"}],"replies":[{"embeddable":true,"href":"https:\/\/projectes.fundesplai.org\/canals\/wp-json\/wp\/v2\/comments?post=4487"}],"version-history":[{"count":20,"href":"https:\/\/projectes.fundesplai.org\/canals\/wp-json\/wp\/v2\/pages\/4487\/revisions"}],"predecessor-version":[{"id":4509,"href":"https:\/\/projectes.fundesplai.org\/canals\/wp-json\/wp\/v2\/pages\/4487\/revisions\/4509"}],"wp:featuredmedia":[{"embeddable":true,"href":"https:\/\/projectes.fundesplai.org\/canals\/wp-json\/wp\/v2\/media\/4486"}],"wp:attachment":[{"href":"https:\/\/projectes.fundesplai.org\/canals\/wp-json\/wp\/v2\/media?parent=4487"}],"curies":[{"name":"wp","href":"https:\/\/api.w.org\/{rel}","templated":true}]}}