{"id":5205,"date":"2021-10-20T15:41:17","date_gmt":"2021-10-20T13:41:17","guid":{"rendered":"https:\/\/projectes.fundesplai.org\/canals\/?page_id=5205"},"modified":"2021-10-20T15:42:26","modified_gmt":"2021-10-20T13:42:26","slug":"dissabte-20n-inauguracio-exposicio-i-ampliacio-centre-esplai","status":"publish","type":"page","link":"https:\/\/projectes.fundesplai.org\/canals\/dissabte-20n-inauguracio-exposicio-i-ampliacio-centre-esplai\/","title":{"rendered":"DISSABTE 20N: INAUGURACI\u00d3 EXPOSICI\u00d3 I AMPLIACI\u00d3 CENTRE ESPLAI"},"content":{"rendered":"<p>[et_pb_section fb_built=&#8221;1&#8243; _builder_version=&#8221;3.22&#8243;][et_pb_row column_structure=&#8221;2_5,3_5&#8243; _builder_version=&#8221;3.25&#8243; background_size=&#8221;initial&#8221; background_position=&#8221;top_left&#8221; background_repeat=&#8221;repeat&#8221;][et_pb_column type=&#8221;2_5&#8243; _builder_version=&#8221;3.25&#8243; custom_padding=&#8221;|||&#8221; custom_padding__hover=&#8221;|||&#8221;][et_pb_image src=&#8221;https:\/\/projectes.fundesplai.org\/canals\/wp-content\/uploads\/sites\/44\/2021\/10\/Fundesplai_mitja.jpg&#8221; title_text=&#8221;Fundesplai_mitja&#8221; _builder_version=&#8221;4.9.10&#8243; _module_preset=&#8221;default&#8221;][\/et_pb_image][\/et_pb_column][et_pb_column type=&#8221;3_5&#8243; _builder_version=&#8221;3.25&#8243; custom_padding=&#8221;|||&#8221; custom_padding__hover=&#8221;|||&#8221;][\/et_pb_column][\/et_pb_row][et_pb_row _builder_version=&#8221;3.25&#8243; background_size=&#8221;initial&#8221; background_position=&#8221;top_left&#8221; background_repeat=&#8221;repeat&#8221;][et_pb_column type=&#8221;4_4&#8243; _builder_version=&#8221;3.25&#8243; custom_padding=&#8221;|||&#8221; custom_padding__hover=&#8221;|||&#8221;][et_pb_text _builder_version=&#8221;4.9.10&#8243; background_size=&#8221;initial&#8221; background_position=&#8221;top_left&#8221; background_repeat=&#8221;repeat&#8221;]<\/p>\n<script type=\"text\/javascript\">var gform;gform||(document.addEventListener(\"gform_main_scripts_loaded\",function(){gform.scriptsLoaded=!0}),window.addEventListener(\"DOMContentLoaded\",function(){gform.domLoaded=!0}),gform={domLoaded:!1,scriptsLoaded:!1,initializeOnLoaded:function(o){gform.domLoaded&&gform.scriptsLoaded?o():!gform.domLoaded&&gform.scriptsLoaded?window.addEventListener(\"DOMContentLoaded\",o):document.addEventListener(\"gform_main_scripts_loaded\",o)},hooks:{action:{},filter:{}},addAction:function(o,n,r,t){gform.addHook(\"action\",o,n,r,t)},addFilter:function(o,n,r,t){gform.addHook(\"filter\",o,n,r,t)},doAction:function(o){gform.doHook(\"action\",o,arguments)},applyFilters:function(o){return gform.doHook(\"filter\",o,arguments)},removeAction:function(o,n){gform.removeHook(\"action\",o,n)},removeFilter:function(o,n,r){gform.removeHook(\"filter\",o,n,r)},addHook:function(o,n,r,t,i){null==gform.hooks[o][n]&&(gform.hooks[o][n]=[]);var e=gform.hooks[o][n];null==i&&(i=n+\"_\"+e.length),gform.hooks[o][n].push({tag:i,callable:r,priority:t=null==t?10:t})},doHook:function(n,o,r){var t;if(r=Array.prototype.slice.call(r,1),null!=gform.hooks[n][o]&&((o=gform.hooks[n][o]).sort(function(o,n){return o.priority-n.priority}),o.forEach(function(o){\"function\"!=typeof(t=o.callable)&&(t=window[t]),\"action\"==n?t.apply(null,r):r[0]=t.apply(null,r)})),\"filter\"==n)return r[0]},removeHook:function(o,n,t,i){var r;null!=gform.hooks[o][n]&&(r=(r=gform.hooks[o][n]).filter(function(o,n,r){return!!(null!=i&&i!=o.tag||null!=t&&t!=o.priority)}),gform.hooks[o][n]=r)}});<\/script>\n                <div class='gf_browser_gecko gform_wrapper gform_legacy_markup_wrapper' id='gform_wrapper_59' >\n                        <div class='gform_heading'>\n                            <h3 class=\"gform_title\">INAUGURACI\u00d3 EXPOSICI\u00d3 I AMPLIACI\u00d3 CENTRE ESPLAI : DISSABTE 20N<\/h3>\n                            <span class='gform_description'>Dissabte 20 de novembre. CENTRE ESPLAI<\/span>\n                        <\/div><form method='post' enctype='multipart\/form-data'  id='gform_59'  action='\/canals\/wp-json\/wp\/v2\/pages\/5205' >\n                        <div class='gform_body gform-body'><ul id='gform_fields_59' class='gform_fields top_label form_sublabel_below description_below'><li id=\"field_59_7\" class=\"gfield gfield_contains_required field_sublabel_below field_description_below gfield_visibility_visible\" ><label class='gfield_label' for='input_59_7' >NOM<span class=\"gfield_required\"><span class=\"gfield_required gfield_required_asterisk\">*<\/span><\/span><\/label><div class='ginput_container ginput_container_text'><input name='input_7' id='input_59_7' type='text' value='' class='medium'     aria-required=\"true\" aria-invalid=\"false\"   \/> <\/div><\/li><li id=\"field_59_8\" class=\"gfield gfield_contains_required field_sublabel_below field_description_below gfield_visibility_visible\" ><label class='gfield_label' for='input_59_8' >COGNOMS<span class=\"gfield_required\"><span class=\"gfield_required gfield_required_asterisk\">*<\/span><\/span><\/label><div class='ginput_container ginput_container_text'><input name='input_8' id='input_59_8' type='text' value='' class='medium'     aria-required=\"true\" aria-invalid=\"false\"   \/> <\/div><\/li><li id=\"field_59_13\" class=\"gfield field_sublabel_below field_description_below gfield_visibility_visible\" ><label class='gfield_label' for='input_59_13' >QUANTES PERSONES ASSISTIREU?<\/label><div class='ginput_container ginput_container_number'><input name='input_13' id='input_59_13' type='text'    value='' class='medium'      aria-invalid=\"false\"  \/><\/div><\/li><li id=\"field_59_14\" class=\"gfield field_sublabel_below field_description_below gfield_visibility_visible\" ><label class='gfield_label' for='input_59_14' >Correu electr\u00f2nic<\/label><div class='ginput_container ginput_container_email'>\n                            <input name='input_14' id='input_59_14' type='text' value='' class='medium'     aria-invalid=\"false\"  \/>\n                        <\/div><\/li><li id=\"field_59_11\" class=\"gfield gfield_contains_required field_sublabel_below field_description_below gfield_visibility_visible\" ><label class='gfield_label' for='input_59_11' >COM VINDREU?<span class=\"gfield_required\"><span class=\"gfield_required gfield_required_asterisk\">*<\/span><\/span><\/label><div class='ginput_container ginput_container_multiselect'><select multiple='multiple'  size='7' name='input_11[]' id='input_59_11' class='medium gfield_select'   aria-invalid=\"false\" aria-required=\"true\" ><option value='Transport p\u00fablic' >Transport p\u00fablic<\/option><option value='Transport privat' >Transport privat<\/option><\/select><\/div><\/li><\/ul><\/div>\n        <div class='gform_footer top_label'> <input type='submit' id='gform_submit_button_59' class='gform_button button' value='Envia'  onclick='if(window[\"gf_submitting_59\"]){return false;}  window[\"gf_submitting_59\"]=true;  ' onkeypress='if( event.keyCode == 13 ){ if(window[\"gf_submitting_59\"]){return false;} window[\"gf_submitting_59\"]=true;  jQuery(\"#gform_59\").trigger(\"submit\",[true]); }' \/> \n            <input type='hidden' class='gform_hidden' name='is_submit_59' value='1' \/>\n            <input type='hidden' class='gform_hidden' name='gform_submit' value='59' \/>\n            \n            <input type='hidden' class='gform_hidden' name='gform_unique_id' value='' \/>\n            <input type='hidden' class='gform_hidden' name='state_59' value='WyJbXSIsIjI0ODYwY2Q5ZTdiYWU0YjdkMzQyNTY2NDU1YjJiZjY5Il0=' \/>\n            <input type='hidden' class='gform_hidden' name='gform_target_page_number_59' id='gform_target_page_number_59' value='0' \/>\n            <input type='hidden' class='gform_hidden' name='gform_source_page_number_59' id='gform_source_page_number_59' value='1' \/>\n            <input type='hidden' name='gform_field_values' value='' \/>\n            \n        <\/div>\n                        <\/form>\n                        <\/div>\n<p>[\/et_pb_text][et_pb_text admin_label=&#8221;DISCLAIMER&#8221; _builder_version=&#8221;4.9.10&#8243; _module_preset=&#8221;default&#8221;]<\/p>\n<p style=\"text-align: center;\"><a href=\"https:\/\/fundesplai.org\/ca\/informacions\/condicions-generals-d-us\">Condicions generals d&#8217;\u00fas<\/a>\u00a0\u2022\u00a0<a href=\"https:\/\/fundesplai.org\/ca\/informacions\/politica-de-privacitat\">Pol\u00edtica de privacitat<\/a><\/p>\n<p>[\/et_pb_text][\/et_pb_column][\/et_pb_row][\/et_pb_section]<\/p>\n","protected":false},"excerpt":{"rendered":"<p>\n                <div class='gf_browser_gecko gform_wrapper gform_legacy_markup_wrapper' id='gform_wrapper_59' >\n                        <div class='gform_heading'>\n                            <h3 class=\"gform_title\">INAUGURACI\u00d3 EXPOSICI\u00d3 I AMPLIACI\u00d3 CENTRE ESPLAI : DISSABTE 20N<\/h3>\n                            <span class='gform_description'>Dissabte 20 de novembre. CENTRE ESPLAI<\/span>\n                        <\/div><form method='post' enctype='multipart\/form-data'  id='gform_59'  action='\/canals\/wp-json\/wp\/v2\/pages\/5205' >\n                        <div class='gform_body gform-body'><ul id='gform_fields_59' class='gform_fields top_label form_sublabel_below description_below'><li id=\"field_59_7\" class=\"gfield gfield_contains_required field_sublabel_below field_description_below gfield_visibility_visible\" ><label class='gfield_label' for='input_59_7' >NOM<span class=\"gfield_required\"><span class=\"gfield_required gfield_required_asterisk\">*<\/span><\/span><\/label><div class='ginput_container ginput_container_text'><input name='input_7' id='input_59_7' type='text' value='' class='medium'     aria-required=\"true\" aria-invalid=\"false\"   \/> <\/div><\/li><li id=\"field_59_8\" class=\"gfield gfield_contains_required field_sublabel_below field_description_below gfield_visibility_visible\" ><label class='gfield_label' for='input_59_8' >COGNOMS<span class=\"gfield_required\"><span class=\"gfield_required gfield_required_asterisk\">*<\/span><\/span><\/label><div class='ginput_container ginput_container_text'><input name='input_8' id='input_59_8' type='text' value='' class='medium'     aria-required=\"true\" aria-invalid=\"false\"   \/> <\/div><\/li><li id=\"field_59_13\" class=\"gfield field_sublabel_below field_description_below gfield_visibility_visible\" ><label class='gfield_label' for='input_59_13' >QUANTES PERSONES ASSISTIREU?<\/label><div class='ginput_container ginput_container_number'><input name='input_13' id='input_59_13' type='text'    value='' class='medium'      aria-invalid=\"false\"  \/><\/div><\/li><li id=\"field_59_14\" class=\"gfield field_sublabel_below field_description_below gfield_visibility_visible\" ><label class='gfield_label' for='input_59_14' >Correu electr\u00f2nic<\/label><div class='ginput_container ginput_container_email'>\n                            <input name='input_14' id='input_59_14' type='text' value='' class='medium'     aria-invalid=\"false\"  \/>\n                        <\/div><\/li><li id=\"field_59_11\" class=\"gfield gfield_contains_required field_sublabel_below field_description_below gfield_visibility_visible\" ><label class='gfield_label' for='input_59_11' >COM VINDREU?<span class=\"gfield_required\"><span class=\"gfield_required gfield_required_asterisk\">*<\/span><\/span><\/label><div class='ginput_container ginput_container_multiselect'><select multiple='multiple'  size='7' name='input_11[]' id='input_59_11' class='medium gfield_select'   aria-invalid=\"false\" aria-required=\"true\" ><option value='Transport p\u00fablic' >Transport p\u00fablic<\/option><option value='Transport privat' >Transport privat<\/option><\/select><\/div><\/li><\/ul><\/div>\n        <div class='gform_footer top_label'> <input type='submit' id='gform_submit_button_59' class='gform_button button' value='Envia'  onclick='if(window[\"gf_submitting_59\"]){return false;}  window[\"gf_submitting_59\"]=true;  ' onkeypress='if( event.keyCode == 13 ){ if(window[\"gf_submitting_59\"]){return false;} window[\"gf_submitting_59\"]=true;  jQuery(\"#gform_59\").trigger(\"submit\",[true]); }' \/> \n            <input type='hidden' class='gform_hidden' name='is_submit_59' value='1' \/>\n            <input type='hidden' class='gform_hidden' name='gform_submit' value='59' \/>\n            \n            <input type='hidden' class='gform_hidden' name='gform_unique_id' value='' \/>\n            <input type='hidden' class='gform_hidden' name='state_59' value='WyJbXSIsIjI0ODYwY2Q5ZTdiYWU0YjdkMzQyNTY2NDU1YjJiZjY5Il0=' \/>\n            <input type='hidden' class='gform_hidden' name='gform_target_page_number_59' id='gform_target_page_number_59' value='0' \/>\n            <input type='hidden' class='gform_hidden' name='gform_source_page_number_59' id='gform_source_page_number_59' value='1' \/>\n            <input type='hidden' name='gform_field_values' value='' \/>\n            \n        <\/div>\n                        <\/form>\n                        <\/div>Condicions generals d&#8217;\u00fas\u00a0\u2022\u00a0Pol\u00edtica de privacitat<\/p>\n","protected":false},"author":5,"featured_media":0,"parent":0,"menu_order":0,"comment_status":"closed","ping_status":"closed","template":"page-template-blank.php","meta":{"_et_pb_use_builder":"on","_et_pb_old_content":"","_et_gb_content_width":"","footnotes":""},"class_list":["post-5205","page","type-page","status-publish","hentry"],"yoast_head":"<!-- This site is optimized with the Yoast SEO plugin v27.6 - https:\/\/yoast.com\/product\/yoast-seo-wordpress\/ -->\n<title>DISSABTE 20N: INAUGURACI\u00d3 EXPOSICI\u00d3 I AMPLIACI\u00d3 CENTRE ESPLAI - Canals Electr\u00f2nics<\/title>\n<meta name=\"robots\" content=\"noindex, follow, max-snippet:-1, max-image-preview:large, max-video-preview:-1\" \/>\n<meta property=\"og:locale\" content=\"ca_ES\" \/>\n<meta property=\"og:type\" content=\"article\" \/>\n<meta property=\"og:title\" content=\"DISSABTE 20N: INAUGURACI\u00d3 EXPOSICI\u00d3 I AMPLIACI\u00d3 CENTRE ESPLAI - Canals Electr\u00f2nics\" \/>\n<meta property=\"og:description\" content=\"Condicions generals d&#039;\u00fas\u00a0\u2022\u00a0Pol\u00edtica de privacitat\" \/>\n<meta property=\"og:url\" content=\"https:\/\/projectes.fundesplai.org\/canals\/dissabte-20n-inauguracio-exposicio-i-ampliacio-centre-esplai\/\" \/>\n<meta property=\"og:site_name\" content=\"Canals Electr\u00f2nics\" \/>\n<meta property=\"article:publisher\" content=\"https:\/\/www.facebook.com\/Fundesplai\/\" \/>\n<meta property=\"article:modified_time\" content=\"2021-10-20T13:42:26+00:00\" \/>\n<meta name=\"twitter:card\" content=\"summary_large_image\" \/>\n<meta name=\"twitter:site\" content=\"@fundesplai\" \/>\n<meta name=\"twitter:label1\" content=\"Temps estimat de lectura\" \/>\n\t<meta name=\"twitter:data1\" content=\"1 minut\" \/>\n<script type=\"application\/ld+json\" class=\"yoast-schema-graph\">{\"@context\":\"https:\\\/\\\/schema.org\",\"@graph\":[{\"@type\":\"WebPage\",\"@id\":\"https:\\\/\\\/projectes.fundesplai.org\\\/canals\\\/dissabte-20n-inauguracio-exposicio-i-ampliacio-centre-esplai\\\/\",\"url\":\"https:\\\/\\\/projectes.fundesplai.org\\\/canals\\\/dissabte-20n-inauguracio-exposicio-i-ampliacio-centre-esplai\\\/\",\"name\":\"DISSABTE 20N: INAUGURACI\u00d3 EXPOSICI\u00d3 I AMPLIACI\u00d3 CENTRE ESPLAI - Canals Electr\u00f2nics\",\"isPartOf\":{\"@id\":\"https:\\\/\\\/projectes.fundesplai.org\\\/canals\\\/#website\"},\"datePublished\":\"2021-10-20T13:41:17+00:00\",\"dateModified\":\"2021-10-20T13:42:26+00:00\",\"breadcrumb\":{\"@id\":\"https:\\\/\\\/projectes.fundesplai.org\\\/canals\\\/dissabte-20n-inauguracio-exposicio-i-ampliacio-centre-esplai\\\/#breadcrumb\"},\"inLanguage\":\"ca\",\"potentialAction\":[{\"@type\":\"ReadAction\",\"target\":[\"https:\\\/\\\/projectes.fundesplai.org\\\/canals\\\/dissabte-20n-inauguracio-exposicio-i-ampliacio-centre-esplai\\\/\"]}]},{\"@type\":\"BreadcrumbList\",\"@id\":\"https:\\\/\\\/projectes.fundesplai.org\\\/canals\\\/dissabte-20n-inauguracio-exposicio-i-ampliacio-centre-esplai\\\/#breadcrumb\",\"itemListElement\":[{\"@type\":\"ListItem\",\"position\":1,\"name\":\"Inici\",\"item\":\"https:\\\/\\\/projectes.fundesplai.org\\\/canals\\\/\"},{\"@type\":\"ListItem\",\"position\":2,\"name\":\"DISSABTE 20N: INAUGURACI\u00d3 EXPOSICI\u00d3 I AMPLIACI\u00d3 CENTRE ESPLAI\"}]},{\"@type\":\"WebSite\",\"@id\":\"https:\\\/\\\/projectes.fundesplai.org\\\/canals\\\/#website\",\"url\":\"https:\\\/\\\/projectes.fundesplai.org\\\/canals\\\/\",\"name\":\"Blogs de Fundesplai\",\"description\":\"Un projecte de la Fundaci\u00f3 Catalana de l\\\\&#039;Esplai\",\"publisher\":{\"@id\":\"https:\\\/\\\/projectes.fundesplai.org\\\/canals\\\/#organization\"},\"potentialAction\":[{\"@type\":\"SearchAction\",\"target\":{\"@type\":\"EntryPoint\",\"urlTemplate\":\"https:\\\/\\\/projectes.fundesplai.org\\\/canals\\\/?s={search_term_string}\"},\"query-input\":{\"@type\":\"PropertyValueSpecification\",\"valueRequired\":true,\"valueName\":\"search_term_string\"}}],\"inLanguage\":\"ca\"},{\"@type\":\"Organization\",\"@id\":\"https:\\\/\\\/projectes.fundesplai.org\\\/canals\\\/#organization\",\"name\":\"Fundesplai\",\"url\":\"https:\\\/\\\/projectes.fundesplai.org\\\/canals\\\/\",\"logo\":{\"@type\":\"ImageObject\",\"inLanguage\":\"ca\",\"@id\":\"https:\\\/\\\/projectes.fundesplai.org\\\/canals\\\/#\\\/schema\\\/logo\\\/image\\\/\",\"url\":\"https:\\\/\\\/projectes.fundesplai.org\\\/canals\\\/wp-content\\\/uploads\\\/sites\\\/44\\\/2018\\\/10\\\/Avatar_Fundesplai.jpg\",\"contentUrl\":\"https:\\\/\\\/projectes.fundesplai.org\\\/canals\\\/wp-content\\\/uploads\\\/sites\\\/44\\\/2018\\\/10\\\/Avatar_Fundesplai.jpg\",\"width\":510,\"height\":510,\"caption\":\"Fundesplai\"},\"image\":{\"@id\":\"https:\\\/\\\/projectes.fundesplai.org\\\/canals\\\/#\\\/schema\\\/logo\\\/image\\\/\"},\"sameAs\":[\"https:\\\/\\\/www.facebook.com\\\/Fundesplai\\\/\",\"https:\\\/\\\/x.com\\\/fundesplai\",\"https:\\\/\\\/www.instagram.com\\\/fundesplai\\\/\",\"https:\\\/\\\/www.linkedin.com\\\/company\\\/fundesplai\\\/\",\"https:\\\/\\\/www.pinterest.es\\\/fundesplai\",\"https:\\\/\\\/www.youtube.com\\\/user\\\/Fundacioesplai\"]}]}<\/script>\n<!-- \/ Yoast SEO plugin. -->","yoast_head_json":{"title":"DISSABTE 20N: INAUGURACI\u00d3 EXPOSICI\u00d3 I AMPLIACI\u00d3 CENTRE ESPLAI - Canals Electr\u00f2nics","robots":{"index":"noindex","follow":"follow","max-snippet":"max-snippet:-1","max-image-preview":"max-image-preview:large","max-video-preview":"max-video-preview:-1"},"og_locale":"ca_ES","og_type":"article","og_title":"DISSABTE 20N: INAUGURACI\u00d3 EXPOSICI\u00d3 I AMPLIACI\u00d3 CENTRE ESPLAI - Canals Electr\u00f2nics","og_description":"Condicions generals d'\u00fas\u00a0\u2022\u00a0Pol\u00edtica de privacitat","og_url":"https:\/\/projectes.fundesplai.org\/canals\/dissabte-20n-inauguracio-exposicio-i-ampliacio-centre-esplai\/","og_site_name":"Canals Electr\u00f2nics","article_publisher":"https:\/\/www.facebook.com\/Fundesplai\/","article_modified_time":"2021-10-20T13:42:26+00:00","twitter_card":"summary_large_image","twitter_site":"@fundesplai","twitter_misc":{"Temps estimat de lectura":"1 minut"},"schema":{"@context":"https:\/\/schema.org","@graph":[{"@type":"WebPage","@id":"https:\/\/projectes.fundesplai.org\/canals\/dissabte-20n-inauguracio-exposicio-i-ampliacio-centre-esplai\/","url":"https:\/\/projectes.fundesplai.org\/canals\/dissabte-20n-inauguracio-exposicio-i-ampliacio-centre-esplai\/","name":"DISSABTE 20N: INAUGURACI\u00d3 EXPOSICI\u00d3 I AMPLIACI\u00d3 CENTRE ESPLAI - Canals Electr\u00f2nics","isPartOf":{"@id":"https:\/\/projectes.fundesplai.org\/canals\/#website"},"datePublished":"2021-10-20T13:41:17+00:00","dateModified":"2021-10-20T13:42:26+00:00","breadcrumb":{"@id":"https:\/\/projectes.fundesplai.org\/canals\/dissabte-20n-inauguracio-exposicio-i-ampliacio-centre-esplai\/#breadcrumb"},"inLanguage":"ca","potentialAction":[{"@type":"ReadAction","target":["https:\/\/projectes.fundesplai.org\/canals\/dissabte-20n-inauguracio-exposicio-i-ampliacio-centre-esplai\/"]}]},{"@type":"BreadcrumbList","@id":"https:\/\/projectes.fundesplai.org\/canals\/dissabte-20n-inauguracio-exposicio-i-ampliacio-centre-esplai\/#breadcrumb","itemListElement":[{"@type":"ListItem","position":1,"name":"Inici","item":"https:\/\/projectes.fundesplai.org\/canals\/"},{"@type":"ListItem","position":2,"name":"DISSABTE 20N: INAUGURACI\u00d3 EXPOSICI\u00d3 I AMPLIACI\u00d3 CENTRE ESPLAI"}]},{"@type":"WebSite","@id":"https:\/\/projectes.fundesplai.org\/canals\/#website","url":"https:\/\/projectes.fundesplai.org\/canals\/","name":"Blogs de Fundesplai","description":"Un projecte de la Fundaci\u00f3 Catalana de l\\&#039;Esplai","publisher":{"@id":"https:\/\/projectes.fundesplai.org\/canals\/#organization"},"potentialAction":[{"@type":"SearchAction","target":{"@type":"EntryPoint","urlTemplate":"https:\/\/projectes.fundesplai.org\/canals\/?s={search_term_string}"},"query-input":{"@type":"PropertyValueSpecification","valueRequired":true,"valueName":"search_term_string"}}],"inLanguage":"ca"},{"@type":"Organization","@id":"https:\/\/projectes.fundesplai.org\/canals\/#organization","name":"Fundesplai","url":"https:\/\/projectes.fundesplai.org\/canals\/","logo":{"@type":"ImageObject","inLanguage":"ca","@id":"https:\/\/projectes.fundesplai.org\/canals\/#\/schema\/logo\/image\/","url":"https:\/\/projectes.fundesplai.org\/canals\/wp-content\/uploads\/sites\/44\/2018\/10\/Avatar_Fundesplai.jpg","contentUrl":"https:\/\/projectes.fundesplai.org\/canals\/wp-content\/uploads\/sites\/44\/2018\/10\/Avatar_Fundesplai.jpg","width":510,"height":510,"caption":"Fundesplai"},"image":{"@id":"https:\/\/projectes.fundesplai.org\/canals\/#\/schema\/logo\/image\/"},"sameAs":["https:\/\/www.facebook.com\/Fundesplai\/","https:\/\/x.com\/fundesplai","https:\/\/www.instagram.com\/fundesplai\/","https:\/\/www.linkedin.com\/company\/fundesplai\/","https:\/\/www.pinterest.es\/fundesplai","https:\/\/www.youtube.com\/user\/Fundacioesplai"]}]}},"_links":{"self":[{"href":"https:\/\/projectes.fundesplai.org\/canals\/wp-json\/wp\/v2\/pages\/5205","targetHints":{"allow":["GET"]}}],"collection":[{"href":"https:\/\/projectes.fundesplai.org\/canals\/wp-json\/wp\/v2\/pages"}],"about":[{"href":"https:\/\/projectes.fundesplai.org\/canals\/wp-json\/wp\/v2\/types\/page"}],"author":[{"embeddable":true,"href":"https:\/\/projectes.fundesplai.org\/canals\/wp-json\/wp\/v2\/users\/5"}],"replies":[{"embeddable":true,"href":"https:\/\/projectes.fundesplai.org\/canals\/wp-json\/wp\/v2\/comments?post=5205"}],"version-history":[{"count":5,"href":"https:\/\/projectes.fundesplai.org\/canals\/wp-json\/wp\/v2\/pages\/5205\/revisions"}],"predecessor-version":[{"id":5211,"href":"https:\/\/projectes.fundesplai.org\/canals\/wp-json\/wp\/v2\/pages\/5205\/revisions\/5211"}],"wp:attachment":[{"href":"https:\/\/projectes.fundesplai.org\/canals\/wp-json\/wp\/v2\/media?parent=5205"}],"curies":[{"name":"wp","href":"https:\/\/api.w.org\/{rel}","templated":true}]}}