{"id":5379,"date":"2021-11-26T14:43:25","date_gmt":"2021-11-26T13:43:25","guid":{"rendered":"https:\/\/projectes.fundesplai.org\/canals\/?page_id=5379"},"modified":"2021-11-26T14:43:28","modified_gmt":"2021-11-26T13:43:28","slug":"jordi-sanchez-secretari-general-de-junts-per-catalunya-visita-la-seu-de-fundesplai","status":"publish","type":"page","link":"https:\/\/projectes.fundesplai.org\/canals\/jordi-sanchez-secretari-general-de-junts-per-catalunya-visita-la-seu-de-fundesplai\/","title":{"rendered":"\u00a0Jordi S\u00e0nchez, secretari general de Junts per Catalunya, visita la seu de Fundesplai"},"content":{"rendered":"<p>[et_pb_section fb_built=&#8221;1&#8243; _builder_version=&#8221;4.7.2&#8243; background_color=&#8221;#D9E5E3&#8243; global_colors_info=&#8221;{}&#8221; theme_builder_area=&#8221;post_content&#8221;][et_pb_row column_structure=&#8221;1_5,3_5,1_5&#8243; _builder_version=&#8221;4.7.2&#8243; background_color=&#8221;#d9e5e3&#8243; global_colors_info=&#8221;{}&#8221; theme_builder_area=&#8221;post_content&#8221;][et_pb_column type=&#8221;1_5&#8243; _builder_version=&#8221;4.0.11&#8243; global_colors_info=&#8221;{}&#8221; theme_builder_area=&#8221;post_content&#8221;][\/et_pb_column][et_pb_column type=&#8221;3_5&#8243; _builder_version=&#8221;4.0.11&#8243; global_colors_info=&#8221;{}&#8221; theme_builder_area=&#8221;post_content&#8221;][et_pb_image src=&#8221;https:\/\/projectes.fundesplai.org\/canals\/wp-content\/uploads\/sites\/44\/2015\/05\/header1.gif&#8221; url=&#8221;https:\/\/fundesplai.org\/ca\/&#8221; admin_label=&#8221;Header Fundesplai&#8221; _builder_version=&#8221;4.7.2&#8243; background_color=&#8221;#ffffff&#8221; global_colors_info=&#8221;{}&#8221; theme_builder_area=&#8221;post_content&#8221;][\/et_pb_image][et_pb_image src=&#8221;https:\/\/projectes.fundesplai.org\/canals\/wp-content\/uploads\/sites\/44\/2015\/05\/header2.gif&#8221; url=&#8221;https:\/\/fundesplai.org\/ca\/&#8221; admin_label=&#8221;Header Canal Esplai&#8221; _builder_version=&#8221;4.7.2&#8243; background_color=&#8221;#ffffff&#8221; custom_margin=&#8221;-30px||-3px|||&#8221; global_colors_info=&#8221;{}&#8221; theme_builder_area=&#8221;post_content&#8221;][\/et_pb_image][et_pb_image src=&#8221;https:\/\/projectes.fundesplai.org\/canals\/wp-content\/uploads\/sites\/44\/2021\/11\/JordiSanchez_web.jpg&#8221; title_text=&#8221;JordiSanchez_web&#8221; admin_label=&#8221;Foto Canal&#8221; _builder_version=&#8221;4.13.1&#8243; background_color=&#8221;#ffffff&#8221; custom_margin=&#8221;||0px|||&#8221; hover_enabled=&#8221;0&#8243; global_colors_info=&#8221;{}&#8221; theme_builder_area=&#8221;post_content&#8221; sticky_enabled=&#8221;0&#8243;][\/et_pb_image][et_pb_text _builder_version=&#8221;4.13.1&#8243; background_color=&#8221;#ffffff&#8221; custom_margin=&#8221;||2px|||&#8221; custom_padding=&#8221;|19px||15px||&#8221; hover_enabled=&#8221;0&#8243; global_colors_info=&#8221;{}&#8221; theme_builder_area=&#8221;post_content&#8221; sticky_enabled=&#8221;0&#8243;]<\/p>\n<h1 style=\"text-align: center;\"><strong>Jordi S\u00e0nchez, secretari general de Junts per Catalunya, visita la seu de Fundesplai<\/strong><\/h1>\n<p style=\"text-align: justify;\">Jordi S\u00e0nchez, secretari general de Junts per Catalunya, ha visitat avui Centre Esplai, la seu de Fundesplai al Prat de Llobregat. S\u00e0nchez s&#8217;ha reunit amb Josep Gass\u00f3 i Carles Xifra, president i director d&#8217;Innovaci\u00f3 i Contiguts de Fundesplai, respectivament.\u00a0<\/p>\n<p style=\"text-align: justify;\">Aquesta visita s&#8217;emmarca en un cicle de trobades que l&#8217;organitzaci\u00f3 est\u00e0 fent amb diferents representants institucionals, d&#8217;empreses i entitats, per donar a con\u00e8ixer els projectes de present i de futur de l\u2019entitat.<\/p>\n<p style=\"text-align: justify;\">A m\u00e9s, S\u00e0nchez tamb\u00e9 han pogut visitar l\u2019ampliaci\u00f3 de la seu de Fundesplai i la nova exposici\u00f3 <a href=\"https:\/\/menjaactuaimpacta.org\/\">\u201cMenja Actua Impacta\u201d<\/a>, que tot just es van inaugurar aquest passat dissabte.<br \/>Els representants de Fundesplai han detallat a Jordi S\u00e0nchez els programes educatius, socials i ambientals que impulsa l&#8217;entitat en escoles, esplais, cases de col\u00f2nies, etc. i els projectes de futur. Tamb\u00e9 la tasca socioeducativa al barri de Sant Cosme d\u2019El Prat de Llobregat, on es troba Centre Esplai, la seu de Fundesplai que inclou, entre d&#8217;altres, una cuina i un alberg que habitualment est\u00e0 al 90% d&#8217;ocupaci\u00f3.<\/p>\n<p>[\/et_pb_text][et_pb_social_media_follow _builder_version=&#8221;4.7.2&#8243; background_color=&#8221;#ffffff&#8221; custom_padding=&#8221;0px|||||&#8221; global_colors_info=&#8221;{}&#8221; theme_builder_area=&#8221;post_content&#8221;][et_pb_social_media_follow_network social_network=&#8221;facebook&#8221; url=&#8221;https:\/\/www.facebook.com\/Fundesplai\/&#8221; _builder_version=&#8221;4.0.11&#8243; background_color=&#8221;#3b5998&#8243; global_colors_info=&#8221;{}&#8221; theme_builder_area=&#8221;post_content&#8221; follow_button=&#8221;off&#8221; url_new_window=&#8221;on&#8221;]facebook[\/et_pb_social_media_follow_network][et_pb_social_media_follow_network social_network=&#8221;twitter&#8221; url=&#8221;https:\/\/twitter.com\/fundesplai&#8221; _builder_version=&#8221;4.0.11&#8243; background_color=&#8221;#00aced&#8221; global_colors_info=&#8221;{}&#8221; theme_builder_area=&#8221;post_content&#8221; follow_button=&#8221;off&#8221; url_new_window=&#8221;on&#8221;]twitter[\/et_pb_social_media_follow_network][et_pb_social_media_follow_network social_network=&#8221;instagram&#8221; url=&#8221;https:\/\/www.instagram.com\/fundesplai\/&#8221; _builder_version=&#8221;4.0.11&#8243; background_color=&#8221;#ea2c59&#8243; global_colors_info=&#8221;{}&#8221; theme_builder_area=&#8221;post_content&#8221; follow_button=&#8221;off&#8221; url_new_window=&#8221;on&#8221;]instagram[\/et_pb_social_media_follow_network][et_pb_social_media_follow_network social_network=&#8221;youtube&#8221; url=&#8221;https:\/\/www.youtube.com\/user\/Fundacioesplai&#8221; _builder_version=&#8221;4.0.11&#8243; background_color=&#8221;#a82400&#8243; global_colors_info=&#8221;{}&#8221; theme_builder_area=&#8221;post_content&#8221; follow_button=&#8221;off&#8221; url_new_window=&#8221;on&#8221;]youtube[\/et_pb_social_media_follow_network][\/et_pb_social_media_follow][et_pb_text admin_label=&#8221;Disclaimer&#8221; _builder_version=&#8221;4.7.2&#8243; header_6_font_size=&#8221;10px&#8221; global_colors_info=&#8221;{}&#8221; theme_builder_area=&#8221;post_content&#8221;]<\/p>\n<h6 style=\"text-align: justify;\">A l&#8217;efecte de l&#8217;establert en el Reglament (UE) 2016\/679 i la Llei 34\/2002, (LSSICE), l\u2019informem que les dades personals incloses en aquest correu electr\u00f2nic, formen part d&#8217;uns Fitxers titularitat de Fundaci\u00f3 Catalana de l\u2019Esplai i les Entitats vinculades, la finalitat de les quals \u00e9s gestionar les comunicacions i l\u2019enviament d\u2019informaci\u00f3 dels nostres serveis i activitats, sigui per la seva relaci\u00f3 pr\u00e8via o actual amb nosaltres. El tractament i conservaci\u00f3 d&#8217;aquestes dades es realitza amb confidencialitat, aplicant les corresponents mesures de seguretat i pel temps que duri la relaci\u00f3, fins el moment que revoqui el consentiment o, en defecte d&#8217;aix\u00f2, pel legalment establert. Les dades podran ser cedides a tercers prove\u00efdors de serveis del responsable i en els casos en qu\u00e8 existeixi una obligaci\u00f3 legal. No estan previstes transfer\u00e8ncies internacionals de les dades. La legitimaci\u00f3 per al tractament de les seves dades de car\u00e0cter personal deriva de les obligacions contractuals de l\u2019esmentada relaci\u00f3. Vost\u00e8, com a interessat directe, podr\u00e0, en tot moment, exercitar els drets d&#8217;acc\u00e9s, rectificaci\u00f3, supressi\u00f3, limitaci\u00f3 del tractament, portabilitat o oposici\u00f3 mitjan\u00e7ant un escrit, adjuntant el document acreditatiu de la seva identitat, dirigit a la Fundaci\u00f3 Catalana de l\u2019Esplai, amb C.I.F G 61096368 i domiciliada en C\/ Riu Anoia 42-54 \u2013 El Prat del Llobregat o a trav\u00e9s del correu electr\u00f2nic:\u00a0<a href=\"https:\/\/projectes.fundesplai.org\/canals?mailpoet_router&amp;endpoint=track&amp;action=click&amp;data=WyIzIiwiN2ZiNWI2IiwiNzY5IiwiNThjODc5MDc3YTg0IixmYWxzZV0\">dadespersonals@fundesplai.org<\/a>. Aquest missatge de correu electr\u00f2nic est\u00e0 dirigit exclusivament al destinatari o destinataris indicats en el mateix. La informaci\u00f3\u00a0 que cont\u00e9 pot ser confidencial i\/o privada, pel que est\u00e0 totalment prohibida la seva difusi\u00f3 o reproducci\u00f3. Si vost\u00e8 no \u00e9s el destinatari d&#8217;aquest missatge, si us plau retorni\u2019l immediatament a l&#8217;adre\u00e7a d&#8217;enviament i destrueixi\u2019l.<\/h6>\n<p>[\/et_pb_text][\/et_pb_column][et_pb_column type=&#8221;1_5&#8243; _builder_version=&#8221;4.0.11&#8243; global_colors_info=&#8221;{}&#8221; theme_builder_area=&#8221;post_content&#8221;][\/et_pb_column][\/et_pb_row][\/et_pb_section]<\/p>\n","protected":false},"excerpt":{"rendered":"<p>Jordi S\u00e0nchez, secretari general de Junts per Catalunya, visita la seu de Fundesplai Jordi S\u00e0nchez, secretari general de Junts per Catalunya, ha visitat avui Centre Esplai, la seu de Fundesplai al Prat de Llobregat. S\u00e0nchez s&#8217;ha reunit amb Josep Gass\u00f3 i Carles Xifra, president i director d&#8217;Innovaci\u00f3 i Contiguts de Fundesplai, respectivament.\u00a0 Aquesta visita s&#8217;emmarca [&hellip;]<\/p>\n","protected":false},"author":5,"featured_media":5388,"parent":0,"menu_order":0,"comment_status":"closed","ping_status":"closed","template":"page-template-blank.php","meta":{"_et_pb_use_builder":"on","_et_pb_old_content":"","_et_gb_content_width":"","footnotes":""},"class_list":["post-5379","page","type-page","status-publish","has-post-thumbnail","hentry"],"yoast_head":"<!-- This site is optimized with the Yoast SEO plugin v27.4 - https:\/\/yoast.com\/product\/yoast-seo-wordpress\/ -->\n<title>\u00a0Jordi S\u00e0nchez, secretari general de Junts per Catalunya, visita la seu de Fundesplai - Canals Electr\u00f2nics<\/title>\n<meta name=\"robots\" content=\"noindex, follow, max-snippet:-1, max-image-preview:large, max-video-preview:-1\" \/>\n<meta property=\"og:locale\" content=\"ca_ES\" \/>\n<meta property=\"og:type\" content=\"article\" \/>\n<meta property=\"og:title\" content=\"\u00a0Jordi S\u00e0nchez, secretari general de Junts per Catalunya, visita la seu de Fundesplai - Canals Electr\u00f2nics\" \/>\n<meta property=\"og:description\" content=\"Jordi S\u00e0nchez, secretari general de Junts per Catalunya, visita la seu de Fundesplai Jordi S\u00e0nchez, secretari general de Junts per Catalunya, ha visitat avui Centre Esplai, la seu de Fundesplai al Prat de Llobregat. S\u00e0nchez s&#039;ha reunit amb Josep Gass\u00f3 i Carles Xifra, president i director d&#039;Innovaci\u00f3 i Contiguts de Fundesplai, respectivament.\u00a0 Aquesta visita s&#039;emmarca [&hellip;]\" \/>\n<meta property=\"og:url\" content=\"https:\/\/projectes.fundesplai.org\/canals\/jordi-sanchez-secretari-general-de-junts-per-catalunya-visita-la-seu-de-fundesplai\/\" \/>\n<meta property=\"og:site_name\" content=\"Canals Electr\u00f2nics\" \/>\n<meta property=\"article:publisher\" content=\"https:\/\/www.facebook.com\/Fundesplai\/\" \/>\n<meta property=\"article:modified_time\" content=\"2021-11-26T13:43:28+00:00\" \/>\n<meta property=\"og:image\" content=\"https:\/\/projectes.fundesplai.org\/canals\/wp-content\/uploads\/sites\/44\/2021\/11\/JordiSanchez_xxss.jpg\" \/>\n\t<meta property=\"og:image:width\" content=\"1100\" \/>\n\t<meta property=\"og:image:height\" content=\"627\" \/>\n\t<meta property=\"og:image:type\" content=\"image\/jpeg\" \/>\n<meta name=\"twitter:card\" content=\"summary_large_image\" \/>\n<meta name=\"twitter:site\" content=\"@fundesplai\" \/>\n<meta name=\"twitter:label1\" content=\"Temps estimat de lectura\" \/>\n\t<meta name=\"twitter:data1\" content=\"3 minuts\" \/>\n<script type=\"application\/ld+json\" class=\"yoast-schema-graph\">{\"@context\":\"https:\\\/\\\/schema.org\",\"@graph\":[{\"@type\":\"WebPage\",\"@id\":\"https:\\\/\\\/projectes.fundesplai.org\\\/canals\\\/jordi-sanchez-secretari-general-de-junts-per-catalunya-visita-la-seu-de-fundesplai\\\/\",\"url\":\"https:\\\/\\\/projectes.fundesplai.org\\\/canals\\\/jordi-sanchez-secretari-general-de-junts-per-catalunya-visita-la-seu-de-fundesplai\\\/\",\"name\":\"\u00a0Jordi S\u00e0nchez, secretari general de Junts per Catalunya, visita la seu de Fundesplai - Canals Electr\u00f2nics\",\"isPartOf\":{\"@id\":\"https:\\\/\\\/projectes.fundesplai.org\\\/canals\\\/#website\"},\"primaryImageOfPage\":{\"@id\":\"https:\\\/\\\/projectes.fundesplai.org\\\/canals\\\/jordi-sanchez-secretari-general-de-junts-per-catalunya-visita-la-seu-de-fundesplai\\\/#primaryimage\"},\"image\":{\"@id\":\"https:\\\/\\\/projectes.fundesplai.org\\\/canals\\\/jordi-sanchez-secretari-general-de-junts-per-catalunya-visita-la-seu-de-fundesplai\\\/#primaryimage\"},\"thumbnailUrl\":\"https:\\\/\\\/projectes.fundesplai.org\\\/canals\\\/wp-content\\\/uploads\\\/sites\\\/44\\\/2021\\\/11\\\/JordiSanchez_xxss.jpg\",\"datePublished\":\"2021-11-26T13:43:25+00:00\",\"dateModified\":\"2021-11-26T13:43:28+00:00\",\"breadcrumb\":{\"@id\":\"https:\\\/\\\/projectes.fundesplai.org\\\/canals\\\/jordi-sanchez-secretari-general-de-junts-per-catalunya-visita-la-seu-de-fundesplai\\\/#breadcrumb\"},\"inLanguage\":\"ca\",\"potentialAction\":[{\"@type\":\"ReadAction\",\"target\":[\"https:\\\/\\\/projectes.fundesplai.org\\\/canals\\\/jordi-sanchez-secretari-general-de-junts-per-catalunya-visita-la-seu-de-fundesplai\\\/\"]}]},{\"@type\":\"ImageObject\",\"inLanguage\":\"ca\",\"@id\":\"https:\\\/\\\/projectes.fundesplai.org\\\/canals\\\/jordi-sanchez-secretari-general-de-junts-per-catalunya-visita-la-seu-de-fundesplai\\\/#primaryimage\",\"url\":\"https:\\\/\\\/projectes.fundesplai.org\\\/canals\\\/wp-content\\\/uploads\\\/sites\\\/44\\\/2021\\\/11\\\/JordiSanchez_xxss.jpg\",\"contentUrl\":\"https:\\\/\\\/projectes.fundesplai.org\\\/canals\\\/wp-content\\\/uploads\\\/sites\\\/44\\\/2021\\\/11\\\/JordiSanchez_xxss.jpg\",\"width\":1100,\"height\":627},{\"@type\":\"BreadcrumbList\",\"@id\":\"https:\\\/\\\/projectes.fundesplai.org\\\/canals\\\/jordi-sanchez-secretari-general-de-junts-per-catalunya-visita-la-seu-de-fundesplai\\\/#breadcrumb\",\"itemListElement\":[{\"@type\":\"ListItem\",\"position\":1,\"name\":\"Inici\",\"item\":\"https:\\\/\\\/projectes.fundesplai.org\\\/canals\\\/\"},{\"@type\":\"ListItem\",\"position\":2,\"name\":\"\u00a0Jordi S\u00e0nchez, secretari general de Junts per Catalunya, visita la seu de Fundesplai\"}]},{\"@type\":\"WebSite\",\"@id\":\"https:\\\/\\\/projectes.fundesplai.org\\\/canals\\\/#website\",\"url\":\"https:\\\/\\\/projectes.fundesplai.org\\\/canals\\\/\",\"name\":\"Blogs de Fundesplai\",\"description\":\"Un projecte de la Fundaci\u00f3 Catalana de l\\\\&#039;Esplai\",\"publisher\":{\"@id\":\"https:\\\/\\\/projectes.fundesplai.org\\\/canals\\\/#organization\"},\"potentialAction\":[{\"@type\":\"SearchAction\",\"target\":{\"@type\":\"EntryPoint\",\"urlTemplate\":\"https:\\\/\\\/projectes.fundesplai.org\\\/canals\\\/?s={search_term_string}\"},\"query-input\":{\"@type\":\"PropertyValueSpecification\",\"valueRequired\":true,\"valueName\":\"search_term_string\"}}],\"inLanguage\":\"ca\"},{\"@type\":\"Organization\",\"@id\":\"https:\\\/\\\/projectes.fundesplai.org\\\/canals\\\/#organization\",\"name\":\"Fundesplai\",\"url\":\"https:\\\/\\\/projectes.fundesplai.org\\\/canals\\\/\",\"logo\":{\"@type\":\"ImageObject\",\"inLanguage\":\"ca\",\"@id\":\"https:\\\/\\\/projectes.fundesplai.org\\\/canals\\\/#\\\/schema\\\/logo\\\/image\\\/\",\"url\":\"https:\\\/\\\/projectes.fundesplai.org\\\/canals\\\/wp-content\\\/uploads\\\/sites\\\/44\\\/2018\\\/10\\\/Avatar_Fundesplai.jpg\",\"contentUrl\":\"https:\\\/\\\/projectes.fundesplai.org\\\/canals\\\/wp-content\\\/uploads\\\/sites\\\/44\\\/2018\\\/10\\\/Avatar_Fundesplai.jpg\",\"width\":510,\"height\":510,\"caption\":\"Fundesplai\"},\"image\":{\"@id\":\"https:\\\/\\\/projectes.fundesplai.org\\\/canals\\\/#\\\/schema\\\/logo\\\/image\\\/\"},\"sameAs\":[\"https:\\\/\\\/www.facebook.com\\\/Fundesplai\\\/\",\"https:\\\/\\\/x.com\\\/fundesplai\",\"https:\\\/\\\/www.instagram.com\\\/fundesplai\\\/\",\"https:\\\/\\\/www.linkedin.com\\\/company\\\/fundesplai\\\/\",\"https:\\\/\\\/www.pinterest.es\\\/fundesplai\",\"https:\\\/\\\/www.youtube.com\\\/user\\\/Fundacioesplai\"]}]}<\/script>\n<!-- \/ Yoast SEO plugin. -->","yoast_head_json":{"title":"\u00a0Jordi S\u00e0nchez, secretari general de Junts per Catalunya, visita la seu de Fundesplai - Canals Electr\u00f2nics","robots":{"index":"noindex","follow":"follow","max-snippet":"max-snippet:-1","max-image-preview":"max-image-preview:large","max-video-preview":"max-video-preview:-1"},"og_locale":"ca_ES","og_type":"article","og_title":"\u00a0Jordi S\u00e0nchez, secretari general de Junts per Catalunya, visita la seu de Fundesplai - Canals Electr\u00f2nics","og_description":"Jordi S\u00e0nchez, secretari general de Junts per Catalunya, visita la seu de Fundesplai Jordi S\u00e0nchez, secretari general de Junts per Catalunya, ha visitat avui Centre Esplai, la seu de Fundesplai al Prat de Llobregat. S\u00e0nchez s'ha reunit amb Josep Gass\u00f3 i Carles Xifra, president i director d'Innovaci\u00f3 i Contiguts de Fundesplai, respectivament.\u00a0 Aquesta visita s'emmarca [&hellip;]","og_url":"https:\/\/projectes.fundesplai.org\/canals\/jordi-sanchez-secretari-general-de-junts-per-catalunya-visita-la-seu-de-fundesplai\/","og_site_name":"Canals Electr\u00f2nics","article_publisher":"https:\/\/www.facebook.com\/Fundesplai\/","article_modified_time":"2021-11-26T13:43:28+00:00","og_image":[{"width":1100,"height":627,"url":"https:\/\/projectes.fundesplai.org\/canals\/wp-content\/uploads\/sites\/44\/2021\/11\/JordiSanchez_xxss.jpg","type":"image\/jpeg"}],"twitter_card":"summary_large_image","twitter_site":"@fundesplai","twitter_misc":{"Temps estimat de lectura":"3 minuts"},"schema":{"@context":"https:\/\/schema.org","@graph":[{"@type":"WebPage","@id":"https:\/\/projectes.fundesplai.org\/canals\/jordi-sanchez-secretari-general-de-junts-per-catalunya-visita-la-seu-de-fundesplai\/","url":"https:\/\/projectes.fundesplai.org\/canals\/jordi-sanchez-secretari-general-de-junts-per-catalunya-visita-la-seu-de-fundesplai\/","name":"\u00a0Jordi S\u00e0nchez, secretari general de Junts per Catalunya, visita la seu de Fundesplai - Canals Electr\u00f2nics","isPartOf":{"@id":"https:\/\/projectes.fundesplai.org\/canals\/#website"},"primaryImageOfPage":{"@id":"https:\/\/projectes.fundesplai.org\/canals\/jordi-sanchez-secretari-general-de-junts-per-catalunya-visita-la-seu-de-fundesplai\/#primaryimage"},"image":{"@id":"https:\/\/projectes.fundesplai.org\/canals\/jordi-sanchez-secretari-general-de-junts-per-catalunya-visita-la-seu-de-fundesplai\/#primaryimage"},"thumbnailUrl":"https:\/\/projectes.fundesplai.org\/canals\/wp-content\/uploads\/sites\/44\/2021\/11\/JordiSanchez_xxss.jpg","datePublished":"2021-11-26T13:43:25+00:00","dateModified":"2021-11-26T13:43:28+00:00","breadcrumb":{"@id":"https:\/\/projectes.fundesplai.org\/canals\/jordi-sanchez-secretari-general-de-junts-per-catalunya-visita-la-seu-de-fundesplai\/#breadcrumb"},"inLanguage":"ca","potentialAction":[{"@type":"ReadAction","target":["https:\/\/projectes.fundesplai.org\/canals\/jordi-sanchez-secretari-general-de-junts-per-catalunya-visita-la-seu-de-fundesplai\/"]}]},{"@type":"ImageObject","inLanguage":"ca","@id":"https:\/\/projectes.fundesplai.org\/canals\/jordi-sanchez-secretari-general-de-junts-per-catalunya-visita-la-seu-de-fundesplai\/#primaryimage","url":"https:\/\/projectes.fundesplai.org\/canals\/wp-content\/uploads\/sites\/44\/2021\/11\/JordiSanchez_xxss.jpg","contentUrl":"https:\/\/projectes.fundesplai.org\/canals\/wp-content\/uploads\/sites\/44\/2021\/11\/JordiSanchez_xxss.jpg","width":1100,"height":627},{"@type":"BreadcrumbList","@id":"https:\/\/projectes.fundesplai.org\/canals\/jordi-sanchez-secretari-general-de-junts-per-catalunya-visita-la-seu-de-fundesplai\/#breadcrumb","itemListElement":[{"@type":"ListItem","position":1,"name":"Inici","item":"https:\/\/projectes.fundesplai.org\/canals\/"},{"@type":"ListItem","position":2,"name":"\u00a0Jordi S\u00e0nchez, secretari general de Junts per Catalunya, visita la seu de Fundesplai"}]},{"@type":"WebSite","@id":"https:\/\/projectes.fundesplai.org\/canals\/#website","url":"https:\/\/projectes.fundesplai.org\/canals\/","name":"Blogs de Fundesplai","description":"Un projecte de la Fundaci\u00f3 Catalana de l\\&#039;Esplai","publisher":{"@id":"https:\/\/projectes.fundesplai.org\/canals\/#organization"},"potentialAction":[{"@type":"SearchAction","target":{"@type":"EntryPoint","urlTemplate":"https:\/\/projectes.fundesplai.org\/canals\/?s={search_term_string}"},"query-input":{"@type":"PropertyValueSpecification","valueRequired":true,"valueName":"search_term_string"}}],"inLanguage":"ca"},{"@type":"Organization","@id":"https:\/\/projectes.fundesplai.org\/canals\/#organization","name":"Fundesplai","url":"https:\/\/projectes.fundesplai.org\/canals\/","logo":{"@type":"ImageObject","inLanguage":"ca","@id":"https:\/\/projectes.fundesplai.org\/canals\/#\/schema\/logo\/image\/","url":"https:\/\/projectes.fundesplai.org\/canals\/wp-content\/uploads\/sites\/44\/2018\/10\/Avatar_Fundesplai.jpg","contentUrl":"https:\/\/projectes.fundesplai.org\/canals\/wp-content\/uploads\/sites\/44\/2018\/10\/Avatar_Fundesplai.jpg","width":510,"height":510,"caption":"Fundesplai"},"image":{"@id":"https:\/\/projectes.fundesplai.org\/canals\/#\/schema\/logo\/image\/"},"sameAs":["https:\/\/www.facebook.com\/Fundesplai\/","https:\/\/x.com\/fundesplai","https:\/\/www.instagram.com\/fundesplai\/","https:\/\/www.linkedin.com\/company\/fundesplai\/","https:\/\/www.pinterest.es\/fundesplai","https:\/\/www.youtube.com\/user\/Fundacioesplai"]}]}},"_links":{"self":[{"href":"https:\/\/projectes.fundesplai.org\/canals\/wp-json\/wp\/v2\/pages\/5379","targetHints":{"allow":["GET"]}}],"collection":[{"href":"https:\/\/projectes.fundesplai.org\/canals\/wp-json\/wp\/v2\/pages"}],"about":[{"href":"https:\/\/projectes.fundesplai.org\/canals\/wp-json\/wp\/v2\/types\/page"}],"author":[{"embeddable":true,"href":"https:\/\/projectes.fundesplai.org\/canals\/wp-json\/wp\/v2\/users\/5"}],"replies":[{"embeddable":true,"href":"https:\/\/projectes.fundesplai.org\/canals\/wp-json\/wp\/v2\/comments?post=5379"}],"version-history":[{"count":3,"href":"https:\/\/projectes.fundesplai.org\/canals\/wp-json\/wp\/v2\/pages\/5379\/revisions"}],"predecessor-version":[{"id":5389,"href":"https:\/\/projectes.fundesplai.org\/canals\/wp-json\/wp\/v2\/pages\/5379\/revisions\/5389"}],"wp:featuredmedia":[{"embeddable":true,"href":"https:\/\/projectes.fundesplai.org\/canals\/wp-json\/wp\/v2\/media\/5388"}],"wp:attachment":[{"href":"https:\/\/projectes.fundesplai.org\/canals\/wp-json\/wp\/v2\/media?parent=5379"}],"curies":[{"name":"wp","href":"https:\/\/api.w.org\/{rel}","templated":true}]}}