{"id":5473,"date":"2022-01-17T13:01:18","date_gmt":"2022-01-17T12:01:18","guid":{"rendered":"https:\/\/projectes.fundesplai.org\/canals\/?page_id=5473"},"modified":"2022-01-17T13:05:18","modified_gmt":"2022-01-17T12:05:18","slug":"simposi","status":"publish","type":"page","link":"https:\/\/projectes.fundesplai.org\/canals\/simposi\/","title":{"rendered":"Simposi &#8220;Cap a on va l&#8217;educaci\u00f3 en el temps de lleure?&#8221;"},"content":{"rendered":"<p>[et_pb_section fb_built=&#8221;1&#8243; _builder_version=&#8221;3.22&#8243; global_colors_info=&#8221;{}&#8221;][et_pb_row _builder_version=&#8221;3.25&#8243; background_size=&#8221;initial&#8221; background_position=&#8221;top_left&#8221; background_repeat=&#8221;repeat&#8221; global_colors_info=&#8221;{}&#8221;][et_pb_column type=&#8221;4_4&#8243; _builder_version=&#8221;3.25&#8243; custom_padding=&#8221;|||&#8221; global_colors_info=&#8221;{}&#8221; custom_padding__hover=&#8221;|||&#8221;][et_pb_image src=&#8221;https:\/\/projectes.fundesplai.org\/canals\/wp-content\/uploads\/sites\/44\/2021\/10\/Fundesplai_mitja.jpg&#8221; title_text=&#8221;Fundesplai_mitja&#8221; admin_label=&#8221;Image&#8221; _builder_version=&#8221;4.13.1&#8243; _module_preset=&#8221;default&#8221; hover_enabled=&#8221;0&#8243; global_colors_info=&#8221;{}&#8221; width=&#8221;75%&#8221; sticky_enabled=&#8221;0&#8243; url=&#8221;https:\/\/fundesplai.org\/ca\/&#8221;][\/et_pb_image][et_pb_text _builder_version=&#8221;4.13.1&#8243; background_size=&#8221;initial&#8221; background_position=&#8221;top_left&#8221; background_repeat=&#8221;repeat&#8221; global_colors_info=&#8221;{}&#8221;]<\/p>\n<p>&nbsp;<\/p>\n<script type=\"text\/javascript\">var gform;gform||(document.addEventListener(\"gform_main_scripts_loaded\",function(){gform.scriptsLoaded=!0}),window.addEventListener(\"DOMContentLoaded\",function(){gform.domLoaded=!0}),gform={domLoaded:!1,scriptsLoaded:!1,initializeOnLoaded:function(o){gform.domLoaded&&gform.scriptsLoaded?o():!gform.domLoaded&&gform.scriptsLoaded?window.addEventListener(\"DOMContentLoaded\",o):document.addEventListener(\"gform_main_scripts_loaded\",o)},hooks:{action:{},filter:{}},addAction:function(o,n,r,t){gform.addHook(\"action\",o,n,r,t)},addFilter:function(o,n,r,t){gform.addHook(\"filter\",o,n,r,t)},doAction:function(o){gform.doHook(\"action\",o,arguments)},applyFilters:function(o){return gform.doHook(\"filter\",o,arguments)},removeAction:function(o,n){gform.removeHook(\"action\",o,n)},removeFilter:function(o,n,r){gform.removeHook(\"filter\",o,n,r)},addHook:function(o,n,r,t,i){null==gform.hooks[o][n]&&(gform.hooks[o][n]=[]);var e=gform.hooks[o][n];null==i&&(i=n+\"_\"+e.length),gform.hooks[o][n].push({tag:i,callable:r,priority:t=null==t?10:t})},doHook:function(n,o,r){var t;if(r=Array.prototype.slice.call(r,1),null!=gform.hooks[n][o]&&((o=gform.hooks[n][o]).sort(function(o,n){return o.priority-n.priority}),o.forEach(function(o){\"function\"!=typeof(t=o.callable)&&(t=window[t]),\"action\"==n?t.apply(null,r):r[0]=t.apply(null,r)})),\"filter\"==n)return r[0]},removeHook:function(o,n,t,i){var r;null!=gform.hooks[o][n]&&(r=(r=gform.hooks[o][n]).filter(function(o,n,r){return!!(null!=i&&i!=o.tag||null!=t&&t!=o.priority)}),gform.hooks[o][n]=r)}});<\/script>\n                <div class='gf_browser_gecko gform_wrapper gravity-theme' id='gform_wrapper_68' >\n                        <div class='gform_heading'>\n                            <h2 class=\"gform_title\">Simposi \"Cap a on va l'educaci\u00f3 en el temps de lleure?\"<\/h2>\n                            <span class='gform_description'>\nFundesplai organitza el simposi \"Cap a on va l'educaci\u00f3 en el temps de lleure?\" que tindr\u00e0 lloc el dimecres 2 de febrer en el marc del 17\u00e8 Congr\u00e9s d'Educaci\u00f3 Comparada que organitza la Universitat de Barcelona i la Universitat Aut\u00f2noma de Barcelona. La jornada es far\u00e0 al recinte de Llars Mundet de la Universitat de Barcelona entre les 14:30 i les 16:00 hores.<\/span>\n                        <\/div><form method='post' enctype='multipart\/form-data'  id='gform_68'  action='\/canals\/wp-json\/wp\/v2\/pages\/5473' >\n                        <div class='gform_body gform-body'><div id='gform_fields_68' class='gform_fields top_label form_sublabel_below description_below'><div id=\"field_68_7\" class=\"gfield gfield--width-full gfield_html gfield_html_formatted gfield_no_follows_desc field_sublabel_below field_description_below gfield_visibility_visible\" ><\/div><div id=\"field_68_2\" class=\"gfield gfield--width-half field_sublabel_below field_description_below gfield_visibility_visible\" ><label class='gfield_label' for='input_68_2' >NOM<\/label><div class='ginput_container ginput_container_text'><input name='input_2' id='input_68_2' type='text' value='' class='large'      aria-invalid=\"false\"   \/> <\/div><\/div><div id=\"field_68_1\" class=\"gfield gfield--width-half field_sublabel_below field_description_below gfield_visibility_visible\" ><label class='gfield_label' for='input_68_1' >COGNOMS<\/label><div class='ginput_container ginput_container_text'><input name='input_1' id='input_68_1' type='text' value='' class='large'      aria-invalid=\"false\"   \/> <\/div><\/div><div id=\"field_68_3\" class=\"gfield gfield--width-full field_sublabel_below field_description_below gfield_visibility_visible\" ><label class='gfield_label' for='input_68_3' >MAIL<\/label><div class='ginput_container ginput_container_text'><input name='input_3' id='input_68_3' type='text' value='' class='large'      aria-invalid=\"false\"   \/> <\/div><\/div><div id=\"field_68_4\" class=\"gfield gfield--width-full field_sublabel_below field_description_below gfield_visibility_visible\" ><label class='gfield_label' for='input_68_4' >ORGANITZACI\u00d3<\/label><div class='ginput_container ginput_container_text'><input name='input_4' id='input_68_4' type='text' value='' class='large'      aria-invalid=\"false\"   \/> <\/div><\/div><fieldset id=\"field_68_5\" class=\"gfield field_sublabel_below field_description_below gfield_visibility_visible\" ><legend class='gfield_label gfield_label_before_complex'  >Accepto<\/legend><div class='ginput_container ginput_container_consent'><input name='input_5.1' id='input_68_5_1' type='checkbox' value='1'  aria-describedby=\"gfield_consent_description_68_5 gfield_description_68_5\"  aria-invalid=\"false\"   \/> <label class=\"gfield_consent_label\" for='input_68_5_1' ><a href=\"https:\/\/fundesplai.org\/ca\/informacions\/politica-de-privacitat\">He llegit i accepto la pol\u00edtica de privacitat<\/a><\/label><input type='hidden' name='input_5.2' value='&lt;a href=&quot;https:\/\/fundesplai.org\/ca\/informacions\/politica-de-privacitat&quot;&gt;He llegit i accepto la pol\u00edtica de privacitat&lt;\/a&gt;' class='gform_hidden' \/><input type='hidden' name='input_5.3' value='5' class='gform_hidden' \/><\/div><div class='gfield_description gfield_consent_description' id='gfield_consent_description_68_5'>De conformitat amb el que disposa la normativa vigent en mat\u00e8ria de protecci\u00f3 de dades, t\u2019informem que les teves dades seran recollides i tractades per la Fundaci\u00f3 Catalana de l\u2019Esplai amb la finalitat de gestionar la teva participaci\u00f3 en l\u2019esdeveniment i directori de contactes. Tens dret a accedir a les teves dades personals, rectificar les dades inexactes, sol\u00b7licitar la seva supressi\u00f3 quan les dades ja no siguin necess\u00e0ries, limitaci\u00f3, portabilitat i oposici\u00f3, mitjan\u00e7ant escrit adre\u00e7at al Carrer Riu Anoia 42-54, 08820 El Prat del Llobregat o a trav\u00e9s del correu electr\u00f2nic: dadespersonals@fundesplai.org. Per obtenir m\u00e9s informaci\u00f3, consulti la nostra Pol\u00edtica de Privacitat a https:\/\/fundesplai.org\/ca\/informacions\/politica-de-privacitat<\/div><\/fieldset><\/div><\/div>\n        <div class='gform_footer top_label'> <input type='submit' id='gform_submit_button_68' class='gform_button button' value='Envia'  onclick='if(window[\"gf_submitting_68\"]){return false;}  window[\"gf_submitting_68\"]=true;  ' onkeypress='if( event.keyCode == 13 ){ if(window[\"gf_submitting_68\"]){return false;} window[\"gf_submitting_68\"]=true;  jQuery(\"#gform_68\").trigger(\"submit\",[true]); }' \/> \n            <input type='hidden' class='gform_hidden' name='is_submit_68' value='1' \/>\n            <input type='hidden' class='gform_hidden' name='gform_submit' value='68' \/>\n            \n            <input type='hidden' class='gform_hidden' name='gform_unique_id' value='' \/>\n            <input type='hidden' class='gform_hidden' name='state_68' value='WyJ7XCI1LjFcIjpcIjBmODhkYjgyYzAyNjBkNTRkZjdjN2MxYjlhZGM1ZGNiXCIsXCI1LjJcIjpcImJhODMwZTU5ZDQ5MDA3M2UzZDg2NGYyNTYyN2FhMDg0XCIsXCI1LjNcIjpcIjY0NTIxMTNmMDYxYmI5OTI2Zjc5ZmJhYmQyN2U4M2NkXCJ9IiwiODFhMzBlZDk1ODRlYjk5YzA3OTRiM2U1YzllNWViMmYiXQ==' \/>\n            <input type='hidden' class='gform_hidden' name='gform_target_page_number_68' id='gform_target_page_number_68' value='0' \/>\n            <input type='hidden' class='gform_hidden' name='gform_source_page_number_68' id='gform_source_page_number_68' value='1' \/>\n            <input type='hidden' name='gform_field_values' value='' \/>\n            \n        <\/div>\n                        <\/form>\n                        <\/div>\n<p>[\/et_pb_text][\/et_pb_column][\/et_pb_row][\/et_pb_section]<\/p>\n","protected":false},"excerpt":{"rendered":"\n                <div class='gf_browser_gecko gform_wrapper gravity-theme' id='gform_wrapper_68' >\n                        <div class='gform_heading'>\n                            <h2 class=\"gform_title\">Simposi \"Cap a on va l'educaci\u00f3 en el temps de lleure?\"<\/h2>\n                            <span class='gform_description'>\nFundesplai organitza el simposi \"Cap a on va l'educaci\u00f3 en el temps de lleure?\" que tindr\u00e0 lloc el dimecres 2 de febrer en el marc del 17\u00e8 Congr\u00e9s d'Educaci\u00f3 Comparada que organitza la Universitat de Barcelona i la Universitat Aut\u00f2noma de Barcelona. La jornada es far\u00e0 al recinte de Llars Mundet de la Universitat de Barcelona entre les 14:30 i les 16:00 hores.<\/span>\n                        <\/div><form method='post' enctype='multipart\/form-data'  id='gform_68'  action='\/canals\/wp-json\/wp\/v2\/pages\/5473' >\n                        <div class='gform_body gform-body'><div id='gform_fields_68' class='gform_fields top_label form_sublabel_below description_below'><div id=\"field_68_7\" class=\"gfield gfield--width-full gfield_html gfield_html_formatted gfield_no_follows_desc field_sublabel_below field_description_below gfield_visibility_visible\" ><\/div><div id=\"field_68_2\" class=\"gfield gfield--width-half field_sublabel_below field_description_below gfield_visibility_visible\" ><label class='gfield_label' for='input_68_2' >NOM<\/label><div class='ginput_container ginput_container_text'><input name='input_2' id='input_68_2' type='text' value='' class='large'      aria-invalid=\"false\"   \/> <\/div><\/div><div id=\"field_68_1\" class=\"gfield gfield--width-half field_sublabel_below field_description_below gfield_visibility_visible\" ><label class='gfield_label' for='input_68_1' >COGNOMS<\/label><div class='ginput_container ginput_container_text'><input name='input_1' id='input_68_1' type='text' value='' class='large'      aria-invalid=\"false\"   \/> <\/div><\/div><div id=\"field_68_3\" class=\"gfield gfield--width-full field_sublabel_below field_description_below gfield_visibility_visible\" ><label class='gfield_label' for='input_68_3' >MAIL<\/label><div class='ginput_container ginput_container_text'><input name='input_3' id='input_68_3' type='text' value='' class='large'      aria-invalid=\"false\"   \/> <\/div><\/div><div id=\"field_68_4\" class=\"gfield gfield--width-full field_sublabel_below field_description_below gfield_visibility_visible\" ><label class='gfield_label' for='input_68_4' >ORGANITZACI\u00d3<\/label><div class='ginput_container ginput_container_text'><input name='input_4' id='input_68_4' type='text' value='' class='large'      aria-invalid=\"false\"   \/> <\/div><\/div><fieldset id=\"field_68_5\" class=\"gfield field_sublabel_below field_description_below gfield_visibility_visible\" ><legend class='gfield_label gfield_label_before_complex'  >Accepto<\/legend><div class='ginput_container ginput_container_consent'><input name='input_5.1' id='input_68_5_1' type='checkbox' value='1'  aria-describedby=\"gfield_consent_description_68_5 gfield_description_68_5\"  aria-invalid=\"false\"   \/> <label class=\"gfield_consent_label\" for='input_68_5_1' ><a href=\"https:\/\/fundesplai.org\/ca\/informacions\/politica-de-privacitat\">He llegit i accepto la pol\u00edtica de privacitat<\/a><\/label><input type='hidden' name='input_5.2' value='&lt;a href=&quot;https:\/\/fundesplai.org\/ca\/informacions\/politica-de-privacitat&quot;&gt;He llegit i accepto la pol\u00edtica de privacitat&lt;\/a&gt;' class='gform_hidden' \/><input type='hidden' name='input_5.3' value='5' class='gform_hidden' \/><\/div><div class='gfield_description gfield_consent_description' id='gfield_consent_description_68_5'>De conformitat amb el que disposa la normativa vigent en mat\u00e8ria de protecci\u00f3 de dades, t\u2019informem que les teves dades seran recollides i tractades per la Fundaci\u00f3 Catalana de l\u2019Esplai amb la finalitat de gestionar la teva participaci\u00f3 en l\u2019esdeveniment i directori de contactes. Tens dret a accedir a les teves dades personals, rectificar les dades inexactes, sol\u00b7licitar la seva supressi\u00f3 quan les dades ja no siguin necess\u00e0ries, limitaci\u00f3, portabilitat i oposici\u00f3, mitjan\u00e7ant escrit adre\u00e7at al Carrer Riu Anoia 42-54, 08820 El Prat del Llobregat o a trav\u00e9s del correu electr\u00f2nic: dadespersonals@fundesplai.org. Per obtenir m\u00e9s informaci\u00f3, consulti la nostra Pol\u00edtica de Privacitat a https:\/\/fundesplai.org\/ca\/informacions\/politica-de-privacitat<\/div><\/fieldset><\/div><\/div>\n        <div class='gform_footer top_label'> <input type='submit' id='gform_submit_button_68' class='gform_button button' value='Envia'  onclick='if(window[\"gf_submitting_68\"]){return false;}  window[\"gf_submitting_68\"]=true;  ' onkeypress='if( event.keyCode == 13 ){ if(window[\"gf_submitting_68\"]){return false;} window[\"gf_submitting_68\"]=true;  jQuery(\"#gform_68\").trigger(\"submit\",[true]); }' \/> \n            <input type='hidden' class='gform_hidden' name='is_submit_68' value='1' \/>\n            <input type='hidden' class='gform_hidden' name='gform_submit' value='68' \/>\n            \n            <input type='hidden' class='gform_hidden' name='gform_unique_id' value='' \/>\n            <input type='hidden' class='gform_hidden' name='state_68' value='WyJ7XCI1LjFcIjpcIjBmODhkYjgyYzAyNjBkNTRkZjdjN2MxYjlhZGM1ZGNiXCIsXCI1LjJcIjpcImJhODMwZTU5ZDQ5MDA3M2UzZDg2NGYyNTYyN2FhMDg0XCIsXCI1LjNcIjpcIjY0NTIxMTNmMDYxYmI5OTI2Zjc5ZmJhYmQyN2U4M2NkXCJ9IiwiODFhMzBlZDk1ODRlYjk5YzA3OTRiM2U1YzllNWViMmYiXQ==' \/>\n            <input type='hidden' class='gform_hidden' name='gform_target_page_number_68' id='gform_target_page_number_68' value='0' \/>\n            <input type='hidden' class='gform_hidden' name='gform_source_page_number_68' id='gform_source_page_number_68' value='1' \/>\n            <input type='hidden' name='gform_field_values' value='' \/>\n            \n        <\/div>\n                        <\/form>\n                        <\/div>\n","protected":false},"author":5,"featured_media":0,"parent":0,"menu_order":0,"comment_status":"closed","ping_status":"closed","template":"page-template-blank.php","meta":{"_et_pb_use_builder":"on","_et_pb_old_content":"","_et_gb_content_width":"","footnotes":""},"class_list":["post-5473","page","type-page","status-publish","hentry"],"yoast_head":"<!-- This site is optimized with the Yoast SEO plugin v27.6 - https:\/\/yoast.com\/product\/yoast-seo-wordpress\/ -->\n<title>Simposi &quot;Cap a on va l&#039;educaci\u00f3 en el temps de lleure?&quot; - Canals Electr\u00f2nics<\/title>\n<meta name=\"robots\" content=\"noindex, follow, max-snippet:-1, max-image-preview:large, max-video-preview:-1\" \/>\n<meta property=\"og:locale\" content=\"ca_ES\" \/>\n<meta property=\"og:type\" content=\"article\" \/>\n<meta property=\"og:title\" content=\"Simposi &quot;Cap a on va l&#039;educaci\u00f3 en el temps de lleure?&quot; - Canals Electr\u00f2nics\" \/>\n<meta property=\"og:description\" content=\"&nbsp;\" \/>\n<meta property=\"og:url\" content=\"https:\/\/projectes.fundesplai.org\/canals\/simposi\/\" \/>\n<meta property=\"og:site_name\" content=\"Canals Electr\u00f2nics\" \/>\n<meta property=\"article:publisher\" content=\"https:\/\/www.facebook.com\/Fundesplai\/\" \/>\n<meta property=\"article:modified_time\" content=\"2022-01-17T12:05:18+00:00\" \/>\n<meta name=\"twitter:card\" content=\"summary_large_image\" \/>\n<meta name=\"twitter:site\" content=\"@fundesplai\" \/>\n<meta name=\"twitter:label1\" content=\"Temps estimat de lectura\" \/>\n\t<meta name=\"twitter:data1\" content=\"1 minut\" \/>\n<script type=\"application\/ld+json\" class=\"yoast-schema-graph\">{\"@context\":\"https:\\\/\\\/schema.org\",\"@graph\":[{\"@type\":\"WebPage\",\"@id\":\"https:\\\/\\\/projectes.fundesplai.org\\\/canals\\\/simposi\\\/\",\"url\":\"https:\\\/\\\/projectes.fundesplai.org\\\/canals\\\/simposi\\\/\",\"name\":\"Simposi \\\"Cap a on va l'educaci\u00f3 en el temps de lleure?\\\" - Canals Electr\u00f2nics\",\"isPartOf\":{\"@id\":\"https:\\\/\\\/projectes.fundesplai.org\\\/canals\\\/#website\"},\"datePublished\":\"2022-01-17T12:01:18+00:00\",\"dateModified\":\"2022-01-17T12:05:18+00:00\",\"breadcrumb\":{\"@id\":\"https:\\\/\\\/projectes.fundesplai.org\\\/canals\\\/simposi\\\/#breadcrumb\"},\"inLanguage\":\"ca\",\"potentialAction\":[{\"@type\":\"ReadAction\",\"target\":[\"https:\\\/\\\/projectes.fundesplai.org\\\/canals\\\/simposi\\\/\"]}]},{\"@type\":\"BreadcrumbList\",\"@id\":\"https:\\\/\\\/projectes.fundesplai.org\\\/canals\\\/simposi\\\/#breadcrumb\",\"itemListElement\":[{\"@type\":\"ListItem\",\"position\":1,\"name\":\"Inici\",\"item\":\"https:\\\/\\\/projectes.fundesplai.org\\\/canals\\\/\"},{\"@type\":\"ListItem\",\"position\":2,\"name\":\"Simposi &#8220;Cap a on va l&#8217;educaci\u00f3 en el temps de lleure?&#8221;\"}]},{\"@type\":\"WebSite\",\"@id\":\"https:\\\/\\\/projectes.fundesplai.org\\\/canals\\\/#website\",\"url\":\"https:\\\/\\\/projectes.fundesplai.org\\\/canals\\\/\",\"name\":\"Blogs de Fundesplai\",\"description\":\"Un projecte de la Fundaci\u00f3 Catalana de l\\\\&#039;Esplai\",\"publisher\":{\"@id\":\"https:\\\/\\\/projectes.fundesplai.org\\\/canals\\\/#organization\"},\"potentialAction\":[{\"@type\":\"SearchAction\",\"target\":{\"@type\":\"EntryPoint\",\"urlTemplate\":\"https:\\\/\\\/projectes.fundesplai.org\\\/canals\\\/?s={search_term_string}\"},\"query-input\":{\"@type\":\"PropertyValueSpecification\",\"valueRequired\":true,\"valueName\":\"search_term_string\"}}],\"inLanguage\":\"ca\"},{\"@type\":\"Organization\",\"@id\":\"https:\\\/\\\/projectes.fundesplai.org\\\/canals\\\/#organization\",\"name\":\"Fundesplai\",\"url\":\"https:\\\/\\\/projectes.fundesplai.org\\\/canals\\\/\",\"logo\":{\"@type\":\"ImageObject\",\"inLanguage\":\"ca\",\"@id\":\"https:\\\/\\\/projectes.fundesplai.org\\\/canals\\\/#\\\/schema\\\/logo\\\/image\\\/\",\"url\":\"https:\\\/\\\/projectes.fundesplai.org\\\/canals\\\/wp-content\\\/uploads\\\/sites\\\/44\\\/2018\\\/10\\\/Avatar_Fundesplai.jpg\",\"contentUrl\":\"https:\\\/\\\/projectes.fundesplai.org\\\/canals\\\/wp-content\\\/uploads\\\/sites\\\/44\\\/2018\\\/10\\\/Avatar_Fundesplai.jpg\",\"width\":510,\"height\":510,\"caption\":\"Fundesplai\"},\"image\":{\"@id\":\"https:\\\/\\\/projectes.fundesplai.org\\\/canals\\\/#\\\/schema\\\/logo\\\/image\\\/\"},\"sameAs\":[\"https:\\\/\\\/www.facebook.com\\\/Fundesplai\\\/\",\"https:\\\/\\\/x.com\\\/fundesplai\",\"https:\\\/\\\/www.instagram.com\\\/fundesplai\\\/\",\"https:\\\/\\\/www.linkedin.com\\\/company\\\/fundesplai\\\/\",\"https:\\\/\\\/www.pinterest.es\\\/fundesplai\",\"https:\\\/\\\/www.youtube.com\\\/user\\\/Fundacioesplai\"]}]}<\/script>\n<!-- \/ Yoast SEO plugin. -->","yoast_head_json":{"title":"Simposi \"Cap a on va l'educaci\u00f3 en el temps de lleure?\" - Canals Electr\u00f2nics","robots":{"index":"noindex","follow":"follow","max-snippet":"max-snippet:-1","max-image-preview":"max-image-preview:large","max-video-preview":"max-video-preview:-1"},"og_locale":"ca_ES","og_type":"article","og_title":"Simposi \"Cap a on va l'educaci\u00f3 en el temps de lleure?\" - Canals Electr\u00f2nics","og_description":"&nbsp;","og_url":"https:\/\/projectes.fundesplai.org\/canals\/simposi\/","og_site_name":"Canals Electr\u00f2nics","article_publisher":"https:\/\/www.facebook.com\/Fundesplai\/","article_modified_time":"2022-01-17T12:05:18+00:00","twitter_card":"summary_large_image","twitter_site":"@fundesplai","twitter_misc":{"Temps estimat de lectura":"1 minut"},"schema":{"@context":"https:\/\/schema.org","@graph":[{"@type":"WebPage","@id":"https:\/\/projectes.fundesplai.org\/canals\/simposi\/","url":"https:\/\/projectes.fundesplai.org\/canals\/simposi\/","name":"Simposi \"Cap a on va l'educaci\u00f3 en el temps de lleure?\" - Canals Electr\u00f2nics","isPartOf":{"@id":"https:\/\/projectes.fundesplai.org\/canals\/#website"},"datePublished":"2022-01-17T12:01:18+00:00","dateModified":"2022-01-17T12:05:18+00:00","breadcrumb":{"@id":"https:\/\/projectes.fundesplai.org\/canals\/simposi\/#breadcrumb"},"inLanguage":"ca","potentialAction":[{"@type":"ReadAction","target":["https:\/\/projectes.fundesplai.org\/canals\/simposi\/"]}]},{"@type":"BreadcrumbList","@id":"https:\/\/projectes.fundesplai.org\/canals\/simposi\/#breadcrumb","itemListElement":[{"@type":"ListItem","position":1,"name":"Inici","item":"https:\/\/projectes.fundesplai.org\/canals\/"},{"@type":"ListItem","position":2,"name":"Simposi &#8220;Cap a on va l&#8217;educaci\u00f3 en el temps de lleure?&#8221;"}]},{"@type":"WebSite","@id":"https:\/\/projectes.fundesplai.org\/canals\/#website","url":"https:\/\/projectes.fundesplai.org\/canals\/","name":"Blogs de Fundesplai","description":"Un projecte de la Fundaci\u00f3 Catalana de l\\&#039;Esplai","publisher":{"@id":"https:\/\/projectes.fundesplai.org\/canals\/#organization"},"potentialAction":[{"@type":"SearchAction","target":{"@type":"EntryPoint","urlTemplate":"https:\/\/projectes.fundesplai.org\/canals\/?s={search_term_string}"},"query-input":{"@type":"PropertyValueSpecification","valueRequired":true,"valueName":"search_term_string"}}],"inLanguage":"ca"},{"@type":"Organization","@id":"https:\/\/projectes.fundesplai.org\/canals\/#organization","name":"Fundesplai","url":"https:\/\/projectes.fundesplai.org\/canals\/","logo":{"@type":"ImageObject","inLanguage":"ca","@id":"https:\/\/projectes.fundesplai.org\/canals\/#\/schema\/logo\/image\/","url":"https:\/\/projectes.fundesplai.org\/canals\/wp-content\/uploads\/sites\/44\/2018\/10\/Avatar_Fundesplai.jpg","contentUrl":"https:\/\/projectes.fundesplai.org\/canals\/wp-content\/uploads\/sites\/44\/2018\/10\/Avatar_Fundesplai.jpg","width":510,"height":510,"caption":"Fundesplai"},"image":{"@id":"https:\/\/projectes.fundesplai.org\/canals\/#\/schema\/logo\/image\/"},"sameAs":["https:\/\/www.facebook.com\/Fundesplai\/","https:\/\/x.com\/fundesplai","https:\/\/www.instagram.com\/fundesplai\/","https:\/\/www.linkedin.com\/company\/fundesplai\/","https:\/\/www.pinterest.es\/fundesplai","https:\/\/www.youtube.com\/user\/Fundacioesplai"]}]}},"_links":{"self":[{"href":"https:\/\/projectes.fundesplai.org\/canals\/wp-json\/wp\/v2\/pages\/5473","targetHints":{"allow":["GET"]}}],"collection":[{"href":"https:\/\/projectes.fundesplai.org\/canals\/wp-json\/wp\/v2\/pages"}],"about":[{"href":"https:\/\/projectes.fundesplai.org\/canals\/wp-json\/wp\/v2\/types\/page"}],"author":[{"embeddable":true,"href":"https:\/\/projectes.fundesplai.org\/canals\/wp-json\/wp\/v2\/users\/5"}],"replies":[{"embeddable":true,"href":"https:\/\/projectes.fundesplai.org\/canals\/wp-json\/wp\/v2\/comments?post=5473"}],"version-history":[{"count":7,"href":"https:\/\/projectes.fundesplai.org\/canals\/wp-json\/wp\/v2\/pages\/5473\/revisions"}],"predecessor-version":[{"id":5482,"href":"https:\/\/projectes.fundesplai.org\/canals\/wp-json\/wp\/v2\/pages\/5473\/revisions\/5482"}],"wp:attachment":[{"href":"https:\/\/projectes.fundesplai.org\/canals\/wp-json\/wp\/v2\/media?parent=5473"}],"curies":[{"name":"wp","href":"https:\/\/api.w.org\/{rel}","templated":true}]}}