{"id":969,"date":"2018-02-05T16:34:09","date_gmt":"2018-02-05T15:34:09","guid":{"rendered":"http:\/\/projectes.fundesplai.org\/canals\/?page_id=969"},"modified":"2020-03-09T17:08:48","modified_gmt":"2020-03-09T16:08:48","slug":"samarreta-fundesplai-2020","status":"publish","type":"page","link":"https:\/\/projectes.fundesplai.org\/canals\/samarreta-fundesplai-2020\/","title":{"rendered":"Ajuda\u2019ns a escollir el color de la nova #samarretafundesplai !"},"content":{"rendered":"<p>[et_pb_section fb_built=&#8221;1&#8243; _builder_version=&#8221;3.22&#8243;][et_pb_row column_structure=&#8221;1_3,1_3,1_3&#8243; _builder_version=&#8221;3.25&#8243; background_size=&#8221;initial&#8221; background_position=&#8221;top_left&#8221; background_repeat=&#8221;repeat&#8221;][et_pb_column type=&#8221;1_3&#8243; _builder_version=&#8221;3.25&#8243; custom_padding=&#8221;|||&#8221; custom_padding__hover=&#8221;|||&#8221;][\/et_pb_column][et_pb_column type=&#8221;1_3&#8243; _builder_version=&#8221;3.25&#8243; custom_padding=&#8221;|||&#8221; custom_padding__hover=&#8221;|||&#8221;][et_pb_image src=&#8221;https:\/\/projectes.fundesplai.org\/canals\/wp-content\/uploads\/sites\/44\/2017\/11\/Fundesplai_petit.jpg&#8221; align_tablet=&#8221;center&#8221; align_phone=&#8221;&#8221; align_last_edited=&#8221;on|desktop&#8221; _builder_version=&#8221;4.0.11&#8243; mix_blend_mode=&#8221;multiply&#8221; animation_style=&#8221;slide&#8221;][\/et_pb_image][\/et_pb_column][et_pb_column type=&#8221;1_3&#8243; _builder_version=&#8221;3.25&#8243; custom_padding=&#8221;|||&#8221; custom_padding__hover=&#8221;|||&#8221;][\/et_pb_column][\/et_pb_row][et_pb_row column_structure=&#8221;1_3,1_3,1_3&#8243; _builder_version=&#8221;3.25&#8243; background_size=&#8221;initial&#8221; background_position=&#8221;top_left&#8221; background_repeat=&#8221;repeat&#8221;][et_pb_column type=&#8221;1_3&#8243; _builder_version=&#8221;3.25&#8243; custom_padding=&#8221;|||&#8221; custom_padding__hover=&#8221;|||&#8221;][et_pb_image src=&#8221;https:\/\/projectes.fundesplai.org\/canals\/wp-content\/uploads\/sites\/44\/2020\/03\/1-blanca.jpg&#8221; align_tablet=&#8221;center&#8221; align_phone=&#8221;&#8221; align_last_edited=&#8221;on|desktop&#8221; _builder_version=&#8221;4.0.11&#8243; mix_blend_mode=&#8221;multiply&#8221; animation_style=&#8221;slide&#8221;][\/et_pb_image][\/et_pb_column][et_pb_column type=&#8221;1_3&#8243; _builder_version=&#8221;3.25&#8243; custom_padding=&#8221;|||&#8221; custom_padding__hover=&#8221;|||&#8221;][et_pb_image src=&#8221;https:\/\/projectes.fundesplai.org\/canals\/wp-content\/uploads\/sites\/44\/2020\/03\/2-grisa.jpg&#8221; align_tablet=&#8221;center&#8221; align_phone=&#8221;&#8221; align_last_edited=&#8221;on|desktop&#8221; _builder_version=&#8221;4.0.11&#8243; mix_blend_mode=&#8221;multiply&#8221; animation_style=&#8221;slide&#8221;][\/et_pb_image][\/et_pb_column][et_pb_column type=&#8221;1_3&#8243; _builder_version=&#8221;3.25&#8243; custom_padding=&#8221;|||&#8221; custom_padding__hover=&#8221;|||&#8221;][et_pb_image src=&#8221;https:\/\/projectes.fundesplai.org\/canals\/wp-content\/uploads\/sites\/44\/2020\/03\/3-verda.jpg&#8221; align_tablet=&#8221;center&#8221; align_phone=&#8221;&#8221; align_last_edited=&#8221;on|desktop&#8221; _builder_version=&#8221;4.0.11&#8243; mix_blend_mode=&#8221;multiply&#8221; animation_style=&#8221;slide&#8221; animation_delay=&#8221;500ms&#8221;][\/et_pb_image][\/et_pb_column][\/et_pb_row][\/et_pb_section][et_pb_section fb_built=&#8221;1&#8243; _builder_version=&#8221;3.22&#8243;][et_pb_row _builder_version=&#8221;3.25&#8243; background_size=&#8221;initial&#8221; background_position=&#8221;top_left&#8221; background_repeat=&#8221;repeat&#8221;][et_pb_column type=&#8221;4_4&#8243; _builder_version=&#8221;3.25&#8243; custom_padding=&#8221;|||&#8221; custom_padding__hover=&#8221;|||&#8221;][et_pb_text admin_label=&#8221;Formulari&#8221; _builder_version=&#8221;4.0.11&#8243;]<\/p>\n\n<p>[\/et_pb_text][et_pb_text _builder_version=&#8221;4.0.11&#8243; text_font=&#8221;|600|||||||&#8221; text_font_size=&#8221;20px&#8221; text_letter_spacing=&#8221;2px&#8221; text_line_height=&#8221;2.4em&#8221; header_font=&#8221;|700||||on|||&#8221; header_text_align=&#8221;center&#8221; header_font_size=&#8221;32px&#8221; header_2_line_height=&#8221;1.1em&#8221; header_3_line_height=&#8221;1.2em&#8221; text_orientation=&#8221;center&#8221;]<\/p>\n<p><div class=\"et_social_networks no_networks_selected\"><\/div><br \/><script src=\"\/\/platform-api.sharethis.com\/js\/sharethis.js#property=5c3db8c3da95b60013d4a7e2&amp;product=inline-follow-buttons\"><\/script> \u00a0 <\/p>\n<div class=\"sharethis-inline-follow-buttons\">\u00a0<\/div>\n<p><script src=\"http:\/\/platform.twitter.com\/widgets.js\" type=\"text\/javascript\"><\/script><\/p>\n<h2 style=\"text-align: center;\"><strong>Hola! Un any m\u00e9s necessitem la vostra col\u00b7laboraci\u00f3 per decidir el color de la nova samarreta de Fundesplai!<\/strong><\/h2>\n<p>&nbsp;<\/p>\n<h3 style=\"text-align: center;\">Enguany volem que faci refer\u00e8ncia a la proposta educativa <a href=\"https:\/\/projectes.fundesplai.org\/nusos\/\">&#8220;<strong>Nusos&#8221;<\/strong><\/a>, que durant tot el curs estem treballant en els esplais i escoles on Fundesplai est\u00e0 present, i amb la qual volem avan\u00e7ar, a trav\u00e9s de l\u2019educaci\u00f3 en el lleure, cap a la ciutadania global<\/h3>\n<h3 style=\"text-align: center;\">Ja tenim la samarreta dissenyada, per\u00f2 necessitem decidir si la fem sobre una samarreta blanca, grisa o verda.<\/h3>\n<h4 style=\"text-align: center;\"><strong>Voteu el vostre color preferit triant el color a la casella corresponent i amb les vostres dades i feu click a &#8220;enviar&#8221;! <\/strong><\/h4>\n<h4 style=\"text-align: center;\"><strong>Teniu fins el divendres 13 de mar\u00e7!<\/strong><\/h4>\n<p>[\/et_pb_text][\/et_pb_column][\/et_pb_row][\/et_pb_section]<\/p>\n","protected":false},"excerpt":{"rendered":"<p><div class=\"et_social_networks no_networks_selected\"><\/div> \u00a0 \u00a0 Hola! Un any m\u00e9s necessitem la vostra col\u00b7laboraci\u00f3 per decidir el color de la nova samarreta de Fundesplai! &nbsp; Enguany volem que faci refer\u00e8ncia a la proposta educativa &#8220;Nusos&#8221;, que durant tot el curs estem treballant en els esplais i [&hellip;]<\/p>\n","protected":false},"author":5,"featured_media":3865,"parent":0,"menu_order":0,"comment_status":"closed","ping_status":"closed","template":"page-template-blank.php","meta":{"_et_pb_use_builder":"on","_et_pb_old_content":"","_et_gb_content_width":"","footnotes":""},"class_list":["post-969","page","type-page","status-publish","has-post-thumbnail","hentry"],"yoast_head":"<!-- This site is optimized with the Yoast SEO plugin v27.5 - https:\/\/yoast.com\/product\/yoast-seo-wordpress\/ -->\n<title>Ja he votat el color de la #samarretafundesplai 2020. Vota la teva opci\u00f3!<\/title>\n<meta name=\"description\" content=\"Ja he votat la #samarretafundesplai 2020. Vota la teva opci\u00f3!\" \/>\n<meta name=\"robots\" content=\"noindex, follow, max-snippet:-1, max-image-preview:large, max-video-preview:-1\" \/>\n<meta property=\"og:locale\" content=\"ca_ES\" \/>\n<meta property=\"og:type\" content=\"article\" \/>\n<meta property=\"og:title\" content=\"Ja he votat la #samarretafundesplai 2020. Vota la teva opci\u00f3!\" \/>\n<meta property=\"og:description\" content=\"Aquest any la samarreta de Fundesplai portar\u00e0 el logo de &quot;Nusos&quot;, la proposta educativa per la ciutadania global i els #ODS que estan treballant les escoles i els esplais on l&#039;entitat est\u00e0 present.\" \/>\n<meta property=\"og:url\" content=\"https:\/\/projectes.fundesplai.org\/canals\/samarreta-fundesplai-2020\/\" \/>\n<meta property=\"og:site_name\" content=\"Canals Electr\u00f2nics\" \/>\n<meta property=\"article:publisher\" content=\"https:\/\/www.facebook.com\/Fundesplai\/\" \/>\n<meta property=\"article:modified_time\" content=\"2020-03-09T16:08:48+00:00\" \/>\n<meta property=\"og:image\" content=\"https:\/\/projectes.fundesplai.org\/canals\/wp-content\/uploads\/sites\/44\/2020\/03\/samarreta2020def.jpg\" \/>\n\t<meta property=\"og:image:width\" content=\"1608\" \/>\n\t<meta property=\"og:image:height\" content=\"681\" \/>\n\t<meta property=\"og:image:type\" content=\"image\/jpeg\" \/>\n<meta name=\"twitter:card\" content=\"summary_large_image\" \/>\n<meta name=\"twitter:title\" content=\"Ja he votat la #samarretafundesplai 2020. Vota la teva opci\u00f3!\" \/>\n<meta name=\"twitter:description\" content=\"Aquest any la samarreta de Fundesplai portar\u00e0 el logo de &quot;Nusos&quot;, la proposta educativa per la ciutadania global i els #ODS que estan treballant les escoles i els esplais on l&#039;entitat est\u00e0 present.\" \/>\n<meta name=\"twitter:image\" content=\"https:\/\/projectes.fundesplai.org\/canals\/wp-content\/uploads\/sites\/44\/2020\/03\/samarreta2020def.jpg\" \/>\n<meta name=\"twitter:site\" content=\"@fundesplai\" \/>\n<meta name=\"twitter:label1\" content=\"Temps estimat de lectura\" \/>\n\t<meta name=\"twitter:data1\" content=\"3 minuts\" \/>\n<script type=\"application\/ld+json\" class=\"yoast-schema-graph\">{\"@context\":\"https:\\\/\\\/schema.org\",\"@graph\":[{\"@type\":\"WebPage\",\"@id\":\"https:\\\/\\\/projectes.fundesplai.org\\\/canals\\\/samarreta-fundesplai-2020\\\/\",\"url\":\"https:\\\/\\\/projectes.fundesplai.org\\\/canals\\\/samarreta-fundesplai-2020\\\/\",\"name\":\"Ja he votat el color de la #samarretafundesplai 2020. Vota la teva opci\u00f3!\",\"isPartOf\":{\"@id\":\"https:\\\/\\\/projectes.fundesplai.org\\\/canals\\\/#website\"},\"primaryImageOfPage\":{\"@id\":\"https:\\\/\\\/projectes.fundesplai.org\\\/canals\\\/samarreta-fundesplai-2020\\\/#primaryimage\"},\"image\":{\"@id\":\"https:\\\/\\\/projectes.fundesplai.org\\\/canals\\\/samarreta-fundesplai-2020\\\/#primaryimage\"},\"thumbnailUrl\":\"https:\\\/\\\/projectes.fundesplai.org\\\/canals\\\/wp-content\\\/uploads\\\/sites\\\/44\\\/2020\\\/03\\\/samarreta2020def.jpg\",\"datePublished\":\"2018-02-05T15:34:09+00:00\",\"dateModified\":\"2020-03-09T16:08:48+00:00\",\"description\":\"Ja he votat la #samarretafundesplai 2020. Vota la teva opci\u00f3!\",\"breadcrumb\":{\"@id\":\"https:\\\/\\\/projectes.fundesplai.org\\\/canals\\\/samarreta-fundesplai-2020\\\/#breadcrumb\"},\"inLanguage\":\"ca\",\"potentialAction\":[{\"@type\":\"ReadAction\",\"target\":[\"https:\\\/\\\/projectes.fundesplai.org\\\/canals\\\/samarreta-fundesplai-2020\\\/\"]}]},{\"@type\":\"ImageObject\",\"inLanguage\":\"ca\",\"@id\":\"https:\\\/\\\/projectes.fundesplai.org\\\/canals\\\/samarreta-fundesplai-2020\\\/#primaryimage\",\"url\":\"https:\\\/\\\/projectes.fundesplai.org\\\/canals\\\/wp-content\\\/uploads\\\/sites\\\/44\\\/2020\\\/03\\\/samarreta2020def.jpg\",\"contentUrl\":\"https:\\\/\\\/projectes.fundesplai.org\\\/canals\\\/wp-content\\\/uploads\\\/sites\\\/44\\\/2020\\\/03\\\/samarreta2020def.jpg\",\"width\":1608,\"height\":681},{\"@type\":\"BreadcrumbList\",\"@id\":\"https:\\\/\\\/projectes.fundesplai.org\\\/canals\\\/samarreta-fundesplai-2020\\\/#breadcrumb\",\"itemListElement\":[{\"@type\":\"ListItem\",\"position\":1,\"name\":\"Inici\",\"item\":\"https:\\\/\\\/projectes.fundesplai.org\\\/canals\\\/\"},{\"@type\":\"ListItem\",\"position\":2,\"name\":\"Ajuda\u2019ns a escollir el color de la nova #samarretafundesplai !\"}]},{\"@type\":\"WebSite\",\"@id\":\"https:\\\/\\\/projectes.fundesplai.org\\\/canals\\\/#website\",\"url\":\"https:\\\/\\\/projectes.fundesplai.org\\\/canals\\\/\",\"name\":\"Blogs de Fundesplai\",\"description\":\"Un projecte de la Fundaci\u00f3 Catalana de l\\\\&#039;Esplai\",\"publisher\":{\"@id\":\"https:\\\/\\\/projectes.fundesplai.org\\\/canals\\\/#organization\"},\"potentialAction\":[{\"@type\":\"SearchAction\",\"target\":{\"@type\":\"EntryPoint\",\"urlTemplate\":\"https:\\\/\\\/projectes.fundesplai.org\\\/canals\\\/?s={search_term_string}\"},\"query-input\":{\"@type\":\"PropertyValueSpecification\",\"valueRequired\":true,\"valueName\":\"search_term_string\"}}],\"inLanguage\":\"ca\"},{\"@type\":\"Organization\",\"@id\":\"https:\\\/\\\/projectes.fundesplai.org\\\/canals\\\/#organization\",\"name\":\"Fundesplai\",\"url\":\"https:\\\/\\\/projectes.fundesplai.org\\\/canals\\\/\",\"logo\":{\"@type\":\"ImageObject\",\"inLanguage\":\"ca\",\"@id\":\"https:\\\/\\\/projectes.fundesplai.org\\\/canals\\\/#\\\/schema\\\/logo\\\/image\\\/\",\"url\":\"https:\\\/\\\/projectes.fundesplai.org\\\/canals\\\/wp-content\\\/uploads\\\/sites\\\/44\\\/2018\\\/10\\\/Avatar_Fundesplai.jpg\",\"contentUrl\":\"https:\\\/\\\/projectes.fundesplai.org\\\/canals\\\/wp-content\\\/uploads\\\/sites\\\/44\\\/2018\\\/10\\\/Avatar_Fundesplai.jpg\",\"width\":510,\"height\":510,\"caption\":\"Fundesplai\"},\"image\":{\"@id\":\"https:\\\/\\\/projectes.fundesplai.org\\\/canals\\\/#\\\/schema\\\/logo\\\/image\\\/\"},\"sameAs\":[\"https:\\\/\\\/www.facebook.com\\\/Fundesplai\\\/\",\"https:\\\/\\\/x.com\\\/fundesplai\",\"https:\\\/\\\/www.instagram.com\\\/fundesplai\\\/\",\"https:\\\/\\\/www.linkedin.com\\\/company\\\/fundesplai\\\/\",\"https:\\\/\\\/www.pinterest.es\\\/fundesplai\",\"https:\\\/\\\/www.youtube.com\\\/user\\\/Fundacioesplai\"]}]}<\/script>\n<!-- \/ Yoast SEO plugin. -->","yoast_head_json":{"title":"Ja he votat el color de la #samarretafundesplai 2020. Vota la teva opci\u00f3!","description":"Ja he votat la #samarretafundesplai 2020. Vota la teva opci\u00f3!","robots":{"index":"noindex","follow":"follow","max-snippet":"max-snippet:-1","max-image-preview":"max-image-preview:large","max-video-preview":"max-video-preview:-1"},"og_locale":"ca_ES","og_type":"article","og_title":"Ja he votat la #samarretafundesplai 2020. Vota la teva opci\u00f3!","og_description":"Aquest any la samarreta de Fundesplai portar\u00e0 el logo de \"Nusos\", la proposta educativa per la ciutadania global i els #ODS que estan treballant les escoles i els esplais on l'entitat est\u00e0 present.","og_url":"https:\/\/projectes.fundesplai.org\/canals\/samarreta-fundesplai-2020\/","og_site_name":"Canals Electr\u00f2nics","article_publisher":"https:\/\/www.facebook.com\/Fundesplai\/","article_modified_time":"2020-03-09T16:08:48+00:00","og_image":[{"width":1608,"height":681,"url":"https:\/\/projectes.fundesplai.org\/canals\/wp-content\/uploads\/sites\/44\/2020\/03\/samarreta2020def.jpg","type":"image\/jpeg"}],"twitter_card":"summary_large_image","twitter_title":"Ja he votat la #samarretafundesplai 2020. Vota la teva opci\u00f3!","twitter_description":"Aquest any la samarreta de Fundesplai portar\u00e0 el logo de \"Nusos\", la proposta educativa per la ciutadania global i els #ODS que estan treballant les escoles i els esplais on l'entitat est\u00e0 present.","twitter_image":"https:\/\/projectes.fundesplai.org\/canals\/wp-content\/uploads\/sites\/44\/2020\/03\/samarreta2020def.jpg","twitter_site":"@fundesplai","twitter_misc":{"Temps estimat de lectura":"3 minuts"},"schema":{"@context":"https:\/\/schema.org","@graph":[{"@type":"WebPage","@id":"https:\/\/projectes.fundesplai.org\/canals\/samarreta-fundesplai-2020\/","url":"https:\/\/projectes.fundesplai.org\/canals\/samarreta-fundesplai-2020\/","name":"Ja he votat el color de la #samarretafundesplai 2020. Vota la teva opci\u00f3!","isPartOf":{"@id":"https:\/\/projectes.fundesplai.org\/canals\/#website"},"primaryImageOfPage":{"@id":"https:\/\/projectes.fundesplai.org\/canals\/samarreta-fundesplai-2020\/#primaryimage"},"image":{"@id":"https:\/\/projectes.fundesplai.org\/canals\/samarreta-fundesplai-2020\/#primaryimage"},"thumbnailUrl":"https:\/\/projectes.fundesplai.org\/canals\/wp-content\/uploads\/sites\/44\/2020\/03\/samarreta2020def.jpg","datePublished":"2018-02-05T15:34:09+00:00","dateModified":"2020-03-09T16:08:48+00:00","description":"Ja he votat la #samarretafundesplai 2020. Vota la teva opci\u00f3!","breadcrumb":{"@id":"https:\/\/projectes.fundesplai.org\/canals\/samarreta-fundesplai-2020\/#breadcrumb"},"inLanguage":"ca","potentialAction":[{"@type":"ReadAction","target":["https:\/\/projectes.fundesplai.org\/canals\/samarreta-fundesplai-2020\/"]}]},{"@type":"ImageObject","inLanguage":"ca","@id":"https:\/\/projectes.fundesplai.org\/canals\/samarreta-fundesplai-2020\/#primaryimage","url":"https:\/\/projectes.fundesplai.org\/canals\/wp-content\/uploads\/sites\/44\/2020\/03\/samarreta2020def.jpg","contentUrl":"https:\/\/projectes.fundesplai.org\/canals\/wp-content\/uploads\/sites\/44\/2020\/03\/samarreta2020def.jpg","width":1608,"height":681},{"@type":"BreadcrumbList","@id":"https:\/\/projectes.fundesplai.org\/canals\/samarreta-fundesplai-2020\/#breadcrumb","itemListElement":[{"@type":"ListItem","position":1,"name":"Inici","item":"https:\/\/projectes.fundesplai.org\/canals\/"},{"@type":"ListItem","position":2,"name":"Ajuda\u2019ns a escollir el color de la nova #samarretafundesplai !"}]},{"@type":"WebSite","@id":"https:\/\/projectes.fundesplai.org\/canals\/#website","url":"https:\/\/projectes.fundesplai.org\/canals\/","name":"Blogs de Fundesplai","description":"Un projecte de la Fundaci\u00f3 Catalana de l\\&#039;Esplai","publisher":{"@id":"https:\/\/projectes.fundesplai.org\/canals\/#organization"},"potentialAction":[{"@type":"SearchAction","target":{"@type":"EntryPoint","urlTemplate":"https:\/\/projectes.fundesplai.org\/canals\/?s={search_term_string}"},"query-input":{"@type":"PropertyValueSpecification","valueRequired":true,"valueName":"search_term_string"}}],"inLanguage":"ca"},{"@type":"Organization","@id":"https:\/\/projectes.fundesplai.org\/canals\/#organization","name":"Fundesplai","url":"https:\/\/projectes.fundesplai.org\/canals\/","logo":{"@type":"ImageObject","inLanguage":"ca","@id":"https:\/\/projectes.fundesplai.org\/canals\/#\/schema\/logo\/image\/","url":"https:\/\/projectes.fundesplai.org\/canals\/wp-content\/uploads\/sites\/44\/2018\/10\/Avatar_Fundesplai.jpg","contentUrl":"https:\/\/projectes.fundesplai.org\/canals\/wp-content\/uploads\/sites\/44\/2018\/10\/Avatar_Fundesplai.jpg","width":510,"height":510,"caption":"Fundesplai"},"image":{"@id":"https:\/\/projectes.fundesplai.org\/canals\/#\/schema\/logo\/image\/"},"sameAs":["https:\/\/www.facebook.com\/Fundesplai\/","https:\/\/x.com\/fundesplai","https:\/\/www.instagram.com\/fundesplai\/","https:\/\/www.linkedin.com\/company\/fundesplai\/","https:\/\/www.pinterest.es\/fundesplai","https:\/\/www.youtube.com\/user\/Fundacioesplai"]}]}},"_links":{"self":[{"href":"https:\/\/projectes.fundesplai.org\/canals\/wp-json\/wp\/v2\/pages\/969","targetHints":{"allow":["GET"]}}],"collection":[{"href":"https:\/\/projectes.fundesplai.org\/canals\/wp-json\/wp\/v2\/pages"}],"about":[{"href":"https:\/\/projectes.fundesplai.org\/canals\/wp-json\/wp\/v2\/types\/page"}],"author":[{"embeddable":true,"href":"https:\/\/projectes.fundesplai.org\/canals\/wp-json\/wp\/v2\/users\/5"}],"replies":[{"embeddable":true,"href":"https:\/\/projectes.fundesplai.org\/canals\/wp-json\/wp\/v2\/comments?post=969"}],"version-history":[{"count":30,"href":"https:\/\/projectes.fundesplai.org\/canals\/wp-json\/wp\/v2\/pages\/969\/revisions"}],"predecessor-version":[{"id":3900,"href":"https:\/\/projectes.fundesplai.org\/canals\/wp-json\/wp\/v2\/pages\/969\/revisions\/3900"}],"wp:featuredmedia":[{"embeddable":true,"href":"https:\/\/projectes.fundesplai.org\/canals\/wp-json\/wp\/v2\/media\/3865"}],"wp:attachment":[{"href":"https:\/\/projectes.fundesplai.org\/canals\/wp-json\/wp\/v2\/media?parent=969"}],"curies":[{"name":"wp","href":"https:\/\/api.w.org\/{rel}","templated":true}]}}