{"id":3683,"date":"2024-02-13T21:29:45","date_gmt":"2024-02-13T20:29:45","guid":{"rendered":"https:\/\/projectes.fundesplai.org\/cochabambasantjoandespi\/?page_id=3683"},"modified":"2024-11-09T09:50:08","modified_gmt":"2024-11-09T08:50:08","slug":"politica-de-cookies","status":"publish","type":"page","link":"https:\/\/projectes.fundesplai.org\/cochabambasantjoandespi\/politica-de-cookies\/","title":{"rendered":"Pol\u00edtica de cookies"},"content":{"rendered":"<h3>Qu\u00e8 s\u00f3n les galetes?<\/h3>\r\n<p>Aquesta Pol\u00edtica de galetes explica qu\u00e8 s\u00f3n les galetes i com les fem servir, els tipus de galetes que fem servir, \u00e9s a dir, la informaci\u00f3 que recopilem mitjan\u00e7ant les galetes i com s'utilitza aquesta informaci\u00f3 i com gestionar la configuraci\u00f3 de les galetes.<\/p>\r\n<p>Les galetes s\u00f3n petits fitxers de text que s'utilitzen per emmagatzemar petites peces d'informaci\u00f3. S'emmagatzemen al vostre dispositiu quan el lloc web es carrega al vostre navegador. Aquestes cookies ens ajuden a fer que el lloc web funcioni correctament, a fer-lo m\u00e9s segur, a oferir una millor experi\u00e8ncia d'usuari i a entendre com funciona el lloc web i a analitzar qu\u00e8 funciona i on cal millorar.<\/p>\r\n<h3>Com fem servir les cookies?<\/h3>\r\n<p>Com la majoria dels serveis en l\u00ednia, el nostre lloc web utilitza cookies pr\u00f2pies i de tercers per a diversos prop\u00f2sits. Les galetes pr\u00f2pies s\u00f3n b\u00e0sicament necess\u00e0ries perqu\u00e8 el lloc web funcioni correctament i no recullen cap de les vostres dades d'identificaci\u00f3 personal.<\/p>\r\n<p>Les galetes de tercers que s'utilitzen al nostre lloc web s\u00f3n principalment per entendre com funciona el lloc web, com interactueu amb el nostre lloc web, mantenir els nostres serveis segurs, proporcionar anuncis que us siguin rellevants i, tot plegat, oferir-vos una millor experi\u00e8ncia d'usuari i ajudar a accelerar les vostres futures interaccions amb el nostre lloc web.<\/p>\r\n<h3>Pol\u00edtica de cookies<\/h3>\r\n<div class=\"cky-audit-table-element\">\u00a0<\/div>\r\n<h3 style=\"margin-bottom: 20px;\">Gestiona les teves prefer\u00e8ncies<\/h3>\r\n<p>Podeu canviar les vostres prefer\u00e8ncies de galetes en qualsevol moment fent clic al bot\u00f3 anterior. Aix\u00f2 us permetr\u00e0 revisar el b\u00e0ner de consentiment de les galetes i canviar les vostres prefer\u00e8ncies o retirar el vostre consentiment immediatament.<\/p>\r\n<p><a class=\"cky-banner-element et_pb_button\">Canvia les teves prefer\u00e8ncies<\/a><\/p>\r\n<p>A m\u00e9s d'aix\u00f2, diferents navegadors ofereixen diferents m\u00e8todes per bloquejar i eliminar les cookies utilitzades pels llocs web. Podeu canviar la configuraci\u00f3 del vostre navegador per bloquejar\/eliminar les galetes. A continuaci\u00f3 es mostren els enlla\u00e7os als documents de suport sobre com gestionar i eliminar les galetes dels principals navegadors web.<\/p>\r\n<p>Chrome: <a href=\"https:\/\/support.google.com\/accounts\/answer\/32050\">https:\/\/support.google.com\/accounts\/answer\/32050<\/a><\/p>\r\n<p>Safari: <a href=\"https:\/\/support.apple.com\/en-in\/guide\/safari\/sfri11471\/mac\">https:\/\/support.apple.com\/en-in\/guide\/safari\/sfri11471\/mac<\/a><\/p>\r\n<p>Firefox: <a href=\"https:\/\/support.mozilla.org\/en-US\/kb\/clear-cookies-and-site-data-firefox?redirectslug=delete-cookies-remove-info-websites-stored&amp;redirectlocale=en-US\">https:\/\/support.mozilla.org\/en-US\/kb\/clear-cookies-and-site-data-firefox?redirectslug=delete-cookies-remove-info-websites-stored&amp;redirectlocale=en-US<\/a><\/p>\r\n<p>Internet Explorer: <a href=\"https:\/\/support.microsoft.com\/en-us\/topic\/how-to-delete-cookie-files-in-internet-explorer-bca9446f-d873-78de-77ba-d42645fa52fc\">https:\/\/support.microsoft.com\/en-us\/topic\/how-to-delete-cookie-files-in-internet-explorer-bca9446f-d873-78de-77ba-d42645fa52fc<\/a><\/p>\r\n<p>Si utilitzeu un altre navegador web, visiteu els documents de suport oficials del vostre navegador.<\/p>\r\n\r\n\r\n<h4 style=\"margin-bottom: 20px;\">M\u00e9s informaci\u00f3.<\/h4>\r\n<p>Per a m\u00e9s informaci\u00f3 sobre el tractament de les seves dades pot consultar la nostra <a href=\"\/politica-de-privacitat\/ \">Pol\u00edtica de privacitat<\/a>.<\/p>\r\n<p>En cas de dubte o de qualsevol comentari, pot comunicar-se amb nosaltres a trav\u00e9s de l'adre\u00e7a : <a href=\"mailto:dpd@fundesplai.org\">dpd@fundesplai.org<\/a>.<\/p><script>const domini = window.location.hostname;\nconst original = \"ESTIU.FUNDESPLAI.ORG\";\n\n\nfunction canviaDomini() {\n    var str = document.getElementById(\"rgpd-fe\").innerHTML;\n    var res = str.replace(original, domini);\n    document.getElementById(\"rgpd-fe\").innerHTML = res;\n}\n\ndocument.addEventListener(\"DOMContentLoaded\", function() {\n    for(i=0;i<2;i++){\n        canviaDomini();\n    }\n});<\/script>\n","protected":false},"excerpt":{"rendered":"","protected":false},"author":10,"featured_media":0,"parent":0,"menu_order":0,"comment_status":"closed","ping_status":"closed","template":"","meta":{"footnotes":""},"class_list":["post-3683","page","type-page","status-publish","hentry"],"_links":{"self":[{"href":"https:\/\/projectes.fundesplai.org\/cochabambasantjoandespi\/wp-json\/wp\/v2\/pages\/3683","targetHints":{"allow":["GET"]}}],"collection":[{"href":"https:\/\/projectes.fundesplai.org\/cochabambasantjoandespi\/wp-json\/wp\/v2\/pages"}],"about":[{"href":"https:\/\/projectes.fundesplai.org\/cochabambasantjoandespi\/wp-json\/wp\/v2\/types\/page"}],"author":[{"embeddable":true,"href":"https:\/\/projectes.fundesplai.org\/cochabambasantjoandespi\/wp-json\/wp\/v2\/users\/10"}],"replies":[{"embeddable":true,"href":"https:\/\/projectes.fundesplai.org\/cochabambasantjoandespi\/wp-json\/wp\/v2\/comments?post=3683"}],"version-history":[{"count":2,"href":"https:\/\/projectes.fundesplai.org\/cochabambasantjoandespi\/wp-json\/wp\/v2\/pages\/3683\/revisions"}],"predecessor-version":[{"id":3693,"href":"https:\/\/projectes.fundesplai.org\/cochabambasantjoandespi\/wp-json\/wp\/v2\/pages\/3683\/revisions\/3693"}],"wp:attachment":[{"href":"https:\/\/projectes.fundesplai.org\/cochabambasantjoandespi\/wp-json\/wp\/v2\/media?parent=3683"}],"curies":[{"name":"wp","href":"https:\/\/api.w.org\/{rel}","templated":true}]}}