{"id":196,"date":"2020-04-08T01:27:07","date_gmt":"2020-04-07T23:27:07","guid":{"rendered":"http:\/\/projectes.fundesplai.org\/escape\/?page_id=196"},"modified":"2020-04-09T13:29:46","modified_gmt":"2020-04-09T11:29:46","slug":"sorteig","status":"publish","type":"page","link":"https:\/\/projectes.fundesplai.org\/escape\/sorteig\/","title":{"rendered":"Sorteig"},"content":{"rendered":"\n\t\t\t<div class='menu-wrapper'>\n\t\t\t\t<a href='#mostrar-menu' class='accio-open-menu'>\n\t\t\t\t\t<i class='fas fa-fw fa-bars'><\/i>\n\t\t\t\t<\/a>\n\t\t\t\t<a href='#tancar-menu' class='accio-close-menu'>\n\t\t\t\t\t<i class='fas fa-fw fa-times'><\/i>\n\t\t\t\t<\/a>\n\t\t\t\t<div class='menu'>\n\t\t\t\t\t<ul>\n\t\t\t\t\t\t<li>\n\t\t\t\t\t\t\t<a href='https:\/\/projectes.fundesplai.org\/escape'>\n\t\t\t\t\t\t\t\tTornar a l'inici\n\t\t\t\t\t\t\t<\/a>\n\t\t\t\t\t\t<\/li>\n\t\t\t\t\t\t<li>\n\t\t\t\t\t\t\t<a href='https:\/\/projectes.fundesplai.org\/escape\/el-perque-daquest-joc\/'>\n\t\t\t\t\t\t\t\tEl perqu\u00e8 d'aquest joc\n\t\t\t\t\t\t\t<\/a>\n\t\t\t\t\t\t<\/li>\n\t\t\t\t\t\t<li>\n\t\t\t\t\t\t\t<a href='https:\/\/donacions.fundesplai.org\/' target='_blank'>\n\t\t\t\t\t\t\t\tFes un donatiu!\n\t\t\t\t\t\t\t<\/a>\n\t\t\t\t\t\t<\/li>\n\t\t\t\t\t\t<li>\n\t\t\t\t\t\t\t<a href='https:\/\/fundesplai.org\/coneix-fundesplai\/' target='_blank'>\n\t\t\t\t\t\t\t\tConeix Fundesplai\n\t\t\t\t\t\t\t<\/a>\n\t\t\t\t\t\t<\/li>\n\t\t\t\t\t<\/ul>\n\t\t\t\t<\/div>\n\t\t\t<\/div>\n\t\t<p>[et_pb_section fb_built=&#8221;1&#8243; fullwidth=&#8221;on&#8221; _builder_version=&#8221;4.4.2&#8243; bottom_divider_style=&#8221;waves2&#8243; bottom_divider_color=&#8221;#ffffff&#8221; locked=&#8221;off&#8221;][et_pb_fullwidth_header title=&#8221;Participa al sorteig!&#8221; _builder_version=&#8221;4.4.2&#8243; background_image=&#8221;https:\/\/projectes.fundesplai.org\/escape\/wp-content\/uploads\/sites\/71\/2020\/04\/Sorteig-Bolboreta-Fundesplai.jpg&#8221;][\/et_pb_fullwidth_header][\/et_pb_section][et_pb_section fb_built=&#8221;1&#8243; _builder_version=&#8221;4.4.2&#8243; custom_padding=&#8221;50px||100px||false|false&#8221; bottom_divider_style=&#8221;waves2&#8243; bottom_divider_color=&#8221;#DCDC1C&#8221; locked=&#8221;off&#8221;][et_pb_row column_structure=&#8221;1_4,3_4&#8243; _builder_version=&#8221;4.4.2&#8243; custom_margin=&#8221;||50px||false|false&#8221; locked=&#8221;off&#8221;][et_pb_column type=&#8221;1_4&#8243; _builder_version=&#8221;4.4.2&#8243;][et_pb_image src=&#8221;https:\/\/projectes.fundesplai.org\/escape\/wp-content\/uploads\/sites\/71\/2020\/04\/Bolboreta-500.png&#8221; admin_label=&#8221;Bolboreta&#8221; module_id=&#8221;bolboreta&#8221; _builder_version=&#8221;4.4.2&#8243; locked=&#8221;off&#8221;][\/et_pb_image][\/et_pb_column][et_pb_column type=&#8221;3_4&#8243; _builder_version=&#8221;4.4.2&#8243;][et_pb_text admin_label=&#8221;Text prova&#8221; module_class=&#8221;prova-text&#8221; _builder_version=&#8221;4.4.2&#8243; hover_enabled=&#8221;0&#8243;]<\/p>\n<p>Fant\u00e0stic!<\/p>\n<p>Si omples el formulari que ve a continuaci\u00f3 podr\u00e0s entrar al <strong>sorteig d&#8217;un cap de setmana en fam\u00edlia<\/strong> en una de les cases de col\u00f2nies de <a href=\"https:\/\/fundesplai.org\/ca\/?utm_source=cases.fundesplai.org&amp;utm_medium=nav-universal\">Fundesplai<\/a>.<\/p>\n<p>A qu\u00e8 esperes?<\/p>\n<p>[\/et_pb_text][\/et_pb_column][\/et_pb_row][et_pb_row _builder_version=&#8221;4.4.2&#8243;][et_pb_column type=&#8221;4_4&#8243; _builder_version=&#8221;4.4.2&#8243;][et_pb_text _builder_version=&#8221;4.4.2&#8243; hover_enabled=&#8221;0&#8243; text_font_size=&#8221;16px&#8221; custom_padding=&#8221;20px|20px|20px|20px|false|false&#8221; border_width_all=&#8221;2px&#8221; border_color_all=&#8221;#666666&#8243; background_color=&#8221;#f2f2f2&#8243;]<\/p>\n<div><strong>BASES DEL SORTEIG<\/strong><\/div>\n<div>\n<div>\n<p>Sortegem una <b>estada de cap de setmana <\/b>per gaudir a <a href=\"https:\/\/cases.fundesplai.org\" target=\"_blank\" rel=\"noopener noreferrer\">qualsevol de les nostres instal\u00b7lacions<\/a> per <b>2 adults + 2 infants<\/b>. L&#8217;estada inclou 1 <b>pensi\u00f3 completa amb activitats incloses.<\/b><\/p>\n<p>Aquest premi est\u00e0 valorat en uns <strong>180\u20ac <\/strong>subjecte a disponibilitat i <strong>s&#8217;ha de gaudir abans del 15 de desembre del 2020<\/strong>.<b><br \/><\/b><\/p>\n<p>El sorteig es far\u00e0 el dia <strong>1 de setembre 2020<\/strong>, ens posarem en contacte amb el guanyador per anunciar-li el resultat.<\/p>\n<\/div>\n<\/div>\n<p>[\/et_pb_text][et_pb_code _builder_version=&#8221;4.4.2&#8243; hover_enabled=&#8221;0&#8243; custom_margin=&#8221;30px||||false|false&#8221;]<script type=\"text\/javascript\">var gform;gform||(document.addEventListener(\"gform_main_scripts_loaded\",function(){gform.scriptsLoaded=!0}),window.addEventListener(\"DOMContentLoaded\",function(){gform.domLoaded=!0}),gform={domLoaded:!1,scriptsLoaded:!1,initializeOnLoaded:function(o){gform.domLoaded&&gform.scriptsLoaded?o():!gform.domLoaded&&gform.scriptsLoaded?window.addEventListener(\"DOMContentLoaded\",o):document.addEventListener(\"gform_main_scripts_loaded\",o)},hooks:{action:{},filter:{}},addAction:function(o,n,r,t){gform.addHook(\"action\",o,n,r,t)},addFilter:function(o,n,r,t){gform.addHook(\"filter\",o,n,r,t)},doAction:function(o){gform.doHook(\"action\",o,arguments)},applyFilters:function(o){return gform.doHook(\"filter\",o,arguments)},removeAction:function(o,n){gform.removeHook(\"action\",o,n)},removeFilter:function(o,n,r){gform.removeHook(\"filter\",o,n,r)},addHook:function(o,n,r,t,i){null==gform.hooks[o][n]&&(gform.hooks[o][n]=[]);var e=gform.hooks[o][n];null==i&&(i=n+\"_\"+e.length),gform.hooks[o][n].push({tag:i,callable:r,priority:t=null==t?10:t})},doHook:function(n,o,r){var t;if(r=Array.prototype.slice.call(r,1),null!=gform.hooks[n][o]&&((o=gform.hooks[n][o]).sort(function(o,n){return o.priority-n.priority}),o.forEach(function(o){\"function\"!=typeof(t=o.callable)&&(t=window[t]),\"action\"==n?t.apply(null,r):r[0]=t.apply(null,r)})),\"filter\"==n)return r[0]},removeHook:function(o,n,t,i){var r;null!=gform.hooks[o][n]&&(r=(r=gform.hooks[o][n]).filter(function(o,n,r){return!!(null!=i&&i!=o.tag||null!=t&&t!=o.priority)}),gform.hooks[o][n]=r)}});<\/script>\n                <div class='gf_browser_gecko gform_wrapper gform_legacy_markup_wrapper' id='gform_wrapper_10' ><div id='gf_10' class='gform_anchor' tabindex='-1'><\/div><form method='post' enctype='multipart\/form-data' target='gform_ajax_frame_10' id='gform_10'  action='\/escape\/wp-json\/wp\/v2\/pages\/196#gf_10' >\n                        <div class='gform_body gform-body'><ul id='gform_fields_10' class='gform_fields top_label form_sublabel_below description_below'><li id=\"field_10_1\" class=\"gfield gfield_contains_required field_sublabel_below field_description_below gfield_visibility_visible\" ><label class='gfield_label gfield_label_before_complex'  >Nom i cognoms<span class=\"gfield_required\"><span class=\"gfield_required gfield_required_asterisk\">*<\/span><\/span><\/label><div class='ginput_complex ginput_container no_prefix has_first_name no_middle_name has_last_name no_suffix gf_name_has_2 ginput_container_name' id='input_10_1'>\n                            \n                            <span id='input_10_1_3_container' class='name_first' >\n                                                    <input type='text' name='input_1.3' id='input_10_1_3' value=''   aria-required='true'     \/>\n                                                    <label for='input_10_1_3' >Nom<\/label>\n                                                <\/span>\n                            \n                            <span id='input_10_1_6_container' class='name_last' >\n                                                    <input type='text' name='input_1.6' id='input_10_1_6' value=''   aria-required='true'     \/>\n                                                    <label for='input_10_1_6' >Cognoms<\/label>\n                                                <\/span>\n                            \n                        <\/div><\/li><li id=\"field_10_3\" class=\"gfield gf_left_half gfield_contains_required field_sublabel_below field_description_below gfield_visibility_visible\" ><label class='gfield_label' for='input_10_3' >Correu electr\u00f2nic<span class=\"gfield_required\"><span class=\"gfield_required gfield_required_asterisk\">*<\/span><\/span><\/label><div class='ginput_container ginput_container_email'>\n                            <input name='input_3' id='input_10_3' type='text' value='' class='large'    aria-required=\"true\" aria-invalid=\"false\"  \/>\n                        <\/div><\/li><li id=\"field_10_2\" class=\"gfield gf_right_half field_sublabel_below field_description_below gfield_visibility_visible\" ><label class='gfield_label' for='input_10_2' >Tel\u00e8fon<\/label><div class='ginput_container ginput_container_phone'><input name='input_2' id='input_10_2' type='text' value='' class='large'    aria-invalid=\"false\"   \/><\/div><\/li><li id=\"field_10_6\" class=\"gfield field_sublabel_below field_description_below gfield_visibility_visible\" ><label class='gfield_label gfield_label_before_complex'  >Vols rebre el nostre butllet\u00ed?<\/label><div class='ginput_container ginput_container_checkbox'><ul class='gfield_checkbox' id='input_10_6'><li class='gchoice gchoice_10_6_1'>\n\t\t\t\t\t\t\t\t<input class='gfield-choice-input' name='input_6.1' type='checkbox'  value='Vull rebre informaci\u00f3 sobre les vostres activitats'  id='choice_10_6_1'   \/>\n\t\t\t\t\t\t\t\t<label for='choice_10_6_1' id='label_10_6_1'>Vull rebre informaci\u00f3 sobre les vostres activitats<\/label>\n\t\t\t\t\t\t\t<\/li><\/ul><\/div><\/li><li id=\"field_10_7\" class=\"gfield gfield_contains_required field_sublabel_below field_description_below gfield_visibility_visible\" ><label class='gfield_label gfield_label_before_complex'  >Pol\u00edtica de privacitat<span class=\"gfield_required\"><span class=\"gfield_required gfield_required_asterisk\">*<\/span><\/span><\/label><div class='ginput_container ginput_container_checkbox'><ul class='gfield_checkbox' id='input_10_7'><li class='gchoice gchoice_10_7_1'>\n\t\t\t\t\t\t\t\t<input class='gfield-choice-input' name='input_7.1' type='checkbox'  value='He llegit i accepto la pol\u00edtica de privacitat'  id='choice_10_7_1'   aria-describedby=\"gfield_description_10_7\"\/>\n\t\t\t\t\t\t\t\t<label for='choice_10_7_1' id='label_10_7_1'>He llegit i accepto la pol\u00edtica de privacitat<\/label>\n\t\t\t\t\t\t\t<\/li><\/ul><\/div><div class='gfield_description' id='gfield_description_10_7'>Consulta la <a href=\"https:\/\/fundesplai.org\/ca\/informacions\/politica-de-privacitat\" target=\"_blank\">pol\u00edtica de privacitat<\/a><\/div><\/li><\/ul><\/div>\n        <div class='gform_footer top_label'> <input type='submit' id='gform_submit_button_10' class='gform_button button' value='Envia'  onclick='if(window[\"gf_submitting_10\"]){return false;}  window[\"gf_submitting_10\"]=true;  ' onkeypress='if( event.keyCode == 13 ){ if(window[\"gf_submitting_10\"]){return false;} window[\"gf_submitting_10\"]=true;  jQuery(\"#gform_10\").trigger(\"submit\",[true]); }' \/> <input type='hidden' name='gform_ajax' value='form_id=10&amp;title=&amp;description=&amp;tabindex=0' \/>\n            <input type='hidden' class='gform_hidden' name='is_submit_10' value='1' \/>\n            <input type='hidden' class='gform_hidden' name='gform_submit' value='10' \/>\n            \n            <input type='hidden' class='gform_hidden' name='gform_unique_id' value='' \/>\n            <input type='hidden' class='gform_hidden' name='state_10' value='WyJbXSIsIjI0ODYwY2Q5ZTdiYWU0YjdkMzQyNTY2NDU1YjJiZjY5Il0=' \/>\n            <input type='hidden' class='gform_hidden' name='gform_target_page_number_10' id='gform_target_page_number_10' value='0' \/>\n            <input type='hidden' class='gform_hidden' name='gform_source_page_number_10' id='gform_source_page_number_10' value='1' \/>\n            <input type='hidden' name='gform_field_values' value='' \/>\n            \n        <\/div>\n                        <\/form>\n                        <\/div>\n                <iframe style='display:none;width:0px;height:0px;' src='about:blank' name='gform_ajax_frame_10' id='gform_ajax_frame_10' title='Aquest iframe cont\u00e9 la l\u00f2gica necess\u00e0ria per a gestionar el Gravity Forms, que funciona amb Ajax.'><\/iframe>\n                <script type=\"text\/javascript\">\n\/* <![CDATA[ *\/\n gform.initializeOnLoaded( function() {gformInitSpinner( 10, 'https:\/\/projectes.fundesplai.org\/escape\/wp-content\/plugins\/gravityforms\/images\/spinner.svg' );jQuery('#gform_ajax_frame_10').on('load',function(){var contents = jQuery(this).contents().find('*').html();var is_postback = contents.indexOf('GF_AJAX_POSTBACK') >= 0;if(!is_postback){return;}var form_content = jQuery(this).contents().find('#gform_wrapper_10');var is_confirmation = jQuery(this).contents().find('#gform_confirmation_wrapper_10').length > 0;var is_redirect = contents.indexOf('gformRedirect(){') >= 0;var is_form = form_content.length > 0 && ! is_redirect && ! is_confirmation;var mt = parseInt(jQuery('html').css('margin-top'), 10) + parseInt(jQuery('body').css('margin-top'), 10) + 100;if(is_form){jQuery('#gform_wrapper_10').html(form_content.html());if(form_content.hasClass('gform_validation_error')){jQuery('#gform_wrapper_10').addClass('gform_validation_error');} else {jQuery('#gform_wrapper_10').removeClass('gform_validation_error');}setTimeout( function() { \/* delay the scroll by 50 milliseconds to fix a bug in chrome *\/ jQuery(document).scrollTop(jQuery('#gform_wrapper_10').offset().top - mt); }, 50 );if(window['gformInitDatepicker']) {gformInitDatepicker();}if(window['gformInitPriceFields']) {gformInitPriceFields();}var current_page = jQuery('#gform_source_page_number_10').val();gformInitSpinner( 10, 'https:\/\/projectes.fundesplai.org\/escape\/wp-content\/plugins\/gravityforms\/images\/spinner.svg' );jQuery(document).trigger('gform_page_loaded', [10, current_page]);window['gf_submitting_10'] = false;}else if(!is_redirect){var confirmation_content = jQuery(this).contents().find('.GF_AJAX_POSTBACK').html();if(!confirmation_content){confirmation_content = contents;}setTimeout(function(){jQuery('#gform_wrapper_10').replaceWith(confirmation_content);jQuery(document).scrollTop(jQuery('#gf_10').offset().top - mt);jQuery(document).trigger('gform_confirmation_loaded', [10]);window['gf_submitting_10'] = false;wp.a11y.speak(jQuery('#gform_confirmation_message_10').text());}, 50);}else{jQuery('#gform_10').append(contents);if(window['gformRedirect']) {gformRedirect();}}jQuery(document).trigger('gform_post_render', [10, current_page]);} );} ); \n\/* ]]> *\/\n<\/script>\n[\/et_pb_code][\/et_pb_column][\/et_pb_row][\/et_pb_section]<\/p>\n","protected":false},"excerpt":{"rendered":"<p>Fant\u00e0stic! Si omples el formulari que ve a continuaci\u00f3 podr\u00e0s entrar al sorteig d&#8217;un cap de setmana en fam\u00edlia en una de les cases de col\u00f2nies de Fundesplai. A qu\u00e8 esperes?BASES DEL SORTEIG Sortegem una estada de cap de setmana per gaudir a qualsevol de les nostres instal\u00b7lacions per 2 adults + 2 infants. L&#8217;estada [&hellip;]<\/p>\n","protected":false},"author":7,"featured_media":0,"parent":0,"menu_order":0,"comment_status":"closed","ping_status":"closed","template":"page-template-blank.php","meta":{"_et_pb_use_builder":"on","_et_pb_old_content":"","_et_gb_content_width":"","footnotes":""},"class_list":["post-196","page","type-page","status-publish","hentry"],"yoast_head":"<!-- This site is optimized with the Yoast SEO plugin v27.5 - https:\/\/yoast.com\/product\/yoast-seo-wordpress\/ -->\n<title>Sorteig - Bolboreta Escape<\/title>\n<meta name=\"robots\" content=\"noindex, follow\" \/>\n<meta property=\"og:locale\" content=\"ca_ES\" \/>\n<meta property=\"og:type\" content=\"article\" \/>\n<meta property=\"og:title\" content=\"Sorteig - Bolboreta Escape\" \/>\n<meta property=\"og:description\" content=\"Fant\u00e0stic! Si omples el formulari que ve a continuaci\u00f3 podr\u00e0s entrar al sorteig d&#039;un cap de setmana en fam\u00edlia en una de les cases de col\u00f2nies de Fundesplai. A qu\u00e8 esperes?BASES DEL SORTEIG Sortegem una estada de cap de setmana per gaudir a qualsevol de les nostres instal\u00b7lacions per 2 adults + 2 infants. L&#039;estada [&hellip;]\" \/>\n<meta property=\"og:url\" content=\"https:\/\/projectes.fundesplai.org\/escape\/sorteig\/\" \/>\n<meta property=\"og:site_name\" content=\"Bolboreta Escape\" \/>\n<meta property=\"article:modified_time\" content=\"2020-04-09T11:29:46+00:00\" \/>\n<meta name=\"twitter:card\" content=\"summary_large_image\" \/>\n<meta name=\"twitter:label1\" content=\"Temps estimat de lectura\" \/>\n\t<meta name=\"twitter:data1\" content=\"2 minuts\" \/>\n<script type=\"application\/ld+json\" class=\"yoast-schema-graph\">{\"@context\":\"https:\\\/\\\/schema.org\",\"@graph\":[{\"@type\":\"WebPage\",\"@id\":\"https:\\\/\\\/projectes.fundesplai.org\\\/escape\\\/sorteig\\\/\",\"url\":\"https:\\\/\\\/projectes.fundesplai.org\\\/escape\\\/sorteig\\\/\",\"name\":\"Sorteig - Bolboreta Escape\",\"isPartOf\":{\"@id\":\"https:\\\/\\\/projectes.fundesplai.org\\\/escape\\\/#website\"},\"datePublished\":\"2020-04-07T23:27:07+00:00\",\"dateModified\":\"2020-04-09T11:29:46+00:00\",\"breadcrumb\":{\"@id\":\"https:\\\/\\\/projectes.fundesplai.org\\\/escape\\\/sorteig\\\/#breadcrumb\"},\"inLanguage\":\"ca\",\"potentialAction\":[{\"@type\":\"ReadAction\",\"target\":[\"https:\\\/\\\/projectes.fundesplai.org\\\/escape\\\/sorteig\\\/\"]}]},{\"@type\":\"BreadcrumbList\",\"@id\":\"https:\\\/\\\/projectes.fundesplai.org\\\/escape\\\/sorteig\\\/#breadcrumb\",\"itemListElement\":[{\"@type\":\"ListItem\",\"position\":1,\"name\":\"Inici\",\"item\":\"https:\\\/\\\/projectes.fundesplai.org\\\/escape\\\/\"},{\"@type\":\"ListItem\",\"position\":2,\"name\":\"Sorteig\"}]},{\"@type\":\"WebSite\",\"@id\":\"https:\\\/\\\/projectes.fundesplai.org\\\/escape\\\/#website\",\"url\":\"https:\\\/\\\/projectes.fundesplai.org\\\/escape\\\/\",\"name\":\"Bolboreta Escape\",\"description\":\"Un projecte de Fundesplai\",\"potentialAction\":[{\"@type\":\"SearchAction\",\"target\":{\"@type\":\"EntryPoint\",\"urlTemplate\":\"https:\\\/\\\/projectes.fundesplai.org\\\/escape\\\/?s={search_term_string}\"},\"query-input\":{\"@type\":\"PropertyValueSpecification\",\"valueRequired\":true,\"valueName\":\"search_term_string\"}}],\"inLanguage\":\"ca\"}]}<\/script>\n<!-- \/ Yoast SEO plugin. -->","yoast_head_json":{"title":"Sorteig - Bolboreta Escape","robots":{"index":"noindex","follow":"follow"},"og_locale":"ca_ES","og_type":"article","og_title":"Sorteig - Bolboreta Escape","og_description":"Fant\u00e0stic! Si omples el formulari que ve a continuaci\u00f3 podr\u00e0s entrar al sorteig d'un cap de setmana en fam\u00edlia en una de les cases de col\u00f2nies de Fundesplai. A qu\u00e8 esperes?BASES DEL SORTEIG Sortegem una estada de cap de setmana per gaudir a qualsevol de les nostres instal\u00b7lacions per 2 adults + 2 infants. L'estada [&hellip;]","og_url":"https:\/\/projectes.fundesplai.org\/escape\/sorteig\/","og_site_name":"Bolboreta Escape","article_modified_time":"2020-04-09T11:29:46+00:00","twitter_card":"summary_large_image","twitter_misc":{"Temps estimat de lectura":"2 minuts"},"schema":{"@context":"https:\/\/schema.org","@graph":[{"@type":"WebPage","@id":"https:\/\/projectes.fundesplai.org\/escape\/sorteig\/","url":"https:\/\/projectes.fundesplai.org\/escape\/sorteig\/","name":"Sorteig - Bolboreta Escape","isPartOf":{"@id":"https:\/\/projectes.fundesplai.org\/escape\/#website"},"datePublished":"2020-04-07T23:27:07+00:00","dateModified":"2020-04-09T11:29:46+00:00","breadcrumb":{"@id":"https:\/\/projectes.fundesplai.org\/escape\/sorteig\/#breadcrumb"},"inLanguage":"ca","potentialAction":[{"@type":"ReadAction","target":["https:\/\/projectes.fundesplai.org\/escape\/sorteig\/"]}]},{"@type":"BreadcrumbList","@id":"https:\/\/projectes.fundesplai.org\/escape\/sorteig\/#breadcrumb","itemListElement":[{"@type":"ListItem","position":1,"name":"Inici","item":"https:\/\/projectes.fundesplai.org\/escape\/"},{"@type":"ListItem","position":2,"name":"Sorteig"}]},{"@type":"WebSite","@id":"https:\/\/projectes.fundesplai.org\/escape\/#website","url":"https:\/\/projectes.fundesplai.org\/escape\/","name":"Bolboreta Escape","description":"Un projecte de Fundesplai","potentialAction":[{"@type":"SearchAction","target":{"@type":"EntryPoint","urlTemplate":"https:\/\/projectes.fundesplai.org\/escape\/?s={search_term_string}"},"query-input":{"@type":"PropertyValueSpecification","valueRequired":true,"valueName":"search_term_string"}}],"inLanguage":"ca"}]}},"_links":{"self":[{"href":"https:\/\/projectes.fundesplai.org\/escape\/wp-json\/wp\/v2\/pages\/196","targetHints":{"allow":["GET"]}}],"collection":[{"href":"https:\/\/projectes.fundesplai.org\/escape\/wp-json\/wp\/v2\/pages"}],"about":[{"href":"https:\/\/projectes.fundesplai.org\/escape\/wp-json\/wp\/v2\/types\/page"}],"author":[{"embeddable":true,"href":"https:\/\/projectes.fundesplai.org\/escape\/wp-json\/wp\/v2\/users\/7"}],"replies":[{"embeddable":true,"href":"https:\/\/projectes.fundesplai.org\/escape\/wp-json\/wp\/v2\/comments?post=196"}],"version-history":[{"count":8,"href":"https:\/\/projectes.fundesplai.org\/escape\/wp-json\/wp\/v2\/pages\/196\/revisions"}],"predecessor-version":[{"id":533,"href":"https:\/\/projectes.fundesplai.org\/escape\/wp-json\/wp\/v2\/pages\/196\/revisions\/533"}],"wp:attachment":[{"href":"https:\/\/projectes.fundesplai.org\/escape\/wp-json\/wp\/v2\/media?parent=196"}],"curies":[{"name":"wp","href":"https:\/\/api.w.org\/{rel}","templated":true}]}}