{"id":426,"date":"2020-04-09T00:16:59","date_gmt":"2020-04-08T22:16:59","guid":{"rendered":"http:\/\/projectes.fundesplai.org\/escape\/?page_id=426"},"modified":"2020-04-09T07:34:20","modified_gmt":"2020-04-09T05:34:20","slug":"pistes-qui-ve-amb-mi","status":"publish","type":"page","link":"https:\/\/projectes.fundesplai.org\/escape\/qui-ve-amb-mi\/pistes-qui-ve-amb-mi\/","title":{"rendered":"Pistes &#8220;Qui ve amb mi?&#8221;"},"content":{"rendered":"\n\t\t\t<div class='menu-wrapper'>\n\t\t\t\t<a href='#mostrar-menu' class='accio-open-menu'>\n\t\t\t\t\t<i class='fas fa-fw fa-bars'><\/i>\n\t\t\t\t<\/a>\n\t\t\t\t<a href='#tancar-menu' class='accio-close-menu'>\n\t\t\t\t\t<i class='fas fa-fw fa-times'><\/i>\n\t\t\t\t<\/a>\n\t\t\t\t<div class='menu'>\n\t\t\t\t\t<ul>\n\t\t\t\t\t\t<li>\n\t\t\t\t\t\t\t<a href='https:\/\/projectes.fundesplai.org\/escape'>\n\t\t\t\t\t\t\t\tTornar a l'inici\n\t\t\t\t\t\t\t<\/a>\n\t\t\t\t\t\t<\/li>\n\t\t\t\t\t\t<li>\n\t\t\t\t\t\t\t<a href='https:\/\/projectes.fundesplai.org\/escape\/el-perque-daquest-joc\/'>\n\t\t\t\t\t\t\t\tEl perqu\u00e8 d'aquest joc\n\t\t\t\t\t\t\t<\/a>\n\t\t\t\t\t\t<\/li>\n\t\t\t\t\t\t<li>\n\t\t\t\t\t\t\t<a href='https:\/\/donacions.fundesplai.org\/' target='_blank'>\n\t\t\t\t\t\t\t\tFes un donatiu!\n\t\t\t\t\t\t\t<\/a>\n\t\t\t\t\t\t<\/li>\n\t\t\t\t\t\t<li>\n\t\t\t\t\t\t\t<a href='https:\/\/fundesplai.org\/coneix-fundesplai\/' target='_blank'>\n\t\t\t\t\t\t\t\tConeix Fundesplai\n\t\t\t\t\t\t\t<\/a>\n\t\t\t\t\t\t<\/li>\n\t\t\t\t\t<\/ul>\n\t\t\t\t<\/div>\n\t\t\t<\/div>\n\t\t<p>[et_pb_section fb_built=&#8221;1&#8243; _builder_version=&#8221;4.4.2&#8243; custom_margin=&#8221;||||false|false&#8221; custom_padding=&#8221;50px||150px||false|false&#8221; bottom_divider_style=&#8221;waves2&#8243; bottom_divider_color=&#8221;#DCDC1C&#8221;][et_pb_row _builder_version=&#8221;4.4.2&#8243;][et_pb_column type=&#8221;4_4&#8243; _builder_version=&#8221;4.4.2&#8243;][et_pb_post_title meta=&#8221;off&#8221; featured_image=&#8221;off&#8221; _builder_version=&#8221;4.4.2&#8243;][\/et_pb_post_title][\/et_pb_column][\/et_pb_row][et_pb_row _builder_version=&#8221;4.4.2&#8243; custom_margin=&#8221;||50px||false|false&#8221;][et_pb_column type=&#8221;4_4&#8243; _builder_version=&#8221;4.4.2&#8243;][et_pb_accordion _builder_version=&#8221;4.4.2&#8243;][et_pb_accordion_item title=&#8221;Pista 1 &#8211; Una ajudeta per poder seguir buscant&#8221; open=&#8221;on&#8221; _builder_version=&#8221;4.4.2&#8243;]<\/p>\n<p>Els escarabats en angl\u00e8s no s\u00f3n <strong>Beatles<\/strong>? \ud83d\ude09<\/p>\n<p>[\/et_pb_accordion_item][et_pb_accordion_item title=&#8221;Pista 2 &#8211; Un cop de m\u00e0 addicional&#8221; _builder_version=&#8221;4.4.2&#8243; open=&#8221;off&#8221;]<\/p>\n<p>\u00a0Busca <strong>quin disc<\/strong> van treure al 1967 (el tens en pantalla fent voltes)<\/p>\n<p>[\/et_pb_accordion_item][et_pb_accordion_item title=&#8221;Pista 3 &#8211; \u00c0nims que casi ho tens!&#8221; _builder_version=&#8221;4.4.2&#8243; open=&#8221;off&#8221;]<\/p>\n<p>\u00a0De totes les can\u00e7ons del disc dues tenen un nom de noia. Per\u00f2 \u00fanicament una \u00e9s <strong><em>Lovely<\/em><\/strong>.<\/p>\n<p>[\/et_pb_accordion_item][et_pb_accordion_item title=&#8221;Pista 4 &#8211; Soluci\u00f3 &#8211; Abans de tirar la tovallola&#8221; _builder_version=&#8221;4.4.2&#8243; open=&#8221;off&#8221;]<\/p>\n<p>El t\u00edtol de la can\u00e7\u00f3 \u00e9s<em> Lovely Rita<\/em>. L\u2019amiga de la Bolboreta es diu <strong>Rita<\/strong>.<\/p>\n<p>[\/et_pb_accordion_item][\/et_pb_accordion][\/et_pb_column][\/et_pb_row][\/et_pb_section][et_pb_section fb_built=&#8221;1&#8243; _builder_version=&#8221;4.4.2&#8243; background_color=&#8221;#DCDC1C&#8221; top_divider_color=&#8221;#7cda24&#8243; locked=&#8221;off&#8221; collapsed=&#8221;off&#8221;][et_pb_row _builder_version=&#8221;4.4.2&#8243; custom_padding=&#8221;50px||50px||false|false&#8221;][et_pb_column type=&#8221;4_4&#8243; _builder_version=&#8221;4.4.2&#8243;][et_pb_button button_text=&#8221;Tanca i torna al joc&#8221; button_alignment=&#8221;center&#8221; module_class=&#8221;btn-tancar&#8221; _builder_version=&#8221;4.4.2&#8243; hover_enabled=&#8221;0&#8243;][\/et_pb_button][\/et_pb_column][\/et_pb_row][\/et_pb_section]<\/p>\n","protected":false},"excerpt":{"rendered":"<p>Els escarabats en angl\u00e8s no s\u00f3n Beatles? \ud83d\ude09\u00a0Busca quin disc van treure al 1967 (el tens en pantalla fent voltes)\u00a0De totes les can\u00e7ons del disc dues tenen un nom de noia. Per\u00f2 \u00fanicament una \u00e9s Lovely.El t\u00edtol de la can\u00e7\u00f3 \u00e9s Lovely Rita. L\u2019amiga de la Bolboreta es diu Rita.<\/p>\n","protected":false},"author":7,"featured_media":0,"parent":57,"menu_order":0,"comment_status":"closed","ping_status":"closed","template":"page-template-blank.php","meta":{"_et_pb_use_builder":"on","_et_pb_old_content":"","_et_gb_content_width":"","footnotes":""},"class_list":["post-426","page","type-page","status-publish","hentry"],"yoast_head":"<!-- This site is optimized with the Yoast SEO plugin v27.5 - https:\/\/yoast.com\/product\/yoast-seo-wordpress\/ -->\n<title>Pistes &quot;Qui ve amb mi?&quot; - Bolboreta Escape<\/title>\n<meta name=\"robots\" content=\"noindex, follow\" \/>\n<meta property=\"og:locale\" content=\"ca_ES\" \/>\n<meta property=\"og:type\" content=\"article\" \/>\n<meta property=\"og:title\" content=\"Pistes &quot;Qui ve amb mi?&quot; - Bolboreta Escape\" \/>\n<meta property=\"og:description\" content=\"Els escarabats en angl\u00e8s no s\u00f3n Beatles? ;-)\u00a0Busca quin disc van treure al 1967 (el tens en pantalla fent voltes)\u00a0De totes les can\u00e7ons del disc dues tenen un nom de noia. Per\u00f2 \u00fanicament una \u00e9s Lovely.El t\u00edtol de la can\u00e7\u00f3 \u00e9s Lovely Rita. L\u2019amiga de la Bolboreta es diu Rita.\" \/>\n<meta property=\"og:url\" content=\"https:\/\/projectes.fundesplai.org\/escape\/qui-ve-amb-mi\/pistes-qui-ve-amb-mi\/\" \/>\n<meta property=\"og:site_name\" content=\"Bolboreta Escape\" \/>\n<meta property=\"article:modified_time\" content=\"2020-04-09T05:34:20+00:00\" \/>\n<meta name=\"twitter:card\" content=\"summary_large_image\" \/>\n<meta name=\"twitter:label1\" content=\"Temps estimat de lectura\" \/>\n\t<meta name=\"twitter:data1\" content=\"1 minut\" \/>\n<script type=\"application\/ld+json\" class=\"yoast-schema-graph\">{\"@context\":\"https:\\\/\\\/schema.org\",\"@graph\":[{\"@type\":\"WebPage\",\"@id\":\"https:\\\/\\\/projectes.fundesplai.org\\\/escape\\\/qui-ve-amb-mi\\\/pistes-qui-ve-amb-mi\\\/\",\"url\":\"https:\\\/\\\/projectes.fundesplai.org\\\/escape\\\/qui-ve-amb-mi\\\/pistes-qui-ve-amb-mi\\\/\",\"name\":\"Pistes \\\"Qui ve amb mi?\\\" - Bolboreta Escape\",\"isPartOf\":{\"@id\":\"https:\\\/\\\/projectes.fundesplai.org\\\/escape\\\/#website\"},\"datePublished\":\"2020-04-08T22:16:59+00:00\",\"dateModified\":\"2020-04-09T05:34:20+00:00\",\"breadcrumb\":{\"@id\":\"https:\\\/\\\/projectes.fundesplai.org\\\/escape\\\/qui-ve-amb-mi\\\/pistes-qui-ve-amb-mi\\\/#breadcrumb\"},\"inLanguage\":\"ca\",\"potentialAction\":[{\"@type\":\"ReadAction\",\"target\":[\"https:\\\/\\\/projectes.fundesplai.org\\\/escape\\\/qui-ve-amb-mi\\\/pistes-qui-ve-amb-mi\\\/\"]}]},{\"@type\":\"BreadcrumbList\",\"@id\":\"https:\\\/\\\/projectes.fundesplai.org\\\/escape\\\/qui-ve-amb-mi\\\/pistes-qui-ve-amb-mi\\\/#breadcrumb\",\"itemListElement\":[{\"@type\":\"ListItem\",\"position\":1,\"name\":\"Inici\",\"item\":\"https:\\\/\\\/projectes.fundesplai.org\\\/escape\\\/\"},{\"@type\":\"ListItem\",\"position\":2,\"name\":\"Qui ve amb mi?\",\"item\":\"https:\\\/\\\/projectes.fundesplai.org\\\/escape\\\/qui-ve-amb-mi\\\/\"},{\"@type\":\"ListItem\",\"position\":3,\"name\":\"Pistes &#8220;Qui ve amb mi?&#8221;\"}]},{\"@type\":\"WebSite\",\"@id\":\"https:\\\/\\\/projectes.fundesplai.org\\\/escape\\\/#website\",\"url\":\"https:\\\/\\\/projectes.fundesplai.org\\\/escape\\\/\",\"name\":\"Bolboreta Escape\",\"description\":\"Un projecte de Fundesplai\",\"potentialAction\":[{\"@type\":\"SearchAction\",\"target\":{\"@type\":\"EntryPoint\",\"urlTemplate\":\"https:\\\/\\\/projectes.fundesplai.org\\\/escape\\\/?s={search_term_string}\"},\"query-input\":{\"@type\":\"PropertyValueSpecification\",\"valueRequired\":true,\"valueName\":\"search_term_string\"}}],\"inLanguage\":\"ca\"}]}<\/script>\n<!-- \/ Yoast SEO plugin. -->","yoast_head_json":{"title":"Pistes \"Qui ve amb mi?\" - Bolboreta Escape","robots":{"index":"noindex","follow":"follow"},"og_locale":"ca_ES","og_type":"article","og_title":"Pistes \"Qui ve amb mi?\" - Bolboreta Escape","og_description":"Els escarabats en angl\u00e8s no s\u00f3n Beatles? ;-)\u00a0Busca quin disc van treure al 1967 (el tens en pantalla fent voltes)\u00a0De totes les can\u00e7ons del disc dues tenen un nom de noia. Per\u00f2 \u00fanicament una \u00e9s Lovely.El t\u00edtol de la can\u00e7\u00f3 \u00e9s Lovely Rita. L\u2019amiga de la Bolboreta es diu Rita.","og_url":"https:\/\/projectes.fundesplai.org\/escape\/qui-ve-amb-mi\/pistes-qui-ve-amb-mi\/","og_site_name":"Bolboreta Escape","article_modified_time":"2020-04-09T05:34:20+00:00","twitter_card":"summary_large_image","twitter_misc":{"Temps estimat de lectura":"1 minut"},"schema":{"@context":"https:\/\/schema.org","@graph":[{"@type":"WebPage","@id":"https:\/\/projectes.fundesplai.org\/escape\/qui-ve-amb-mi\/pistes-qui-ve-amb-mi\/","url":"https:\/\/projectes.fundesplai.org\/escape\/qui-ve-amb-mi\/pistes-qui-ve-amb-mi\/","name":"Pistes \"Qui ve amb mi?\" - Bolboreta Escape","isPartOf":{"@id":"https:\/\/projectes.fundesplai.org\/escape\/#website"},"datePublished":"2020-04-08T22:16:59+00:00","dateModified":"2020-04-09T05:34:20+00:00","breadcrumb":{"@id":"https:\/\/projectes.fundesplai.org\/escape\/qui-ve-amb-mi\/pistes-qui-ve-amb-mi\/#breadcrumb"},"inLanguage":"ca","potentialAction":[{"@type":"ReadAction","target":["https:\/\/projectes.fundesplai.org\/escape\/qui-ve-amb-mi\/pistes-qui-ve-amb-mi\/"]}]},{"@type":"BreadcrumbList","@id":"https:\/\/projectes.fundesplai.org\/escape\/qui-ve-amb-mi\/pistes-qui-ve-amb-mi\/#breadcrumb","itemListElement":[{"@type":"ListItem","position":1,"name":"Inici","item":"https:\/\/projectes.fundesplai.org\/escape\/"},{"@type":"ListItem","position":2,"name":"Qui ve amb mi?","item":"https:\/\/projectes.fundesplai.org\/escape\/qui-ve-amb-mi\/"},{"@type":"ListItem","position":3,"name":"Pistes &#8220;Qui ve amb mi?&#8221;"}]},{"@type":"WebSite","@id":"https:\/\/projectes.fundesplai.org\/escape\/#website","url":"https:\/\/projectes.fundesplai.org\/escape\/","name":"Bolboreta Escape","description":"Un projecte de Fundesplai","potentialAction":[{"@type":"SearchAction","target":{"@type":"EntryPoint","urlTemplate":"https:\/\/projectes.fundesplai.org\/escape\/?s={search_term_string}"},"query-input":{"@type":"PropertyValueSpecification","valueRequired":true,"valueName":"search_term_string"}}],"inLanguage":"ca"}]}},"_links":{"self":[{"href":"https:\/\/projectes.fundesplai.org\/escape\/wp-json\/wp\/v2\/pages\/426","targetHints":{"allow":["GET"]}}],"collection":[{"href":"https:\/\/projectes.fundesplai.org\/escape\/wp-json\/wp\/v2\/pages"}],"about":[{"href":"https:\/\/projectes.fundesplai.org\/escape\/wp-json\/wp\/v2\/types\/page"}],"author":[{"embeddable":true,"href":"https:\/\/projectes.fundesplai.org\/escape\/wp-json\/wp\/v2\/users\/7"}],"replies":[{"embeddable":true,"href":"https:\/\/projectes.fundesplai.org\/escape\/wp-json\/wp\/v2\/comments?post=426"}],"version-history":[{"count":3,"href":"https:\/\/projectes.fundesplai.org\/escape\/wp-json\/wp\/v2\/pages\/426\/revisions"}],"predecessor-version":[{"id":458,"href":"https:\/\/projectes.fundesplai.org\/escape\/wp-json\/wp\/v2\/pages\/426\/revisions\/458"}],"up":[{"embeddable":true,"href":"https:\/\/projectes.fundesplai.org\/escape\/wp-json\/wp\/v2\/pages\/57"}],"wp:attachment":[{"href":"https:\/\/projectes.fundesplai.org\/escape\/wp-json\/wp\/v2\/media?parent=426"}],"curies":[{"name":"wp","href":"https:\/\/api.w.org\/{rel}","templated":true}]}}