{"id":54,"date":"2020-04-06T16:38:33","date_gmt":"2020-04-06T14:38:33","guid":{"rendered":"http:\/\/projectes.fundesplai.org\/escape\/?page_id=54"},"modified":"2020-04-09T00:16:43","modified_gmt":"2020-04-08T22:16:43","slug":"on-volia-anar","status":"publish","type":"page","link":"https:\/\/projectes.fundesplai.org\/escape\/on-volia-anar\/","title":{"rendered":"On volia anar?"},"content":{"rendered":"\n\t\t\t<div class='menu-wrapper'>\n\t\t\t\t<a href='#mostrar-menu' class='accio-open-menu'>\n\t\t\t\t\t<i class='fas fa-fw fa-bars'><\/i>\n\t\t\t\t<\/a>\n\t\t\t\t<a href='#tancar-menu' class='accio-close-menu'>\n\t\t\t\t\t<i class='fas fa-fw fa-times'><\/i>\n\t\t\t\t<\/a>\n\t\t\t\t<div class='menu'>\n\t\t\t\t\t<ul>\n\t\t\t\t\t\t<li>\n\t\t\t\t\t\t\t<a href='https:\/\/projectes.fundesplai.org\/escape'>\n\t\t\t\t\t\t\t\tTornar a l'inici\n\t\t\t\t\t\t\t<\/a>\n\t\t\t\t\t\t<\/li>\n\t\t\t\t\t\t<li>\n\t\t\t\t\t\t\t<a href='https:\/\/projectes.fundesplai.org\/escape\/el-perque-daquest-joc\/'>\n\t\t\t\t\t\t\t\tEl perqu\u00e8 d'aquest joc\n\t\t\t\t\t\t\t<\/a>\n\t\t\t\t\t\t<\/li>\n\t\t\t\t\t\t<li>\n\t\t\t\t\t\t\t<a href='https:\/\/donacions.fundesplai.org\/' target='_blank'>\n\t\t\t\t\t\t\t\tFes un donatiu!\n\t\t\t\t\t\t\t<\/a>\n\t\t\t\t\t\t<\/li>\n\t\t\t\t\t\t<li>\n\t\t\t\t\t\t\t<a href='https:\/\/fundesplai.org\/coneix-fundesplai\/' target='_blank'>\n\t\t\t\t\t\t\t\tConeix Fundesplai\n\t\t\t\t\t\t\t<\/a>\n\t\t\t\t\t\t<\/li>\n\t\t\t\t\t<\/ul>\n\t\t\t\t<\/div>\n\t\t\t<\/div>\n\t\t<p>[et_pb_section fb_built=&#8221;1&#8243; fullwidth=&#8221;on&#8221; _builder_version=&#8221;4.4.2&#8243; bottom_divider_style=&#8221;waves2&#8243; bottom_divider_color=&#8221;#ffffff&#8221; locked=&#8221;off&#8221; collapsed=&#8221;off&#8221;][et_pb_fullwidth_header title=&#8221;On volia anar?&#8221; _builder_version=&#8221;4.4.2&#8243; background_image=&#8221;https:\/\/projectes.fundesplai.org\/escape\/wp-content\/uploads\/sites\/71\/2020\/04\/On-volia-anar-Bolboreta_Fundesplai.jpg&#8221;][\/et_pb_fullwidth_header][\/et_pb_section][et_pb_section fb_built=&#8221;1&#8243; _builder_version=&#8221;4.4.2&#8243; custom_padding=&#8221;50px||100px||false|false&#8221; bottom_divider_style=&#8221;waves2&#8243; bottom_divider_color=&#8221;#DCDC1C&#8221; collapsed=&#8221;off&#8221;][et_pb_row column_structure=&#8221;1_4,3_4&#8243; _builder_version=&#8221;4.4.2&#8243; custom_margin=&#8221;||50px||false|false&#8221; locked=&#8221;off&#8221;][et_pb_column type=&#8221;1_4&#8243; _builder_version=&#8221;4.4.2&#8243;][et_pb_image src=&#8221;https:\/\/projectes.fundesplai.org\/escape\/wp-content\/uploads\/sites\/71\/2020\/04\/Bolboreta-500.png&#8221; admin_label=&#8221;Bolboreta&#8221; module_id=&#8221;bolboreta&#8221; _builder_version=&#8221;4.4.2&#8243; locked=&#8221;off&#8221;][\/et_pb_image][\/et_pb_column][et_pb_column type=&#8221;3_4&#8243; _builder_version=&#8221;4.4.2&#8243;][et_pb_text admin_label=&#8221;Text prova&#8221; module_class=&#8221;prova-text&#8221; _builder_version=&#8221;4.4.2&#8243;]<\/p>\n<p>Ara ja sabem que volia anar de col\u00f2nies el 15 de juliol, per\u00f2 a on s\u00f3n les col\u00f2nies?<\/p>\n<p>Hi ha tantes cases. S\u00e9 que vaig estar mirant un munt de webs, moltes! Volia anar a un lloc amb aigua a prop. Aix\u00f2 ho recordo&#8230; I hi havia una llegenda sobre un gegant?<\/p>\n<p>Mira, he trobat unes fotografies i una nota que diu: <a href=\"https:\/\/cases.fundesplai.org\" target=\"_blank\" rel=\"noopener noreferrer\">cases.fundesplai.org<\/a>.<\/p>\n<p>M&#8217;ajudes a trobar <strong>el nom de la casa que havia reservat<\/strong>?<\/p>\n<p>[\/et_pb_text][\/et_pb_column][\/et_pb_row][et_pb_row column_structure=&#8221;1_2,1_2&#8243; _builder_version=&#8221;4.4.2&#8243; width=&#8221;100%&#8221; locked=&#8221;off&#8221;][et_pb_column type=&#8221;1_2&#8243; _builder_version=&#8221;4.4.2&#8243;][et_pb_image src=&#8221;https:\/\/projectes.fundesplai.org\/escape\/wp-content\/uploads\/sites\/71\/2020\/04\/nota-bolboreta-casa-de-colonies.png&#8221; admin_label=&#8221;Nota Bolboreta&#8221; _builder_version=&#8221;4.4.2&#8243;][\/et_pb_image][\/et_pb_column][et_pb_column type=&#8221;1_2&#8243; _builder_version=&#8221;4.4.2&#8243;][et_pb_image src=&#8221;https:\/\/projectes.fundesplai.org\/escape\/wp-content\/uploads\/sites\/71\/2020\/04\/Mateu_interior-1200&#215;675-1.jpg&#8221; admin_label=&#8221;Foto Mateu 1&#8243; module_class=&#8221;foto&#8221; _builder_version=&#8221;4.4.2&#8243;][\/et_pb_image][\/et_pb_column][\/et_pb_row][et_pb_row column_structure=&#8221;1_2,1_2&#8243; _builder_version=&#8221;4.4.2&#8243; width=&#8221;100%&#8221; locked=&#8221;off&#8221;][et_pb_column type=&#8221;1_2&#8243; _builder_version=&#8221;4.4.2&#8243;][et_pb_image src=&#8221;https:\/\/projectes.fundesplai.org\/escape\/wp-content\/uploads\/sites\/71\/2020\/04\/can-mateu-habitacio-1200&#215;675-1.jpg&#8221; admin_label=&#8221;Foto Mateu 2&#8243; module_class=&#8221;foto&#8221; _builder_version=&#8221;4.4.2&#8243;][\/et_pb_image][\/et_pb_column][et_pb_column type=&#8221;1_2&#8243; _builder_version=&#8221;4.4.2&#8243;][et_pb_image src=&#8221;https:\/\/projectes.fundesplai.org\/escape\/wp-content\/uploads\/sites\/71\/2020\/04\/can-mateu-exterior-1200&#215;675-1.jpg&#8221; admin_label=&#8221;Foto Mateu 3&#8243; module_class=&#8221;foto&#8221; _builder_version=&#8221;4.4.2&#8243;][\/et_pb_image][\/et_pb_column][\/et_pb_row][\/et_pb_section][et_pb_section fb_built=&#8221;1&#8243; _builder_version=&#8221;4.4.2&#8243; background_color=&#8221;#DCDC1C&#8221; top_divider_color=&#8221;#7cda24&#8243; locked=&#8221;off&#8221; collapsed=&#8221;off&#8221;][et_pb_row _builder_version=&#8221;4.4.2&#8243;][et_pb_column type=&#8221;4_4&#8243; _builder_version=&#8221;4.4.2&#8243;][et_pb_code admin_label=&#8221;Formulari prova&#8221; module_class=&#8221;prova-formulari&#8221; _builder_version=&#8221;4.4.2&#8243;]<script type=\"text\/javascript\">var gform;gform||(document.addEventListener(\"gform_main_scripts_loaded\",function(){gform.scriptsLoaded=!0}),window.addEventListener(\"DOMContentLoaded\",function(){gform.domLoaded=!0}),gform={domLoaded:!1,scriptsLoaded:!1,initializeOnLoaded:function(o){gform.domLoaded&&gform.scriptsLoaded?o():!gform.domLoaded&&gform.scriptsLoaded?window.addEventListener(\"DOMContentLoaded\",o):document.addEventListener(\"gform_main_scripts_loaded\",o)},hooks:{action:{},filter:{}},addAction:function(o,n,r,t){gform.addHook(\"action\",o,n,r,t)},addFilter:function(o,n,r,t){gform.addHook(\"filter\",o,n,r,t)},doAction:function(o){gform.doHook(\"action\",o,arguments)},applyFilters:function(o){return gform.doHook(\"filter\",o,arguments)},removeAction:function(o,n){gform.removeHook(\"action\",o,n)},removeFilter:function(o,n,r){gform.removeHook(\"filter\",o,n,r)},addHook:function(o,n,r,t,i){null==gform.hooks[o][n]&&(gform.hooks[o][n]=[]);var e=gform.hooks[o][n];null==i&&(i=n+\"_\"+e.length),gform.hooks[o][n].push({tag:i,callable:r,priority:t=null==t?10:t})},doHook:function(n,o,r){var t;if(r=Array.prototype.slice.call(r,1),null!=gform.hooks[n][o]&&((o=gform.hooks[n][o]).sort(function(o,n){return o.priority-n.priority}),o.forEach(function(o){\"function\"!=typeof(t=o.callable)&&(t=window[t]),\"action\"==n?t.apply(null,r):r[0]=t.apply(null,r)})),\"filter\"==n)return r[0]},removeHook:function(o,n,t,i){var r;null!=gform.hooks[o][n]&&(r=(r=gform.hooks[o][n]).filter(function(o,n,r){return!!(null!=i&&i!=o.tag||null!=t&&t!=o.priority)}),gform.hooks[o][n]=r)}});<\/script>\n                <div class='gf_browser_gecko gform_wrapper gform_legacy_markup_wrapper' id='gform_wrapper_4' ><div id='gf_4' class='gform_anchor' tabindex='-1'><\/div><form method='post' enctype='multipart\/form-data' target='gform_ajax_frame_4' id='gform_4'  action='\/escape\/wp-json\/wp\/v2\/pages\/54#gf_4' >\n                        <div class='gform_body gform-body'><ul id='gform_fields_4' class='gform_fields top_label form_sublabel_below description_below'><li id=\"field_4_1\" class=\"gfield gfield_contains_required field_sublabel_below field_description_below gfield_visibility_visible\" ><label class='gfield_label' for='input_4_1' >Com es diu el lloc on la Bolboreta volia anar de col\u00f2nies?<span class=\"gfield_required\"><span class=\"gfield_required gfield_required_asterisk\">*<\/span><\/span><\/label><div class='ginput_container ginput_container_text'><input name='input_1' id='input_4_1' type='text' value='' class='medium'     aria-required=\"true\" aria-invalid=\"false\"   \/> <\/div><\/li><\/ul><\/div>\n        <div class='gform_footer top_label'> <input type='submit' id='gform_submit_button_4' class='gform_button button' value='Envia'  onclick='if(window[\"gf_submitting_4\"]){return false;}  window[\"gf_submitting_4\"]=true;  ' onkeypress='if( event.keyCode == 13 ){ if(window[\"gf_submitting_4\"]){return false;} window[\"gf_submitting_4\"]=true;  jQuery(\"#gform_4\").trigger(\"submit\",[true]); }' \/> <input type='hidden' name='gform_ajax' value='form_id=4&amp;title=&amp;description=&amp;tabindex=0' \/>\n            <input type='hidden' class='gform_hidden' name='is_submit_4' value='1' \/>\n            <input type='hidden' class='gform_hidden' name='gform_submit' value='4' \/>\n            \n            <input type='hidden' class='gform_hidden' name='gform_unique_id' value='' \/>\n            <input type='hidden' class='gform_hidden' name='state_4' value='WyJbXSIsIjI0ODYwY2Q5ZTdiYWU0YjdkMzQyNTY2NDU1YjJiZjY5Il0=' \/>\n            <input type='hidden' class='gform_hidden' name='gform_target_page_number_4' id='gform_target_page_number_4' value='0' \/>\n            <input type='hidden' class='gform_hidden' name='gform_source_page_number_4' id='gform_source_page_number_4' value='1' \/>\n            <input type='hidden' name='gform_field_values' value='' \/>\n            \n        <\/div>\n                        <\/form>\n                        <\/div>\n                <iframe style='display:none;width:0px;height:0px;' src='about:blank' name='gform_ajax_frame_4' id='gform_ajax_frame_4' title='Aquest iframe cont\u00e9 la l\u00f2gica necess\u00e0ria per a gestionar el Gravity Forms, que funciona amb Ajax.'><\/iframe>\n                <script type=\"text\/javascript\">\n\/* <![CDATA[ *\/\n gform.initializeOnLoaded( function() {gformInitSpinner( 4, 'https:\/\/projectes.fundesplai.org\/escape\/wp-content\/plugins\/gravityforms\/images\/spinner.svg' );jQuery('#gform_ajax_frame_4').on('load',function(){var contents = jQuery(this).contents().find('*').html();var is_postback = contents.indexOf('GF_AJAX_POSTBACK') >= 0;if(!is_postback){return;}var form_content = jQuery(this).contents().find('#gform_wrapper_4');var is_confirmation = jQuery(this).contents().find('#gform_confirmation_wrapper_4').length > 0;var is_redirect = contents.indexOf('gformRedirect(){') >= 0;var is_form = form_content.length > 0 && ! is_redirect && ! is_confirmation;var mt = parseInt(jQuery('html').css('margin-top'), 10) + parseInt(jQuery('body').css('margin-top'), 10) + 100;if(is_form){jQuery('#gform_wrapper_4').html(form_content.html());if(form_content.hasClass('gform_validation_error')){jQuery('#gform_wrapper_4').addClass('gform_validation_error');} else {jQuery('#gform_wrapper_4').removeClass('gform_validation_error');}setTimeout( function() { \/* delay the scroll by 50 milliseconds to fix a bug in chrome *\/ jQuery(document).scrollTop(jQuery('#gform_wrapper_4').offset().top - mt); }, 50 );if(window['gformInitDatepicker']) {gformInitDatepicker();}if(window['gformInitPriceFields']) {gformInitPriceFields();}var current_page = jQuery('#gform_source_page_number_4').val();gformInitSpinner( 4, 'https:\/\/projectes.fundesplai.org\/escape\/wp-content\/plugins\/gravityforms\/images\/spinner.svg' );jQuery(document).trigger('gform_page_loaded', [4, current_page]);window['gf_submitting_4'] = false;}else if(!is_redirect){var confirmation_content = jQuery(this).contents().find('.GF_AJAX_POSTBACK').html();if(!confirmation_content){confirmation_content = contents;}setTimeout(function(){jQuery('#gform_wrapper_4').replaceWith(confirmation_content);jQuery(document).scrollTop(jQuery('#gf_4').offset().top - mt);jQuery(document).trigger('gform_confirmation_loaded', [4]);window['gf_submitting_4'] = false;wp.a11y.speak(jQuery('#gform_confirmation_message_4').text());}, 50);}else{jQuery('#gform_4').append(contents);if(window['gformRedirect']) {gformRedirect();}}jQuery(document).trigger('gform_post_render', [4, current_page]);} );} ); \n\/* ]]> *\/\n<\/script>\n[\/et_pb_code][\/et_pb_column][\/et_pb_row][et_pb_row module_class=&#8221;row-pista&#8221; _builder_version=&#8221;4.4.2&#8243; locked=&#8221;off&#8221;][et_pb_column type=&#8221;4_4&#8243; _builder_version=&#8221;4.4.2&#8243;][et_pb_code _builder_version=&#8221;4.4.2&#8243; hover_enabled=&#8221;0&#8243;]<a href=\"http:\/\/projectes.fundesplai.org\/escape\/on-volia-anar\/pistes-on-volia-anar\/\" class=\"btn-pista\" target=\"_blank\" rel=\"noopener noreferrer\"><!-- [et_pb_line_break_holder] -->  <i class=\"fas fa-question\"><\/i><!-- [et_pb_line_break_holder] -->  <span>Pistes<\/span><!-- [et_pb_line_break_holder] --><\/a>[\/et_pb_code][\/et_pb_column][\/et_pb_row][\/et_pb_section]<\/p>\n","protected":false},"excerpt":{"rendered":"<p>Ara ja sabem que volia anar de col\u00f2nies el 15 de juliol, per\u00f2 a on s\u00f3n les col\u00f2nies? Hi ha tantes cases. S\u00e9 que vaig estar mirant un munt de webs, moltes! Volia anar a un lloc amb aigua a prop. Aix\u00f2 ho recordo&#8230; I hi havia una llegenda sobre un gegant? Mira, he trobat [&hellip;]<\/p>\n","protected":false},"author":7,"featured_media":0,"parent":0,"menu_order":0,"comment_status":"closed","ping_status":"closed","template":"page-template-blank.php","meta":{"_et_pb_use_builder":"on","_et_pb_old_content":"","_et_gb_content_width":"","footnotes":""},"class_list":["post-54","page","type-page","status-publish","hentry"],"yoast_head":"<!-- This site is optimized with the Yoast SEO plugin v27.5 - https:\/\/yoast.com\/product\/yoast-seo-wordpress\/ -->\n<title>On volia anar? - Bolboreta Escape<\/title>\n<meta name=\"robots\" content=\"noindex, follow\" \/>\n<meta property=\"og:locale\" content=\"ca_ES\" \/>\n<meta property=\"og:type\" content=\"article\" \/>\n<meta property=\"og:title\" content=\"On volia anar? - Bolboreta Escape\" \/>\n<meta property=\"og:description\" content=\"Ara ja sabem que volia anar de col\u00f2nies el 15 de juliol, per\u00f2 a on s\u00f3n les col\u00f2nies? Hi ha tantes cases. S\u00e9 que vaig estar mirant un munt de webs, moltes! Volia anar a un lloc amb aigua a prop. Aix\u00f2 ho recordo... I hi havia una llegenda sobre un gegant? Mira, he trobat [&hellip;]\" \/>\n<meta property=\"og:url\" content=\"https:\/\/projectes.fundesplai.org\/escape\/on-volia-anar\/\" \/>\n<meta property=\"og:site_name\" content=\"Bolboreta Escape\" \/>\n<meta property=\"article:modified_time\" content=\"2020-04-08T22:16:43+00:00\" \/>\n<meta name=\"twitter:card\" content=\"summary_large_image\" \/>\n<meta name=\"twitter:label1\" content=\"Temps estimat de lectura\" \/>\n\t<meta name=\"twitter:data1\" content=\"2 minuts\" \/>\n<script type=\"application\/ld+json\" class=\"yoast-schema-graph\">{\"@context\":\"https:\\\/\\\/schema.org\",\"@graph\":[{\"@type\":\"WebPage\",\"@id\":\"https:\\\/\\\/projectes.fundesplai.org\\\/escape\\\/on-volia-anar\\\/\",\"url\":\"https:\\\/\\\/projectes.fundesplai.org\\\/escape\\\/on-volia-anar\\\/\",\"name\":\"On volia anar? - Bolboreta Escape\",\"isPartOf\":{\"@id\":\"https:\\\/\\\/projectes.fundesplai.org\\\/escape\\\/#website\"},\"datePublished\":\"2020-04-06T14:38:33+00:00\",\"dateModified\":\"2020-04-08T22:16:43+00:00\",\"breadcrumb\":{\"@id\":\"https:\\\/\\\/projectes.fundesplai.org\\\/escape\\\/on-volia-anar\\\/#breadcrumb\"},\"inLanguage\":\"ca\",\"potentialAction\":[{\"@type\":\"ReadAction\",\"target\":[\"https:\\\/\\\/projectes.fundesplai.org\\\/escape\\\/on-volia-anar\\\/\"]}]},{\"@type\":\"BreadcrumbList\",\"@id\":\"https:\\\/\\\/projectes.fundesplai.org\\\/escape\\\/on-volia-anar\\\/#breadcrumb\",\"itemListElement\":[{\"@type\":\"ListItem\",\"position\":1,\"name\":\"Inici\",\"item\":\"https:\\\/\\\/projectes.fundesplai.org\\\/escape\\\/\"},{\"@type\":\"ListItem\",\"position\":2,\"name\":\"On volia anar?\"}]},{\"@type\":\"WebSite\",\"@id\":\"https:\\\/\\\/projectes.fundesplai.org\\\/escape\\\/#website\",\"url\":\"https:\\\/\\\/projectes.fundesplai.org\\\/escape\\\/\",\"name\":\"Bolboreta Escape\",\"description\":\"Un projecte de Fundesplai\",\"potentialAction\":[{\"@type\":\"SearchAction\",\"target\":{\"@type\":\"EntryPoint\",\"urlTemplate\":\"https:\\\/\\\/projectes.fundesplai.org\\\/escape\\\/?s={search_term_string}\"},\"query-input\":{\"@type\":\"PropertyValueSpecification\",\"valueRequired\":true,\"valueName\":\"search_term_string\"}}],\"inLanguage\":\"ca\"}]}<\/script>\n<!-- \/ Yoast SEO plugin. -->","yoast_head_json":{"title":"On volia anar? - Bolboreta Escape","robots":{"index":"noindex","follow":"follow"},"og_locale":"ca_ES","og_type":"article","og_title":"On volia anar? - Bolboreta Escape","og_description":"Ara ja sabem que volia anar de col\u00f2nies el 15 de juliol, per\u00f2 a on s\u00f3n les col\u00f2nies? Hi ha tantes cases. S\u00e9 que vaig estar mirant un munt de webs, moltes! Volia anar a un lloc amb aigua a prop. Aix\u00f2 ho recordo... I hi havia una llegenda sobre un gegant? Mira, he trobat [&hellip;]","og_url":"https:\/\/projectes.fundesplai.org\/escape\/on-volia-anar\/","og_site_name":"Bolboreta Escape","article_modified_time":"2020-04-08T22:16:43+00:00","twitter_card":"summary_large_image","twitter_misc":{"Temps estimat de lectura":"2 minuts"},"schema":{"@context":"https:\/\/schema.org","@graph":[{"@type":"WebPage","@id":"https:\/\/projectes.fundesplai.org\/escape\/on-volia-anar\/","url":"https:\/\/projectes.fundesplai.org\/escape\/on-volia-anar\/","name":"On volia anar? - Bolboreta Escape","isPartOf":{"@id":"https:\/\/projectes.fundesplai.org\/escape\/#website"},"datePublished":"2020-04-06T14:38:33+00:00","dateModified":"2020-04-08T22:16:43+00:00","breadcrumb":{"@id":"https:\/\/projectes.fundesplai.org\/escape\/on-volia-anar\/#breadcrumb"},"inLanguage":"ca","potentialAction":[{"@type":"ReadAction","target":["https:\/\/projectes.fundesplai.org\/escape\/on-volia-anar\/"]}]},{"@type":"BreadcrumbList","@id":"https:\/\/projectes.fundesplai.org\/escape\/on-volia-anar\/#breadcrumb","itemListElement":[{"@type":"ListItem","position":1,"name":"Inici","item":"https:\/\/projectes.fundesplai.org\/escape\/"},{"@type":"ListItem","position":2,"name":"On volia anar?"}]},{"@type":"WebSite","@id":"https:\/\/projectes.fundesplai.org\/escape\/#website","url":"https:\/\/projectes.fundesplai.org\/escape\/","name":"Bolboreta Escape","description":"Un projecte de Fundesplai","potentialAction":[{"@type":"SearchAction","target":{"@type":"EntryPoint","urlTemplate":"https:\/\/projectes.fundesplai.org\/escape\/?s={search_term_string}"},"query-input":{"@type":"PropertyValueSpecification","valueRequired":true,"valueName":"search_term_string"}}],"inLanguage":"ca"}]}},"_links":{"self":[{"href":"https:\/\/projectes.fundesplai.org\/escape\/wp-json\/wp\/v2\/pages\/54","targetHints":{"allow":["GET"]}}],"collection":[{"href":"https:\/\/projectes.fundesplai.org\/escape\/wp-json\/wp\/v2\/pages"}],"about":[{"href":"https:\/\/projectes.fundesplai.org\/escape\/wp-json\/wp\/v2\/types\/page"}],"author":[{"embeddable":true,"href":"https:\/\/projectes.fundesplai.org\/escape\/wp-json\/wp\/v2\/users\/7"}],"replies":[{"embeddable":true,"href":"https:\/\/projectes.fundesplai.org\/escape\/wp-json\/wp\/v2\/comments?post=54"}],"version-history":[{"count":16,"href":"https:\/\/projectes.fundesplai.org\/escape\/wp-json\/wp\/v2\/pages\/54\/revisions"}],"predecessor-version":[{"id":425,"href":"https:\/\/projectes.fundesplai.org\/escape\/wp-json\/wp\/v2\/pages\/54\/revisions\/425"}],"wp:attachment":[{"href":"https:\/\/projectes.fundesplai.org\/escape\/wp-json\/wp\/v2\/media?parent=54"}],"curies":[{"name":"wp","href":"https:\/\/api.w.org\/{rel}","templated":true}]}}