{"id":183,"date":"2023-01-10T17:09:15","date_gmt":"2023-01-10T16:09:15","guid":{"rendered":"https:\/\/projectes.fundesplai.org\/referents\/?page_id=183"},"modified":"2023-01-16T16:43:18","modified_gmt":"2023-01-16T15:43:18","slug":"qui-som","status":"publish","type":"page","link":"https:\/\/projectes.fundesplai.org\/referents\/qui-som\/","title":{"rendered":"Qui som"},"content":{"rendered":"<p>[et_pb_section fb_built=&#8221;1&#8243; _builder_version=&#8221;4.19.4&#8243; _module_preset=&#8221;default&#8221; global_colors_info=&#8221;{}&#8221;][et_pb_row _builder_version=&#8221;4.19.4&#8243; _module_preset=&#8221;default&#8221; global_colors_info=&#8221;{}&#8221;][et_pb_column type=&#8221;4_4&#8243; _builder_version=&#8221;4.19.4&#8243; _module_preset=&#8221;default&#8221; global_colors_info=&#8221;{}&#8221;][et_pb_text _builder_version=&#8221;4.19.4&#8243; _module_preset=&#8221;default&#8221; custom_margin=&#8221;15px||||false|false&#8221; hover_enabled=&#8221;0&#8243; global_colors_info=&#8221;{}&#8221; sticky_enabled=&#8221;0&#8243;]<\/p>\n<h1 style=\"text-align: center\">Qui som<\/h1>\n<p style=\"text-align: left\">El projecte <strong>Referents<\/strong> est\u00e0 liderat per <a href=\"https:\/\/fundesplai.org\/ca\/\" target=\"_blank\" rel=\"noopener\">Fundesplai<\/a> gr\u00e0cies als fons europeus <a href=\"https:\/\/next-generation-eu.europa.eu\/index_es\" target=\"_blank\" rel=\"noopener\">NextGenerationEU<\/a>, a trav\u00e9s del <a href=\"https:\/\/planderecuperacion.gob.es\/\" target=\"_blank\" rel=\"noopener\">Pla de Recuperaci\u00f3, Transformaci\u00f3 i Resili\u00e8ncia<\/a> del <a href=\"https:\/\/www.inclusion.gob.es\/ca\/web\/guest\/home\" target=\"_blank\" rel=\"noopener\">Ministerio de Inclusi\u00f3n, Seguridad Social y Migraciones<\/a>.<\/p>\n<p style=\"text-align: left\">M\u00e9s de 25 persones treballen exclusivament en el projecte Referents, i molt\u00edssimes m\u00e9s, des de voluntaris a professionals de l\u2019administraci\u00f3 p\u00fablica, passant per alumnes i professorat, s\u00f3n necess\u00e0ries per a fer-lo possible.<\/p>\n<p>El treball conjunt i transversal de diferents \u00e0rees de coneixement \u00e9s imprescindible per garantir el correcte funcionament d\u2019un projecte d\u2019innovaci\u00f3 social com aquest. Professionals del m\u00f3n de la recerca i del m\u00f3n de la intervenci\u00f3 social treballen de forma coordinada, tenint en compte que cal compatibilitzar els requeriments propis de cada \u00e0rea.<\/p>\n<p style=\"text-align: center\"><strong>Direcci\u00f3 de projecte<\/strong>: Jose Gonz\u00e1lez &#8211; <strong>Direcci\u00f3 de recerca:<\/strong> Caterina Calsamiglia<\/p>\n<p>[\/et_pb_text][\/et_pb_column][\/et_pb_row][et_pb_row _builder_version=&#8221;4.19.4&#8243; _module_preset=&#8221;default&#8221; column_structure=&#8221;1_3,1_3,1_3&#8243; custom_margin=&#8221;50px||50px||false|false&#8221; hover_enabled=&#8221;0&#8243; sticky_enabled=&#8221;0&#8243; width=&#8221;100%&#8221;][et_pb_column _builder_version=&#8221;4.19.4&#8243; _module_preset=&#8221;default&#8221; type=&#8221;1_3&#8243;][et_pb_image src=&#8221;https:\/\/projectes.fundesplai.org\/referents\/wp-content\/uploads\/sites\/86\/2023\/01\/equip_2-e1673882762203.gif&#8221; _builder_version=&#8221;4.19.4&#8243; _module_preset=&#8221;default&#8221; title_text=&#8221;equip_2&#8243; hover_enabled=&#8221;0&#8243; sticky_enabled=&#8221;0&#8243; align=&#8221;center&#8221;][\/et_pb_image][\/et_pb_column][et_pb_column _builder_version=&#8221;4.19.4&#8243; _module_preset=&#8221;default&#8221; type=&#8221;1_3&#8243;][et_pb_image src=&#8221;https:\/\/projectes.fundesplai.org\/referents\/wp-content\/uploads\/sites\/86\/2023\/01\/pedres-e1673882815147.gif&#8221; _builder_version=&#8221;4.19.4&#8243; _module_preset=&#8221;default&#8221; title_text=&#8221;pedres&#8221; hover_enabled=&#8221;0&#8243; sticky_enabled=&#8221;0&#8243; align=&#8221;center&#8221;][\/et_pb_image][\/et_pb_column][et_pb_column _builder_version=&#8221;4.19.4&#8243; _module_preset=&#8221;default&#8221; type=&#8221;1_3&#8243;][et_pb_image src=&#8221;https:\/\/projectes.fundesplai.org\/referents\/wp-content\/uploads\/sites\/86\/2023\/01\/equip_1-e1673882830765.gif&#8221; _builder_version=&#8221;4.19.4&#8243; _module_preset=&#8221;default&#8221; title_text=&#8221;equip_1&#8243; hover_enabled=&#8221;0&#8243; sticky_enabled=&#8221;0&#8243; align=&#8221;center&#8221;][\/et_pb_image][\/et_pb_column][\/et_pb_row][et_pb_row _builder_version=&#8221;4.19.4&#8243; _module_preset=&#8221;default&#8221; custom_margin=&#8221;50px||50px||true|false&#8221; hover_enabled=&#8221;0&#8243; sticky_enabled=&#8221;0&#8243;][et_pb_column _builder_version=&#8221;4.19.4&#8243; _module_preset=&#8221;default&#8221; type=&#8221;4_4&#8243;][et_pb_text _builder_version=&#8221;4.19.4&#8243; _module_preset=&#8221;default&#8221; hover_enabled=&#8221;0&#8243; sticky_enabled=&#8221;0&#8243;]<\/p>\n<p>El projecte Referents ha estat subvencionat amb el nom &#8220;Impuls a les transicions a l\u2019educaci\u00f3 superior en joves en situaci\u00f3 de vulnerabilitat social i econ\u00f2mica\u201d, en la convocat\u00f2ria Real decreto 378\/2022, de 17 de maig, pel que es regula la concesi\u00f3 directa de subvencions del Ministerio de Inclusi\u00f3n, Seguridad Social y Migraciones en l&#8217;\u00e0mbit de la inclusi\u00f3 social, per un import de 102.036.066 euros, en el marco del Plan de Recuperaci\u00f3, Transformaci\u00f3 i Resil\u00e8ncia.<\/p>\n<p>[\/et_pb_text][\/et_pb_column][\/et_pb_row][et_pb_row column_structure=&#8221;1_3,1_3,1_3&#8243; _builder_version=&#8221;4.19.4&#8243; _module_preset=&#8221;default&#8221; global_colors_info=&#8221;{}&#8221;][et_pb_column type=&#8221;1_3&#8243; _builder_version=&#8221;4.19.4&#8243; _module_preset=&#8221;default&#8221; global_colors_info=&#8221;{}&#8221;][et_pb_image src=&#8221;https:\/\/projectes.fundesplai.org\/referents\/wp-content\/uploads\/sites\/86\/2022\/12\/nextUE.jpg&#8221; title_text=&#8221;nextUE&#8221; _builder_version=&#8221;4.19.4&#8243; _module_preset=&#8221;default&#8221; width=&#8221;90%&#8221; custom_margin=&#8221;||20px||false|false&#8221; custom_padding=&#8221;|5px||5px|false|false&#8221; hover_enabled=&#8221;0&#8243; global_colors_info=&#8221;{}&#8221; align=&#8221;center&#8221; sticky_enabled=&#8221;0&#8243;][\/et_pb_image][\/et_pb_column][et_pb_column type=&#8221;1_3&#8243; _builder_version=&#8221;4.19.4&#8243; _module_preset=&#8221;default&#8221; global_colors_info=&#8221;{}&#8221;][et_pb_image src=&#8221;https:\/\/projectes.fundesplai.org\/referents\/wp-content\/uploads\/sites\/86\/2022\/12\/min-inclusion-bn.png&#8221; title_text=&#8221;min-inclusion-bn&#8221; align=&#8221;center&#8221; _builder_version=&#8221;4.19.4&#8243; _module_preset=&#8221;default&#8221; width=&#8221;80%&#8221; custom_margin=&#8221;||20px||false|false&#8221; custom_padding=&#8221;|10px||10px|false|false&#8221; hover_enabled=&#8221;0&#8243; global_colors_info=&#8221;{}&#8221; sticky_enabled=&#8221;0&#8243;][\/et_pb_image][\/et_pb_column][et_pb_column type=&#8221;1_3&#8243; _builder_version=&#8221;4.19.4&#8243; _module_preset=&#8221;default&#8221; global_colors_info=&#8221;{}&#8221;][et_pb_image src=&#8221;https:\/\/projectes.fundesplai.org\/referents\/wp-content\/uploads\/sites\/86\/2022\/12\/pla-recup-logo.png&#8221; title_text=&#8221;pla-recup-logo&#8221; align=&#8221;center&#8221; _builder_version=&#8221;4.19.4&#8243; _module_preset=&#8221;default&#8221; width=&#8221;80%&#8221; custom_padding=&#8221;|10px||10px|false|false&#8221; hover_enabled=&#8221;0&#8243; global_colors_info=&#8221;{}&#8221; sticky_enabled=&#8221;0&#8243;][\/et_pb_image][\/et_pb_column][\/et_pb_row][et_pb_row _builder_version=&#8221;4.19.4&#8243; _module_preset=&#8221;default&#8221; global_colors_info=&#8221;{}&#8221;][et_pb_column type=&#8221;4_4&#8243; _builder_version=&#8221;4.19.4&#8243; _module_preset=&#8221;default&#8221; global_colors_info=&#8221;{}&#8221;][et_pb_text _builder_version=&#8221;4.19.4&#8243; _module_preset=&#8221;default&#8221; global_colors_info=&#8221;{}&#8221;]<\/p>\n<p>El projecte tamb\u00e9 compta amb la participaci\u00f3 de <a href=\"https:\/\/www.icrea.cat\/ca\" target=\"_blank\" rel=\"noopener\">ICREA<\/a> (Instituci\u00f3 Catalana de Recerca i Estudis Avan\u00e7ats) i <a href=\"http:\/\/barcelona-ipeg.eu\/\" target=\"_blank\" rel=\"noopener\">Barcelona iPEG<\/a> (Institute of Political Economy and Governance), i la\u00a0col\u00b7laboraci\u00f3 del <a href=\"https:\/\/educacio.gencat.cat\/ca\/inici\/\" target=\"_blank\" rel=\"noopener\">Departament d&#8217;Educaci\u00f3<\/a> de la Generalitat de Catalunya i del <a href=\"https:\/\/www.universidades.gob.es\/\" target=\"_blank\" rel=\"noopener\">Ministerio de Universidades<\/a>.<\/p>\n<p>[\/et_pb_text][et_pb_divider show_divider=&#8221;off&#8221; _builder_version=&#8221;4.19.4&#8243; _module_preset=&#8221;default&#8221; custom_margin=&#8221;||30px||false|false&#8221; global_colors_info=&#8221;{}&#8221;][\/et_pb_divider][\/et_pb_column][\/et_pb_row][et_pb_row column_structure=&#8221;1_4,1_4,1_4,1_4&#8243; _builder_version=&#8221;4.19.4&#8243; _module_preset=&#8221;default&#8221; global_colors_info=&#8221;{}&#8221;][et_pb_column type=&#8221;1_4&#8243; _builder_version=&#8221;4.19.4&#8243; _module_preset=&#8221;default&#8221; global_colors_info=&#8221;{}&#8221;][et_pb_image src=&#8221;https:\/\/projectes.fundesplai.org\/referents\/wp-content\/uploads\/sites\/86\/2022\/12\/icrea.png&#8221; title_text=&#8221;icrea&#8221; _builder_version=&#8221;4.19.4&#8243; _module_preset=&#8221;default&#8221; custom_margin=&#8221;||20px||false|false&#8221; hover_enabled=&#8221;0&#8243; global_colors_info=&#8221;{}&#8221; align=&#8221;center&#8221; sticky_enabled=&#8221;0&#8243;][\/et_pb_image][\/et_pb_column][et_pb_column type=&#8221;1_4&#8243; _builder_version=&#8221;4.19.4&#8243; _module_preset=&#8221;default&#8221; global_colors_info=&#8221;{}&#8221;][et_pb_image src=&#8221;https:\/\/projectes.fundesplai.org\/referents\/wp-content\/uploads\/sites\/86\/2022\/12\/bcn-ipeg.png&#8221; title_text=&#8221;bcn-ipeg&#8221; _builder_version=&#8221;4.19.4&#8243; _module_preset=&#8221;default&#8221; custom_margin=&#8221;||20px||false|false&#8221; hover_enabled=&#8221;0&#8243; global_colors_info=&#8221;{}&#8221; align=&#8221;center&#8221; sticky_enabled=&#8221;0&#8243;][\/et_pb_image][\/et_pb_column][et_pb_column type=&#8221;1_4&#8243; _builder_version=&#8221;4.19.4&#8243; _module_preset=&#8221;default&#8221; global_colors_info=&#8221;{}&#8221;][et_pb_image src=&#8221;https:\/\/projectes.fundesplai.org\/referents\/wp-content\/uploads\/sites\/86\/2023\/01\/educacio-gene.png&#8221; title_text=&#8221;educacio gene&#8221; _builder_version=&#8221;4.19.4&#8243; _module_preset=&#8221;default&#8221; width=&#8221;90%&#8221; custom_margin=&#8221;||20px||false|false&#8221; hover_enabled=&#8221;0&#8243; global_colors_info=&#8221;{}&#8221; align=&#8221;center&#8221; sticky_enabled=&#8221;0&#8243;][\/et_pb_image][\/et_pb_column][et_pb_column type=&#8221;1_4&#8243; _builder_version=&#8221;4.19.4&#8243; _module_preset=&#8221;default&#8221; global_colors_info=&#8221;{}&#8221;][et_pb_image src=&#8221;https:\/\/projectes.fundesplai.org\/referents\/wp-content\/uploads\/sites\/86\/2023\/01\/universidades-ministerio.png&#8221; title_text=&#8221;universidades ministerio&#8221; _builder_version=&#8221;4.19.4&#8243; _module_preset=&#8221;default&#8221; width=&#8221;91%&#8221; hover_enabled=&#8221;0&#8243; global_colors_info=&#8221;{}&#8221; align=&#8221;center&#8221; sticky_enabled=&#8221;0&#8243;][\/et_pb_image][\/et_pb_column][\/et_pb_row][et_pb_row _builder_version=&#8221;4.19.4&#8243; _module_preset=&#8221;default&#8221; global_colors_info=&#8221;{}&#8221;][et_pb_column type=&#8221;4_4&#8243; _builder_version=&#8221;4.19.4&#8243; _module_preset=&#8221;default&#8221; global_colors_info=&#8221;{}&#8221;][et_pb_divider show_divider=&#8221;off&#8221; _builder_version=&#8221;4.19.4&#8243; _module_preset=&#8221;default&#8221; custom_margin=&#8221;50px||||false|false&#8221; global_colors_info=&#8221;{}&#8221;][\/et_pb_divider][\/et_pb_column][\/et_pb_row][\/et_pb_section]<\/p>\n","protected":false},"excerpt":{"rendered":"<p>Qui som El projecte Referents est\u00e0 liderat per Fundesplai gr\u00e0cies als fons europeus NextGenerationEU, a trav\u00e9s del Pla de Recuperaci\u00f3, Transformaci\u00f3 i Resili\u00e8ncia del Ministerio de Inclusi\u00f3n, Seguridad Social y Migraciones. M\u00e9s de 25 persones treballen exclusivament en el projecte Referents, i molt\u00edssimes m\u00e9s, des de voluntaris a professionals de l\u2019administraci\u00f3 p\u00fablica, passant per alumnes [&hellip;]<\/p>\n","protected":false},"author":313,"featured_media":0,"parent":0,"menu_order":0,"comment_status":"closed","ping_status":"closed","template":"","meta":{"_et_pb_use_builder":"on","_et_pb_old_content":"","_et_gb_content_width":"","footnotes":""},"class_list":["post-183","page","type-page","status-publish","hentry"],"_links":{"self":[{"href":"https:\/\/projectes.fundesplai.org\/referents\/wp-json\/wp\/v2\/pages\/183","targetHints":{"allow":["GET"]}}],"collection":[{"href":"https:\/\/projectes.fundesplai.org\/referents\/wp-json\/wp\/v2\/pages"}],"about":[{"href":"https:\/\/projectes.fundesplai.org\/referents\/wp-json\/wp\/v2\/types\/page"}],"author":[{"embeddable":true,"href":"https:\/\/projectes.fundesplai.org\/referents\/wp-json\/wp\/v2\/users\/313"}],"replies":[{"embeddable":true,"href":"https:\/\/projectes.fundesplai.org\/referents\/wp-json\/wp\/v2\/comments?post=183"}],"version-history":[{"count":39,"href":"https:\/\/projectes.fundesplai.org\/referents\/wp-json\/wp\/v2\/pages\/183\/revisions"}],"predecessor-version":[{"id":308,"href":"https:\/\/projectes.fundesplai.org\/referents\/wp-json\/wp\/v2\/pages\/183\/revisions\/308"}],"wp:attachment":[{"href":"https:\/\/projectes.fundesplai.org\/referents\/wp-json\/wp\/v2\/media?parent=183"}],"curies":[{"name":"wp","href":"https:\/\/api.w.org\/{rel}","templated":true}]}}